{"id":903,"date":"2022-06-17T11:38:51","date_gmt":"2022-06-17T09:38:51","guid":{"rendered":"https:\/\/gostas.se\/?page_id=903"},"modified":"2024-08-16T13:54:06","modified_gmt":"2024-08-16T11:54:06","slug":"hyra-truckar","status":"publish","type":"page","link":"https:\/\/gostas.se\/en\/hyra-truckar\/","title":{"rendered":"Renting forklift"},"content":{"rendered":"<div data-elementor-type=\"wp-page\" data-elementor-id=\"903\" class=\"elementor elementor-903\" data-elementor-post-type=\"page\">\n\t\t\t\t\t\t<section class=\"elementor-section elementor-top-section elementor-element elementor-element-3c9cb451 elementor-section-content-middle elementor-section-height-min-height elementor-hidden-mobile elementor-section-boxed elementor-section-height-default elementor-section-items-middle\" data-id=\"3c9cb451\" data-element_type=\"section\" data-e-type=\"section\" data-settings=\"{&quot;background_background&quot;:&quot;gradient&quot;}\">\n\t\t\t\t\t\t\t<div class=\"elementor-background-overlay\"><\/div>\n\t\t\t\t\t\t\t<div class=\"elementor-container elementor-column-gap-no\">\n\t\t\t\t\t<div class=\"elementor-column elementor-col-100 elementor-top-column elementor-element elementor-element-6128dbff\" data-id=\"6128dbff\" data-element_type=\"column\" data-e-type=\"column\">\n\t\t\t<div class=\"elementor-widget-wrap elementor-element-populated\">\n\t\t\t\t\t\t<div class=\"elementor-element elementor-element-24b36fa5 elementor-widget elementor-widget-heading\" data-id=\"24b36fa5\" data-element_type=\"widget\" data-e-type=\"widget\" data-widget_type=\"heading.default\">\n\t\t\t\t<div class=\"elementor-widget-container\">\n\t\t\t\t\t<h1 class=\"elementor-heading-title elementor-size-default\">Renting forklift<\/h1>\t\t\t\t<\/div>\n\t\t\t\t<\/div>\n\t\t\t\t\t<\/div>\n\t\t<\/div>\n\t\t\t\t\t<\/div>\n\t\t<\/section>\n\t\t\t\t<section class=\"elementor-section elementor-top-section elementor-element elementor-element-51f2110 elementor-section-boxed elementor-section-height-default elementor-section-height-default\" data-id=\"51f2110\" data-element_type=\"section\" data-e-type=\"section\">\n\t\t\t\t\t\t<div class=\"elementor-container elementor-column-gap-default\">\n\t\t\t\t\t<div class=\"elementor-column elementor-col-100 elementor-top-column elementor-element elementor-element-7dcd377a\" data-id=\"7dcd377a\" data-element_type=\"column\" data-e-type=\"column\">\n\t\t\t<div class=\"elementor-widget-wrap elementor-element-populated\">\n\t\t\t\t\t\t<section class=\"elementor-section elementor-inner-section elementor-element elementor-element-449b5525 elementor-section-boxed elementor-section-height-default elementor-section-height-default\" data-id=\"449b5525\" data-element_type=\"section\" data-e-type=\"section\">\n\t\t\t\t\t\t<div class=\"elementor-container elementor-column-gap-default\">\n\t\t\t\t\t<div class=\"elementor-column elementor-col-50 elementor-inner-column elementor-element elementor-element-6bfe4ee7\" data-id=\"6bfe4ee7\" data-element_type=\"column\" data-e-type=\"column\">\n\t\t\t<div class=\"elementor-widget-wrap elementor-element-populated\">\n\t\t\t\t\t\t<div class=\"elementor-element elementor-element-2121808c elementor-widget elementor-widget-text-editor\" data-id=\"2121808c\" data-element_type=\"widget\" data-e-type=\"widget\" data-widget_type=\"text-editor.default\">\n\t\t\t\t<div class=\"elementor-widget-container\">\n\t\t\t\t\t\t\t\t\t<h2>Rental of trucks instead of buying<\/h2><p>G\u00f6sta Truckuthyrning ltd offers flexible solutions for those who want to buy or to rent a truck. Our fleet includes approximately 100 of the machines in our range, you can rent or purchase the following trucks:<\/p><div class=\"flex_column\"><div><div><ul><li>In the Diesel and electric forklift trucks<\/li><li>Wheel loaders<\/li><li>Skjutstativtruckar<\/li><li>Plocktruckar<\/li><li>Pallet jack<\/li><li>Low lifter forklift<\/li><li>Ledstaplare<\/li><li>Telescopic handlers<\/li><li>Terminaltruckar<\/li><\/ul><h3>OUR POLICY<\/h3><p>We are always working on the basis of tailor-made solutions, in order to ensure that the process of buying or renting a forklift from us is fast and easy. We&#039;ll walk you through the entire process, from the scheduling of the trucks, you will need to supply, installation and maintenance.<\/p><p>With our many years of experience in the truckbranschen, we have the expertise to carry out large and small shipments for all kinds of businesses and industries.<\/p><\/div><\/div><\/div>\t\t\t\t\t\t\t\t<\/div>\n\t\t\t\t<\/div>\n\t\t\t\t\t<\/div>\n\t\t<\/div>\n\t\t\t\t<div class=\"elementor-column elementor-col-50 elementor-inner-column elementor-element elementor-element-7183591a\" data-id=\"7183591a\" data-element_type=\"column\" data-e-type=\"column\">\n\t\t\t<div class=\"elementor-widget-wrap elementor-element-populated\">\n\t\t\t\t\t\t<div class=\"elementor-element elementor-element-581b327f elementor-widget elementor-widget-text-editor\" data-id=\"581b327f\" data-element_type=\"widget\" data-e-type=\"widget\" data-widget_type=\"text-editor.default\">\n\t\t\t\t<div class=\"elementor-widget-container\">\n\t\t\t\t\t\t\t\t\t<h3>RENT A TRUCK WITH OR WITHOUT A DRIVER<\/h3><p>In G\u00f6sta&#039;s activity, we, for the moment, about 15 of skilled machine operators, all of which are educated in electrical and dieseltruckar, telecommunications, and rotomaskiner with lift heights of from 1 to 30 meters.<\/p><p>Renting a forklift truck with driver is a smart and flexible solution that you can rent from a few hours to several years, depending on your needs and requirements. We can, at short notice, to be at the location of both the truck and the driver is to solve the problem.<\/p><h3>TO RENT OR TO BUY?<\/h3><p>When it comes down to the decision of whether to rent or buy, there are three factors that are important to keep in mind:<\/p><ul><li><strong>Price:<\/strong>\u00a0How much investment is required to do within the project? Purchasing often involves a major investment, and at the same time, it can be more expensive to rent, depending on how long the project is expected to be in. However, if the equipment is not used in full, during the period of the lease, there may be a waste of money.<\/li><li><strong>Maintenance &amp; operation<\/strong>\u00a0The maintenance of a rented or purchased a truck is different, often to the applicable insurance policies, licences, maintenance, and the like. For example, you do not usually have to pay for the maintenance, then you are renting, but in some cases you will need to pay for the transportation of vehicles to and from the place of work.<\/li><li><strong>Time scope:<\/strong>\u00a0How long is your project? This is often a determining factor in whether it is better to lease or buy a truck. For a short term project, it is recommended to rent, and in long-term research project to purchase.<\/li><\/ul>\t\t\t\t\t\t\t\t<\/div>\n\t\t\t\t<\/div>\n\t\t\t\t\t<\/div>\n\t\t<\/div>\n\t\t\t\t\t<\/div>\n\t\t<\/section>\n\t\t\t\t\t<\/div>\n\t\t<\/div>\n\t\t\t\t\t<\/div>\n\t\t<\/section>\n\t\t\t\t<section class=\"elementor-section elementor-top-section elementor-element elementor-element-2883ee5 elementor-section-boxed elementor-section-height-default elementor-section-height-default\" data-id=\"2883ee5\" data-element_type=\"section\" data-e-type=\"section\">\n\t\t\t\t\t\t<div class=\"elementor-container elementor-column-gap-default\">\n\t\t\t\t\t<div class=\"elementor-column elementor-col-100 elementor-top-column elementor-element elementor-element-0ae5325\" data-id=\"0ae5325\" data-element_type=\"column\" data-e-type=\"column\" data-settings=\"{&quot;background_background&quot;:&quot;classic&quot;}\">\n\t\t\t<div class=\"elementor-widget-wrap elementor-element-populated\">\n\t\t\t\t\t<div class=\"elementor-background-overlay\"><\/div>\n\t\t\t\t\t\t<div class=\"elementor-element elementor-element-c44a9e8 elementor-widget elementor-widget-heading\" data-id=\"c44a9e8\" data-element_type=\"widget\" data-e-type=\"widget\" data-widget_type=\"heading.default\">\n\t\t\t\t<div class=\"elementor-widget-container\">\n\t\t\t\t\t<h2 class=\"elementor-heading-title elementor-size-default\">V\u00e4lkommen, <br> att kontakta oss p\u00e5 G\u00f6stas Truckuthyrning AB s\u00e5 hj\u00e4lper vi dig ta fram den b\u00e4sta l\u00f6sningen dig!<\/h2>\t\t\t\t<\/div>\n\t\t\t\t<\/div>\n\t\t\t\t<div class=\"elementor-element elementor-element-3184c6e5 elementor-mobile-align-justify elementor-align-center elementor-widget elementor-widget-button\" data-id=\"3184c6e5\" data-element_type=\"widget\" data-e-type=\"widget\" data-widget_type=\"button.default\">\n\t\t\t\t<div class=\"elementor-widget-container\">\n\t\t\t\t\t\t\t\t\t<div class=\"elementor-button-wrapper\">\n\t\t\t\t\t<a class=\"elementor-button elementor-button-link elementor-size-sm\" href=\"\/en\/kontakt\/\">\n\t\t\t\t\t\t<span class=\"elementor-button-content-wrapper\">\n\t\t\t\t\t\t\t\t\t<span class=\"elementor-button-text\">Contact us<\/span>\n\t\t\t\t\t<\/span>\n\t\t\t\t\t<\/a>\n\t\t\t\t<\/div>\n\t\t\t\t\t\t\t\t<\/div>\n\t\t\t\t<\/div>\n\t\t\t\t\t<\/div>\n\t\t<\/div>\n\t\t\t\t\t<\/div>\n\t\t<\/section>\n\t\t\t\t<\/div>","protected":false},"excerpt":{"rendered":"<p>Hyra truckar Hyra truckar ist\u00e4llet f\u00f6r att k\u00f6pa G\u00f6stas Truckuthyrning AB erbjuder flexibla helhetsl\u00f6sningar f\u00f6r dig som vill k\u00f6pa eller hyra truck. V\u00e5r maskinpark inneh\u00e5ller ca 100 maskiner och i v\u00e5rt utbud kan du hyra eller k\u00f6pa f\u00f6ljande truckar: Diesel- och el gaffeltruckar Hjullastare Skjutstativtruckar Plocktruckar Pallyftare Ledtruckar Ledstaplare Teleskoptruckar Terminaltruckar V\u00c5RT KONCEPT Vi jobbar [&hellip;]<\/p>\n","protected":false},"author":5,"featured_media":0,"parent":0,"menu_order":0,"comment_status":"closed","ping_status":"closed","template":"","meta":{"site-sidebar-layout":"no-sidebar","site-content-layout":"page-builder","ast-site-content-layout":"default","site-content-style":"default","site-sidebar-style":"default","ast-global-header-display":"","ast-banner-title-visibility":"","ast-main-header-display":"","ast-hfb-above-header-display":"","ast-hfb-below-header-display":"","ast-hfb-mobile-header-display":"","site-post-title":"disabled","ast-breadcrumbs-content":"","ast-featured-img":"disabled","footer-sml-layout":"","ast-disable-related-posts":"","theme-transparent-header-meta":"","adv-header-id-meta":"","stick-header-meta":"","header-above-stick-meta":"","header-main-stick-meta":"","header-below-stick-meta":"","astra-migrate-meta-layouts":"default","ast-page-background-enabled":"default","ast-page-background-meta":{"desktop":{"background-color":"","background-image":"","background-repeat":"repeat","background-position":"center center","background-size":"auto","background-attachment":"scroll","background-type":"","background-media":"","overlay-type":"","overlay-color":"","overlay-opacity":"","overlay-gradient":""},"tablet":{"background-color":"","background-image":"","background-repeat":"repeat","background-position":"center center","background-size":"auto","background-attachment":"scroll","background-type":"","background-media":"","overlay-type":"","overlay-color":"","overlay-opacity":"","overlay-gradient":""},"mobile":{"background-color":"","background-image":"","background-repeat":"repeat","background-position":"center center","background-size":"auto","background-attachment":"scroll","background-type":"","background-media":"","overlay-type":"","overlay-color":"","overlay-opacity":"","overlay-gradient":""}},"ast-content-background-meta":{"desktop":{"background-color":"var(--ast-global-color-5)","background-image":"","background-repeat":"repeat","background-position":"center center","background-size":"auto","background-attachment":"scroll","background-type":"","background-media":"","overlay-type":"","overlay-color":"","overlay-opacity":"","overlay-gradient":""},"tablet":{"background-color":"var(--ast-global-color-5)","background-image":"","background-repeat":"repeat","background-position":"center center","background-size":"auto","background-attachment":"scroll","background-type":"","background-media":"","overlay-type":"","overlay-color":"","overlay-opacity":"","overlay-gradient":""},"mobile":{"background-color":"var(--ast-global-color-5)","background-image":"","background-repeat":"repeat","background-position":"center center","background-size":"auto","background-attachment":"scroll","background-type":"","background-media":"","overlay-type":"","overlay-color":"","overlay-opacity":"","overlay-gradient":""}},"footnotes":""},"class_list":["post-903","page","type-page","status-publish","hentry"],"_links":{"self":[{"href":"https:\/\/gostas.se\/en\/wp-json\/wp\/v2\/pages\/903","targetHints":{"allow":["GET"]}}],"collection":[{"href":"https:\/\/gostas.se\/en\/wp-json\/wp\/v2\/pages"}],"about":[{"href":"https:\/\/gostas.se\/en\/wp-json\/wp\/v2\/types\/page"}],"author":[{"embeddable":true,"href":"https:\/\/gostas.se\/en\/wp-json\/wp\/v2\/users\/5"}],"replies":[{"embeddable":true,"href":"https:\/\/gostas.se\/en\/wp-json\/wp\/v2\/comments?post=903"}],"version-history":[{"count":31,"href":"https:\/\/gostas.se\/en\/wp-json\/wp\/v2\/pages\/903\/revisions"}],"predecessor-version":[{"id":2047,"href":"https:\/\/gostas.se\/en\/wp-json\/wp\/v2\/pages\/903\/revisions\/2047"}],"wp:attachment":[{"href":"https:\/\/gostas.se\/en\/wp-json\/wp\/v2\/media?parent=903"}],"curies":[{"name":"wp","href":"https:\/\/api.w.org\/{rel}","templated":true}]}}