{"id":736,"date":"2022-06-16T16:01:47","date_gmt":"2022-06-16T14:01:47","guid":{"rendered":"https:\/\/gostas.se\/?page_id=736"},"modified":"2024-08-16T14:01:30","modified_gmt":"2024-08-16T12:01:30","slug":"typ-av-jobb","status":"publish","type":"page","link":"https:\/\/gostas.se\/en\/typ-av-jobb\/","title":{"rendered":"Type of job"},"content":{"rendered":"\t\t<div data-elementor-type=\"wp-page\" data-elementor-id=\"736\" class=\"elementor elementor-736\" data-elementor-post-type=\"page\">\n\t\t\t\t\t\t<section class=\"elementor-section elementor-top-section elementor-element elementor-element-4470ce1f elementor-section-content-middle elementor-section-height-min-height elementor-hidden-mobile elementor-section-boxed elementor-section-height-default elementor-section-items-middle\" data-id=\"4470ce1f\" data-element_type=\"section\" data-e-type=\"section\" data-settings=\"{&quot;background_background&quot;:&quot;gradient&quot;}\">\n\t\t\t\t\t\t\t<div class=\"elementor-background-overlay\"><\/div>\n\t\t\t\t\t\t\t<div class=\"elementor-container elementor-column-gap-no\">\n\t\t\t\t\t<div class=\"elementor-column elementor-col-100 elementor-top-column elementor-element elementor-element-79446b89\" data-id=\"79446b89\" data-element_type=\"column\" data-e-type=\"column\">\n\t\t\t<div class=\"elementor-widget-wrap elementor-element-populated\">\n\t\t\t\t\t\t<div class=\"elementor-element elementor-element-4a8ed59e elementor-widget elementor-widget-heading\" data-id=\"4a8ed59e\" data-element_type=\"widget\" data-e-type=\"widget\" data-widget_type=\"heading.default\">\n\t\t\t\t<div class=\"elementor-widget-container\">\n\t\t\t\t\t<h1 class=\"elementor-heading-title elementor-size-default\">Typ av jobb<\/h1>\t\t\t\t<\/div>\n\t\t\t\t<\/div>\n\t\t\t\t\t<\/div>\n\t\t<\/div>\n\t\t\t\t\t<\/div>\n\t\t<\/section>\n\t\t\t\t<section class=\"elementor-section elementor-top-section elementor-element elementor-element-b71902f elementor-section-boxed elementor-section-height-default elementor-section-height-default\" data-id=\"b71902f\" data-element_type=\"section\" data-e-type=\"section\">\n\t\t\t\t\t\t<div class=\"elementor-container elementor-column-gap-default\">\n\t\t\t\t\t<div class=\"elementor-column elementor-col-100 elementor-top-column elementor-element elementor-element-730537c\" data-id=\"730537c\" data-element_type=\"column\" data-e-type=\"column\">\n\t\t\t<div class=\"elementor-widget-wrap elementor-element-populated\">\n\t\t\t\t\t\t<div class=\"elementor-element elementor-element-ea14a66 elementor-hidden-desktop elementor-hidden-tablet elementor-widget elementor-widget-heading\" data-id=\"ea14a66\" data-element_type=\"widget\" data-e-type=\"widget\" data-widget_type=\"heading.default\">\n\t\t\t\t<div class=\"elementor-widget-container\">\n\t\t\t\t\t<h1 class=\"elementor-heading-title elementor-size-default\">Typ av jobb<\/h1>\t\t\t\t<\/div>\n\t\t\t\t<\/div>\n\t\t\t\t\t<\/div>\n\t\t<\/div>\n\t\t\t\t\t<\/div>\n\t\t<\/section>\n\t\t\t\t<section class=\"elementor-section elementor-top-section elementor-element elementor-element-59e6a92 elementor-section-boxed elementor-section-height-default elementor-section-height-default\" data-id=\"59e6a92\" data-element_type=\"section\" data-e-type=\"section\">\n\t\t\t\t\t\t<div class=\"elementor-container elementor-column-gap-default\">\n\t\t\t\t\t<div class=\"elementor-column elementor-col-66 elementor-top-column elementor-element elementor-element-f2f3351\" data-id=\"f2f3351\" data-element_type=\"column\" data-e-type=\"column\">\n\t\t\t<div class=\"elementor-widget-wrap elementor-element-populated\">\n\t\t\t\t\t\t<div class=\"elementor-element elementor-element-d69564b elementor-widget elementor-widget-image\" data-id=\"d69564b\" data-element_type=\"widget\" data-e-type=\"widget\" data-widget_type=\"image.default\">\n\t\t\t\t<div class=\"elementor-widget-container\">\n\t\t\t\t\t\t\t\t\t\t\t\t<figure class=\"wp-caption\">\n\t\t\t\t\t\t\t\t\t\t<img fetchpriority=\"high\" decoding=\"async\" width=\"1024\" height=\"576\" src=\"https:\/\/gostas.se\/wp-content\/uploads\/2022\/09\/IMG_3766-1024x576.jpg\" class=\"attachment-large size-large wp-image-1494\" alt=\"En teleskopslastare med m\u00e4rket g\u00f6stas p\u00e5\" srcset=\"https:\/\/gostas.se\/wp-content\/uploads\/2022\/09\/IMG_3766-1024x576.jpg 1024w, https:\/\/gostas.se\/wp-content\/uploads\/2022\/09\/IMG_3766-300x169.jpg 300w, https:\/\/gostas.se\/wp-content\/uploads\/2022\/09\/IMG_3766-768x432.jpg 768w, https:\/\/gostas.se\/wp-content\/uploads\/2022\/09\/IMG_3766-1536x864.jpg 1536w, https:\/\/gostas.se\/wp-content\/uploads\/2022\/09\/IMG_3766-2048x1152.jpg 2048w, https:\/\/gostas.se\/wp-content\/uploads\/2022\/09\/IMG_3766-18x10.jpg 18w\" sizes=\"(max-width: 1024px) 100vw, 1024px\" \/>\t\t\t\t\t\t\t\t\t\t\t<figcaption class=\"widget-image-caption wp-caption-text\">Upplyft av material till balkong, Rotomaskin 30 meter<\/figcaption>\n\t\t\t\t\t\t\t\t\t\t<\/figure>\n\t\t\t\t\t\t\t\t\t<\/div>\n\t\t\t\t<\/div>\n\t\t\t\t<div class=\"elementor-element elementor-element-5bf6da1 elementor-widget elementor-widget-image\" data-id=\"5bf6da1\" data-element_type=\"widget\" data-e-type=\"widget\" data-widget_type=\"image.default\">\n\t\t\t\t<div class=\"elementor-widget-container\">\n\t\t\t\t\t\t\t\t\t\t\t\t<figure class=\"wp-caption\">\n\t\t\t\t\t\t\t\t\t\t<img decoding=\"async\" width=\"800\" height=\"450\" src=\"https:\/\/gostas.se\/wp-content\/uploads\/2023\/05\/image005.png\" class=\"attachment-large size-large wp-image-1892\" alt=\"ett kollage av bilder p\u00e5 en teleskopslastare\" srcset=\"https:\/\/gostas.se\/wp-content\/uploads\/2023\/05\/image005.png 800w, https:\/\/gostas.se\/wp-content\/uploads\/2023\/05\/image005-300x169.png 300w, https:\/\/gostas.se\/wp-content\/uploads\/2023\/05\/image005-768x432.png 768w, https:\/\/gostas.se\/wp-content\/uploads\/2023\/05\/image005-18x10.png 18w\" sizes=\"(max-width: 800px) 100vw, 800px\" \/>\t\t\t\t\t\t\t\t\t\t\t<figcaption class=\"widget-image-caption wp-caption-text\">Winsch, Personkorg, Materialkorg, Rotomaskin 21-30 meter<\/figcaption>\n\t\t\t\t\t\t\t\t\t\t<\/figure>\n\t\t\t\t\t\t\t\t\t<\/div>\n\t\t\t\t<\/div>\n\t\t\t\t<div class=\"elementor-element elementor-element-5e2af16 elementor-widget elementor-widget-image\" data-id=\"5e2af16\" data-element_type=\"widget\" data-e-type=\"widget\" data-widget_type=\"image.default\">\n\t\t\t\t<div class=\"elementor-widget-container\">\n\t\t\t\t\t\t\t\t\t\t\t\t<figure class=\"wp-caption\">\n\t\t\t\t\t\t\t\t\t\t<img decoding=\"async\" width=\"768\" height=\"1024\" src=\"https:\/\/gostas.se\/wp-content\/uploads\/2022\/09\/IMG_2788-768x1024.jpeg\" class=\"attachment-large size-large wp-image-1493\" alt=\"teleskopslastare som lyfter in en l\u00e5da in i ett hus\" srcset=\"https:\/\/gostas.se\/wp-content\/uploads\/2022\/09\/IMG_2788-768x1024.jpeg 768w, https:\/\/gostas.se\/wp-content\/uploads\/2022\/09\/IMG_2788-225x300.jpeg 225w, https:\/\/gostas.se\/wp-content\/uploads\/2022\/09\/IMG_2788-1152x1536.jpeg 1152w, https:\/\/gostas.se\/wp-content\/uploads\/2022\/09\/IMG_2788-9x12.jpeg 9w, https:\/\/gostas.se\/wp-content\/uploads\/2022\/09\/IMG_2788.jpeg 1536w\" sizes=\"(max-width: 768px) 100vw, 768px\" \/>\t\t\t\t\t\t\t\t\t\t\t<figcaption class=\"widget-image-caption wp-caption-text\">Inlyft av gips med specialok, Rotomaskin 24 meter<\/figcaption>\n\t\t\t\t\t\t\t\t\t\t<\/figure>\n\t\t\t\t\t\t\t\t\t<\/div>\n\t\t\t\t<\/div>\n\t\t\t\t<div class=\"elementor-element elementor-element-b13efad elementor-widget elementor-widget-image\" data-id=\"b13efad\" data-element_type=\"widget\" data-e-type=\"widget\" data-widget_type=\"image.default\">\n\t\t\t\t<div class=\"elementor-widget-container\">\n\t\t\t\t\t\t\t\t\t\t\t\t<figure class=\"wp-caption\">\n\t\t\t\t\t\t\t\t\t\t<img loading=\"lazy\" decoding=\"async\" width=\"1024\" height=\"768\" src=\"https:\/\/gostas.se\/wp-content\/uploads\/2022\/09\/IMG_3157-1024x768.jpeg\" class=\"attachment-large size-large wp-image-1492\" alt=\"teleskopslastare som lyfter en gummi-skiva\" srcset=\"https:\/\/gostas.se\/wp-content\/uploads\/2022\/09\/IMG_3157-1024x768.jpeg 1024w, https:\/\/gostas.se\/wp-content\/uploads\/2022\/09\/IMG_3157-300x225.jpeg 300w, https:\/\/gostas.se\/wp-content\/uploads\/2022\/09\/IMG_3157-768x576.jpeg 768w, https:\/\/gostas.se\/wp-content\/uploads\/2022\/09\/IMG_3157-1536x1152.jpeg 1536w, https:\/\/gostas.se\/wp-content\/uploads\/2022\/09\/IMG_3157-16x12.jpeg 16w, https:\/\/gostas.se\/wp-content\/uploads\/2022\/09\/IMG_3157.jpeg 2048w\" sizes=\"(max-width: 1024px) 100vw, 1024px\" \/>\t\t\t\t\t\t\t\t\t\t\t<figcaption class=\"widget-image-caption wp-caption-text\">Placering av spr\u00e4ngmattor, Rotomaskin 21 meter<\/figcaption>\n\t\t\t\t\t\t\t\t\t\t<\/figure>\n\t\t\t\t\t\t\t\t\t<\/div>\n\t\t\t\t<\/div>\n\t\t\t\t<div class=\"elementor-element elementor-element-fbdc6f4 elementor-widget elementor-widget-image\" data-id=\"fbdc6f4\" data-element_type=\"widget\" data-e-type=\"widget\" data-widget_type=\"image.default\">\n\t\t\t\t<div class=\"elementor-widget-container\">\n\t\t\t\t\t\t\t\t\t\t\t\t<figure class=\"wp-caption\">\n\t\t\t\t\t\t\t\t\t\t<img loading=\"lazy\" decoding=\"async\" width=\"1024\" height=\"1024\" src=\"https:\/\/gostas.se\/wp-content\/uploads\/2022\/09\/Rotomaskin-Kranarm-1024x1024.jpg\" class=\"attachment-large size-large wp-image-1495\" alt=\"\" srcset=\"https:\/\/gostas.se\/wp-content\/uploads\/2022\/09\/Rotomaskin-Kranarm-1024x1024.jpg 1024w, https:\/\/gostas.se\/wp-content\/uploads\/2022\/09\/Rotomaskin-Kranarm-300x300.jpg 300w, https:\/\/gostas.se\/wp-content\/uploads\/2022\/09\/Rotomaskin-Kranarm-150x150.jpg 150w, https:\/\/gostas.se\/wp-content\/uploads\/2022\/09\/Rotomaskin-Kranarm-768x768.jpg 768w, https:\/\/gostas.se\/wp-content\/uploads\/2022\/09\/Rotomaskin-Kranarm-12x12.jpg 12w, https:\/\/gostas.se\/wp-content\/uploads\/2022\/09\/Rotomaskin-Kranarm.jpg 1080w\" sizes=\"(max-width: 1024px) 100vw, 1024px\" \/>\t\t\t\t\t\t\t\t\t\t\t<figcaption class=\"widget-image-caption wp-caption-text\">Upplyft av material, Rotomaskin 30 meter<\/figcaption>\n\t\t\t\t\t\t\t\t\t\t<\/figure>\n\t\t\t\t\t\t\t\t\t<\/div>\n\t\t\t\t<\/div>\n\t\t\t\t<div class=\"elementor-element elementor-element-313bd65 elementor-widget elementor-widget-image\" data-id=\"313bd65\" data-element_type=\"widget\" data-e-type=\"widget\" data-widget_type=\"image.default\">\n\t\t\t\t<div class=\"elementor-widget-container\">\n\t\t\t\t\t\t\t\t\t\t\t\t<figure class=\"wp-caption\">\n\t\t\t\t\t\t\t\t\t\t<img loading=\"lazy\" decoding=\"async\" width=\"1024\" height=\"768\" src=\"https:\/\/gostas.se\/wp-content\/uploads\/2023\/05\/IMG_8959-ej-Hysterlogga-1024x768.jpg\" class=\"attachment-large size-large wp-image-1887\" alt=\"En lastbil som fraktar en teleskopslastare\" srcset=\"https:\/\/gostas.se\/wp-content\/uploads\/2023\/05\/IMG_8959-ej-Hysterlogga-scaled-e1683187580552.jpg 1024w, https:\/\/gostas.se\/wp-content\/uploads\/2023\/05\/IMG_8959-ej-Hysterlogga-scaled-e1683187580552-300x225.jpg 300w, https:\/\/gostas.se\/wp-content\/uploads\/2023\/05\/IMG_8959-ej-Hysterlogga-scaled-e1683187580552-768x576.jpg 768w, https:\/\/gostas.se\/wp-content\/uploads\/2023\/05\/IMG_8959-ej-Hysterlogga-1536x1152.jpg 1536w, https:\/\/gostas.se\/wp-content\/uploads\/2023\/05\/IMG_8959-ej-Hysterlogga-2048x1536.jpg 2048w, https:\/\/gostas.se\/wp-content\/uploads\/2023\/05\/IMG_8959-ej-Hysterlogga-scaled-e1683187580552-16x12.jpg 16w\" sizes=\"(max-width: 1024px) 100vw, 1024px\" \/>\t\t\t\t\t\t\t\t\t\t\t<figcaption class=\"widget-image-caption wp-caption-text\">Maskintransporter med v\u00e5r lastbil<\/figcaption>\n\t\t\t\t\t\t\t\t\t\t<\/figure>\n\t\t\t\t\t\t\t\t\t<\/div>\n\t\t\t\t<\/div>\n\t\t\t\t<div class=\"elementor-element elementor-element-2a21854 elementor-widget elementor-widget-image\" data-id=\"2a21854\" data-element_type=\"widget\" data-e-type=\"widget\" data-widget_type=\"image.default\">\n\t\t\t\t<div class=\"elementor-widget-container\">\n\t\t\t\t\t\t\t\t\t\t\t\t<figure class=\"wp-caption\">\n\t\t\t\t\t\t\t\t\t\t<img loading=\"lazy\" decoding=\"async\" width=\"1024\" height=\"1024\" src=\"https:\/\/gostas.se\/wp-content\/uploads\/2023\/05\/240193E1-50BE-477B-BA3A-DB29FD9DE3FF-e1683188541202-1024x1024.jpg\" class=\"attachment-large size-large wp-image-1893\" alt=\"En motviktstruck som lastar en maskin\" srcset=\"https:\/\/gostas.se\/wp-content\/uploads\/2023\/05\/240193E1-50BE-477B-BA3A-DB29FD9DE3FF-e1683188541202.jpg 1024w, https:\/\/gostas.se\/wp-content\/uploads\/2023\/05\/240193E1-50BE-477B-BA3A-DB29FD9DE3FF-e1683188541202-300x300.jpg 300w, https:\/\/gostas.se\/wp-content\/uploads\/2023\/05\/240193E1-50BE-477B-BA3A-DB29FD9DE3FF-e1683188541202-150x150.jpg 150w, https:\/\/gostas.se\/wp-content\/uploads\/2023\/05\/240193E1-50BE-477B-BA3A-DB29FD9DE3FF-e1683188541202-768x768.jpg 768w, https:\/\/gostas.se\/wp-content\/uploads\/2023\/05\/240193E1-50BE-477B-BA3A-DB29FD9DE3FF-e1683188541202-12x12.jpg 12w\" sizes=\"(max-width: 1024px) 100vw, 1024px\" \/>\t\t\t\t\t\t\t\t\t\t\t<figcaption class=\"widget-image-caption wp-caption-text\">Maskinlyft, 16 ton truck<\/figcaption>\n\t\t\t\t\t\t\t\t\t\t<\/figure>\n\t\t\t\t\t\t\t\t\t<\/div>\n\t\t\t\t<\/div>\n\t\t\t\t<div class=\"elementor-element elementor-element-c196c5a elementor-widget elementor-widget-image\" data-id=\"c196c5a\" data-element_type=\"widget\" data-e-type=\"widget\" data-widget_type=\"image.default\">\n\t\t\t\t<div class=\"elementor-widget-container\">\n\t\t\t\t\t\t\t\t\t\t\t\t<figure class=\"wp-caption\">\n\t\t\t\t\t\t\t\t\t\t<img loading=\"lazy\" decoding=\"async\" width=\"480\" height=\"923\" src=\"https:\/\/gostas.se\/wp-content\/uploads\/2023\/05\/41484355_1833551673431417_5678018933647474688_n.jpg\" class=\"attachment-large size-large wp-image-1890\" alt=\"En teleskopslastare som lyfter upp en korg\" srcset=\"https:\/\/gostas.se\/wp-content\/uploads\/2023\/05\/41484355_1833551673431417_5678018933647474688_n.jpg 480w, https:\/\/gostas.se\/wp-content\/uploads\/2023\/05\/41484355_1833551673431417_5678018933647474688_n-156x300.jpg 156w, https:\/\/gostas.se\/wp-content\/uploads\/2023\/05\/41484355_1833551673431417_5678018933647474688_n-6x12.jpg 6w\" sizes=\"(max-width: 480px) 100vw, 480px\" \/>\t\t\t\t\t\t\t\t\t\t\t<figcaption class=\"widget-image-caption wp-caption-text\">T\u00f6mning av skr\u00e4p i materialkorg, Telemaskin 18 meter<\/figcaption>\n\t\t\t\t\t\t\t\t\t\t<\/figure>\n\t\t\t\t\t\t\t\t\t<\/div>\n\t\t\t\t<\/div>\n\t\t\t\t<div class=\"elementor-element elementor-element-6fec390 elementor-widget elementor-widget-image\" data-id=\"6fec390\" data-element_type=\"widget\" data-e-type=\"widget\" data-widget_type=\"image.default\">\n\t\t\t\t<div class=\"elementor-widget-container\">\n\t\t\t\t\t\t\t\t\t\t\t\t<figure class=\"wp-caption\">\n\t\t\t\t\t\t\t\t\t\t<img loading=\"lazy\" decoding=\"async\" width=\"640\" height=\"480\" src=\"https:\/\/gostas.se\/wp-content\/uploads\/2023\/05\/31180017_10155301472531921_5395001432317362176_n.jpg\" class=\"attachment-large size-large wp-image-1891\" alt=\"En teleskopslastare som lyfter en stor dinosaurie\" srcset=\"https:\/\/gostas.se\/wp-content\/uploads\/2023\/05\/31180017_10155301472531921_5395001432317362176_n.jpg 640w, https:\/\/gostas.se\/wp-content\/uploads\/2023\/05\/31180017_10155301472531921_5395001432317362176_n-300x225.jpg 300w, https:\/\/gostas.se\/wp-content\/uploads\/2023\/05\/31180017_10155301472531921_5395001432317362176_n-16x12.jpg 16w\" sizes=\"(max-width: 640px) 100vw, 640px\" \/>\t\t\t\t\t\t\t\t\t\t\t<figcaption class=\"widget-image-caption wp-caption-text\">Dinosaurie lyft, Telemaskin 6 m<\/figcaption>\n\t\t\t\t\t\t\t\t\t\t<\/figure>\n\t\t\t\t\t\t\t\t\t<\/div>\n\t\t\t\t<\/div>\n\t\t\t\t<div class=\"elementor-element elementor-element-b35ecec elementor-widget elementor-widget-image\" data-id=\"b35ecec\" data-element_type=\"widget\" data-e-type=\"widget\" data-widget_type=\"image.default\">\n\t\t\t\t<div class=\"elementor-widget-container\">\n\t\t\t\t\t\t\t\t\t\t\t\t<figure class=\"wp-caption\">\n\t\t\t\t\t\t\t\t\t\t<img loading=\"lazy\" decoding=\"async\" width=\"960\" height=\"720\" src=\"https:\/\/gostas.se\/wp-content\/uploads\/2023\/05\/Roto-25-30-Parlyft.jpg\" class=\"attachment-large size-large wp-image-1894\" alt=\"Tv\u00e5 stycken teleskopslastare i en stor hall\" srcset=\"https:\/\/gostas.se\/wp-content\/uploads\/2023\/05\/Roto-25-30-Parlyft.jpg 960w, https:\/\/gostas.se\/wp-content\/uploads\/2023\/05\/Roto-25-30-Parlyft-300x225.jpg 300w, https:\/\/gostas.se\/wp-content\/uploads\/2023\/05\/Roto-25-30-Parlyft-768x576.jpg 768w, https:\/\/gostas.se\/wp-content\/uploads\/2023\/05\/Roto-25-30-Parlyft-16x12.jpg 16w\" sizes=\"(max-width: 960px) 100vw, 960px\" \/>\t\t\t\t\t\t\t\t\t\t\t<figcaption class=\"widget-image-caption wp-caption-text\">Dubbellyft av travers, Rotomaskin 24 &amp; 30 meter<\/figcaption>\n\t\t\t\t\t\t\t\t\t\t<\/figure>\n\t\t\t\t\t\t\t\t\t<\/div>\n\t\t\t\t<\/div>\n\t\t\t\t\t<\/div>\n\t\t<\/div>\n\t\t\t\t<div class=\"elementor-column elementor-col-33 elementor-top-column elementor-element elementor-element-18fe5af\" data-id=\"18fe5af\" data-element_type=\"column\" data-e-type=\"column\">\n\t\t\t<div class=\"elementor-widget-wrap elementor-element-populated\">\n\t\t\t\t\t\t<section class=\"elementor-section elementor-inner-section elementor-element elementor-element-1a89cae elementor-section-boxed elementor-section-height-default elementor-section-height-default\" data-id=\"1a89cae\" data-element_type=\"section\" data-e-type=\"section\" data-settings=\"{&quot;background_background&quot;:&quot;classic&quot;,&quot;sticky&quot;:&quot;top&quot;,&quot;sticky_offset&quot;:120,&quot;sticky_parent&quot;:&quot;yes&quot;,&quot;sticky_on&quot;:[&quot;desktop&quot;,&quot;tablet&quot;,&quot;mobile&quot;],&quot;sticky_effects_offset&quot;:0,&quot;sticky_anchor_link_offset&quot;:0}\">\n\t\t\t\t\t\t<div class=\"elementor-container elementor-column-gap-default\">\n\t\t\t\t\t<div class=\"elementor-column elementor-col-100 elementor-inner-column elementor-element elementor-element-c863ccf\" data-id=\"c863ccf\" data-element_type=\"column\" data-e-type=\"column\">\n\t\t\t<div class=\"elementor-widget-wrap elementor-element-populated\">\n\t\t\t\t\t\t<div class=\"elementor-element elementor-element-4bb1272 elementor-widget elementor-widget-image\" data-id=\"4bb1272\" data-element_type=\"widget\" data-e-type=\"widget\" data-widget_type=\"image.default\">\n\t\t\t\t<div class=\"elementor-widget-container\">\n\t\t\t\t\t\t\t\t\t\t\t\t\t\t\t<img loading=\"lazy\" decoding=\"async\" width=\"300\" height=\"85\" src=\"https:\/\/gostas.se\/wp-content\/uploads\/2022\/06\/gostas_logo_ny.png\" class=\"attachment-large size-large wp-image-928\" alt=\"\" \/>\t\t\t\t\t\t\t\t\t\t\t\t\t\t\t<\/div>\n\t\t\t\t<\/div>\n\t\t\t\t<div class=\"elementor-element elementor-element-83c9492 elementor-widget elementor-widget-heading\" data-id=\"83c9492\" data-element_type=\"widget\" data-e-type=\"widget\" data-widget_type=\"heading.default\">\n\t\t\t\t<div class=\"elementor-widget-container\">\n\t\t\t\t\t<h2 class=\"elementor-heading-title elementor-size-default\">F\u00f6r alla typ av lyft eller truckarbete...<\/h2>\t\t\t\t<\/div>\n\t\t\t\t<\/div>\n\t\t\t\t<div class=\"elementor-element elementor-element-cbe1396 elementor-align-center elementor-widget elementor-widget-button\" data-id=\"cbe1396\" data-element_type=\"widget\" data-e-type=\"widget\" data-widget_type=\"button.default\">\n\t\t\t\t<div class=\"elementor-widget-container\">\n\t\t\t\t\t\t\t\t\t<div class=\"elementor-button-wrapper\">\n\t\t\t\t\t<a class=\"elementor-button elementor-button-link elementor-size-sm\" href=\"https:\/\/gostas.se\/kontakt\/\">\n\t\t\t\t\t\t<span class=\"elementor-button-content-wrapper\">\n\t\t\t\t\t\t\t\t\t<span class=\"elementor-button-text\">Kontakta oss<\/span>\n\t\t\t\t\t<\/span>\n\t\t\t\t\t<\/a>\n\t\t\t\t<\/div>\n\t\t\t\t\t\t\t\t<\/div>\n\t\t\t\t<\/div>\n\t\t\t\t\t<\/div>\n\t\t<\/div>\n\t\t\t\t\t<\/div>\n\t\t<\/section>\n\t\t\t\t\t<\/div>\n\t\t<\/div>\n\t\t\t\t\t<\/div>\n\t\t<\/section>\n\t\t\t\t<\/div>\n\t\t","protected":false},"excerpt":{"rendered":"<p>Typ av jobb Typ av jobb Upplyft av material till balkong, Rotomaskin 30 meter Winsch, Personkorg, Materialkorg, Rotomaskin 21-30 meter Inlyft av gips med specialok, Rotomaskin 24 meter Placering av spr\u00e4ngmattor, Rotomaskin 21 meter Upplyft av material, Rotomaskin 30 meter Maskintransporter med v\u00e5r lastbil Maskinlyft, 16 ton truck T\u00f6mning av skr\u00e4p i materialkorg, Telemaskin 18 [&hellip;]<\/p>\n","protected":false},"author":5,"featured_media":0,"parent":0,"menu_order":0,"comment_status":"closed","ping_status":"closed","template":"","meta":{"site-sidebar-layout":"no-sidebar","site-content-layout":"page-builder","ast-site-content-layout":"default","site-content-style":"default","site-sidebar-style":"default","ast-global-header-display":"","ast-banner-title-visibility":"","ast-main-header-display":"","ast-hfb-above-header-display":"","ast-hfb-below-header-display":"","ast-hfb-mobile-header-display":"","site-post-title":"disabled","ast-breadcrumbs-content":"","ast-featured-img":"disabled","footer-sml-layout":"","ast-disable-related-posts":"","theme-transparent-header-meta":"","adv-header-id-meta":"","stick-header-meta":"","header-above-stick-meta":"","header-main-stick-meta":"","header-below-stick-meta":"","astra-migrate-meta-layouts":"default","ast-page-background-enabled":"default","ast-page-background-meta":{"desktop":{"background-color":"","background-image":"","background-repeat":"repeat","background-position":"center center","background-size":"auto","background-attachment":"scroll","background-type":"","background-media":"","overlay-type":"","overlay-color":"","overlay-opacity":"","overlay-gradient":""},"tablet":{"background-color":"","background-image":"","background-repeat":"repeat","background-position":"center center","background-size":"auto","background-attachment":"scroll","background-type":"","background-media":"","overlay-type":"","overlay-color":"","overlay-opacity":"","overlay-gradient":""},"mobile":{"background-color":"","background-image":"","background-repeat":"repeat","background-position":"center center","background-size":"auto","background-attachment":"scroll","background-type":"","background-media":"","overlay-type":"","overlay-color":"","overlay-opacity":"","overlay-gradient":""}},"ast-content-background-meta":{"desktop":{"background-color":"var(--ast-global-color-5)","background-image":"","background-repeat":"repeat","background-position":"center center","background-size":"auto","background-attachment":"scroll","background-type":"","background-media":"","overlay-type":"","overlay-color":"","overlay-opacity":"","overlay-gradient":""},"tablet":{"background-color":"var(--ast-global-color-5)","background-image":"","background-repeat":"repeat","background-position":"center center","background-size":"auto","background-attachment":"scroll","background-type":"","background-media":"","overlay-type":"","overlay-color":"","overlay-opacity":"","overlay-gradient":""},"mobile":{"background-color":"var(--ast-global-color-5)","background-image":"","background-repeat":"repeat","background-position":"center center","background-size":"auto","background-attachment":"scroll","background-type":"","background-media":"","overlay-type":"","overlay-color":"","overlay-opacity":"","overlay-gradient":""}},"footnotes":""},"class_list":["post-736","page","type-page","status-publish","hentry"],"_links":{"self":[{"href":"https:\/\/gostas.se\/en\/wp-json\/wp\/v2\/pages\/736","targetHints":{"allow":["GET"]}}],"collection":[{"href":"https:\/\/gostas.se\/en\/wp-json\/wp\/v2\/pages"}],"about":[{"href":"https:\/\/gostas.se\/en\/wp-json\/wp\/v2\/types\/page"}],"author":[{"embeddable":true,"href":"https:\/\/gostas.se\/en\/wp-json\/wp\/v2\/users\/5"}],"replies":[{"embeddable":true,"href":"https:\/\/gostas.se\/en\/wp-json\/wp\/v2\/comments?post=736"}],"version-history":[{"count":49,"href":"https:\/\/gostas.se\/en\/wp-json\/wp\/v2\/pages\/736\/revisions"}],"predecessor-version":[{"id":2255,"href":"https:\/\/gostas.se\/en\/wp-json\/wp\/v2\/pages\/736\/revisions\/2255"}],"wp:attachment":[{"href":"https:\/\/gostas.se\/en\/wp-json\/wp\/v2\/media?parent=736"}],"curies":[{"name":"wp","href":"https:\/\/api.w.org\/{rel}","templated":true}]}}