{"id":708,"date":"2022-06-16T16:00:27","date_gmt":"2022-06-16T14:00:27","guid":{"rendered":"https:\/\/gostas.se\/?page_id=708"},"modified":"2023-01-18T15:57:44","modified_gmt":"2023-01-18T14:57:44","slug":"hyra-plocktruck-med-forare","status":"publish","type":"page","link":"https:\/\/gostas.se\/en\/hyra-plocktruck-med-forare\/","title":{"rendered":"Hyra plocktruck med f\u00f6rare"},"content":{"rendered":"<div data-elementor-type=\"wp-page\" data-elementor-id=\"708\" class=\"elementor elementor-708\" data-elementor-post-type=\"page\">\n\t\t\t\t\t\t<section class=\"elementor-section elementor-top-section elementor-element elementor-element-537ae69a elementor-section-content-middle elementor-section-height-min-height elementor-hidden-mobile elementor-section-boxed elementor-section-height-default elementor-section-items-middle\" data-id=\"537ae69a\" data-element_type=\"section\" data-e-type=\"section\" data-settings=\"{&quot;background_background&quot;:&quot;gradient&quot;}\">\n\t\t\t\t\t\t\t<div class=\"elementor-background-overlay\"><\/div>\n\t\t\t\t\t\t\t<div class=\"elementor-container elementor-column-gap-no\">\n\t\t\t\t\t<div class=\"elementor-column elementor-col-100 elementor-top-column elementor-element elementor-element-1551478c\" data-id=\"1551478c\" data-element_type=\"column\" data-e-type=\"column\">\n\t\t\t<div class=\"elementor-widget-wrap elementor-element-populated\">\n\t\t\t\t\t\t<div class=\"elementor-element elementor-element-21ca8cec elementor-widget elementor-widget-heading\" data-id=\"21ca8cec\" data-element_type=\"widget\" data-e-type=\"widget\" data-widget_type=\"heading.default\">\n\t\t\t\t<div class=\"elementor-widget-container\">\n\t\t\t\t\t<h1 class=\"elementor-heading-title elementor-size-default\">Hyra plocktruck med f\u00f6rare<\/h1>\t\t\t\t<\/div>\n\t\t\t\t<\/div>\n\t\t\t\t\t<\/div>\n\t\t<\/div>\n\t\t\t\t\t<\/div>\n\t\t<\/section>\n\t\t\t\t<section class=\"elementor-section elementor-top-section elementor-element elementor-element-369cd219 elementor-section-boxed elementor-section-height-default elementor-section-height-default\" data-id=\"369cd219\" data-element_type=\"section\" data-e-type=\"section\">\n\t\t\t\t\t\t<div class=\"elementor-container elementor-column-gap-default\">\n\t\t\t\t\t<div class=\"elementor-column elementor-col-100 elementor-top-column elementor-element elementor-element-744d62d4\" data-id=\"744d62d4\" data-element_type=\"column\" data-e-type=\"column\">\n\t\t\t<div class=\"elementor-widget-wrap elementor-element-populated\">\n\t\t\t\t\t\t<section class=\"elementor-section elementor-inner-section elementor-element elementor-element-37f74122 elementor-section-boxed elementor-section-height-default elementor-section-height-default\" data-id=\"37f74122\" data-element_type=\"section\" data-e-type=\"section\">\n\t\t\t\t\t\t<div class=\"elementor-container elementor-column-gap-default\">\n\t\t\t\t\t<div class=\"elementor-column elementor-col-50 elementor-inner-column elementor-element elementor-element-42e88899\" data-id=\"42e88899\" data-element_type=\"column\" data-e-type=\"column\">\n\t\t\t<div class=\"elementor-widget-wrap elementor-element-populated\">\n\t\t\t\t\t\t<div class=\"elementor-element elementor-element-6bf23255 elementor-widget elementor-widget-text-editor\" data-id=\"6bf23255\" data-element_type=\"widget\" data-e-type=\"widget\" data-widget_type=\"text-editor.default\">\n\t\t\t\t<div class=\"elementor-widget-container\">\n\t\t\t\t\t\t\t\t\t<h2>G\u00f6sta Plocktruckar<\/h2><p>Plocktrucken \u2013 \u00e4ven k\u00e4nd som orderplocktruck \u2013 har blivit en n\u00f6dv\u00e4ndighet f\u00f6r alla typer av branscher, industrier och aff\u00e4rer som innehar en sektion av orderplock och annan materialhantering. De \u00e4r l\u00f6sningen p\u00e5 allt h\u00f6gre f\u00f6rv\u00e4ntningar fr\u00e5n konsumenter och f\u00f6retag g\u00e4llande b\u00e5de den \u00f6kade m\u00e4ngden av produktlinjer som beh\u00f6ver f\u00f6rvaras och hanteras, samt snabbare leverans av orders.Hos G\u00f6stas hittar du ett brett utbud av b\u00e5de l\u00e5g- och h\u00f6glyftande plocktruckar i olika modeller, med olika lyftkapaciteter och plockh\u00f6jder, f\u00f6r alla typer av orderplock. Samtliga modeller \u00e4r optimerade f\u00f6r att p\u00e5 s\u00e5 kort tid som m\u00f6jligt f\u00e5 ihop best\u00e4llda varor korrekt och g\u00e5r \u00e4ven att anv\u00e4nda f\u00f6r horisontell transport och hantering av lastpallar.<\/p><h2>TO RENT OR TO BUY PLOCKTRUCK<\/h2><p>G\u00f6sta's Truck Rental primarily focuses on rental, but together with our owners at Truckpoolen G\u00f6teborg AB, we can also offer leasing and sales.<\/p><p>Our plocktruckar means of efficient order picking, on all the bare heights and levels, with intuitive control and handling, with an extremely tight turning radius, which makes them optimal for use in confined warehouse environments. They are designed with k\u00f6rhastigheter and safety in mind, without having to compromise on the ergonomic level.<\/p>\t\t\t\t\t\t\t\t<\/div>\n\t\t\t\t<\/div>\n\t\t\t\t\t<\/div>\n\t\t<\/div>\n\t\t\t\t<div class=\"elementor-column elementor-col-50 elementor-inner-column elementor-element elementor-element-793c04b1\" data-id=\"793c04b1\" data-element_type=\"column\" data-e-type=\"column\">\n\t\t\t<div class=\"elementor-widget-wrap elementor-element-populated\">\n\t\t\t\t\t\t<div class=\"elementor-element elementor-element-9eb4fbe elementor-widget elementor-widget-text-editor\" data-id=\"9eb4fbe\" data-element_type=\"widget\" data-e-type=\"widget\" data-widget_type=\"text-editor.default\">\n\t\t\t\t<div class=\"elementor-widget-container\">\n\t\t\t\t\t\t\t\t\t<h2>USED PLOCKTRUCKAR<\/h2><p>An economical and environmentally friendly alternative to investing in a second-hand plocktruckar. It is a cost-effective way for start-ups and growing businesses to quickly and easily develop their members, and their activities in order to meet their specific needs and requirements.<\/p><p>N\u00e4r du k\u00f6per eller hyr en begagnad plocktruck fr\u00e5n G\u00f6stas f\u00e5r du en maskin av h\u00f6gsta kvalitet. Vi genomf\u00f6r alltid en omfattande och noggrann kvalitets- och funktionstest av varje individuell maskin innan vi v\u00e4ljer att s\u00e4lja eller hyra ut den.<\/p>\t\t\t\t\t\t\t\t<\/div>\n\t\t\t\t<\/div>\n\t\t\t\t\t<\/div>\n\t\t<\/div>\n\t\t\t\t\t<\/div>\n\t\t<\/section>\n\t\t\t\t<div class=\"elementor-element elementor-element-1720b420 elementor-mobile-align-justify elementor-widget elementor-widget-button\" data-id=\"1720b420\" data-element_type=\"widget\" data-e-type=\"widget\" data-widget_type=\"button.default\">\n\t\t\t\t<div class=\"elementor-widget-container\">\n\t\t\t\t\t\t\t\t\t<div class=\"elementor-button-wrapper\">\n\t\t\t\t\t<a class=\"elementor-button elementor-button-link elementor-size-sm\" href=\"\/en\/kontakt\/\">\n\t\t\t\t\t\t<span class=\"elementor-button-content-wrapper\">\n\t\t\t\t\t\t\t\t\t<span class=\"elementor-button-text\">Contact us<\/span>\n\t\t\t\t\t<\/span>\n\t\t\t\t\t<\/a>\n\t\t\t\t<\/div>\n\t\t\t\t\t\t\t\t<\/div>\n\t\t\t\t<\/div>\n\t\t\t\t\t<\/div>\n\t\t<\/div>\n\t\t\t\t\t<\/div>\n\t\t<\/section>\n\t\t\t\t<\/div>","protected":false},"excerpt":{"rendered":"<p>Hyra plocktruck med f\u00f6rare G\u00f6stas Plocktruckar Plocktrucken \u2013 \u00e4ven k\u00e4nd som orderplocktruck \u2013 har blivit en n\u00f6dv\u00e4ndighet f\u00f6r alla typer av branscher, industrier och aff\u00e4rer som innehar en sektion av orderplock och annan materialhantering. De \u00e4r l\u00f6sningen p\u00e5 allt h\u00f6gre f\u00f6rv\u00e4ntningar fr\u00e5n konsumenter och f\u00f6retag g\u00e4llande b\u00e5de den \u00f6kade m\u00e4ngden av produktlinjer som beh\u00f6ver f\u00f6rvaras [&hellip;]<\/p>\n","protected":false},"author":5,"featured_media":0,"parent":0,"menu_order":0,"comment_status":"closed","ping_status":"closed","template":"","meta":{"site-sidebar-layout":"no-sidebar","site-content-layout":"page-builder","ast-site-content-layout":"default","site-content-style":"default","site-sidebar-style":"default","ast-global-header-display":"","ast-banner-title-visibility":"","ast-main-header-display":"","ast-hfb-above-header-display":"","ast-hfb-below-header-display":"","ast-hfb-mobile-header-display":"","site-post-title":"disabled","ast-breadcrumbs-content":"","ast-featured-img":"disabled","footer-sml-layout":"","ast-disable-related-posts":"","theme-transparent-header-meta":"","adv-header-id-meta":"","stick-header-meta":"","header-above-stick-meta":"","header-main-stick-meta":"","header-below-stick-meta":"","astra-migrate-meta-layouts":"default","ast-page-background-enabled":"default","ast-page-background-meta":{"desktop":{"background-color":"","background-image":"","background-repeat":"repeat","background-position":"center center","background-size":"auto","background-attachment":"scroll","background-type":"","background-media":"","overlay-type":"","overlay-color":"","overlay-opacity":"","overlay-gradient":""},"tablet":{"background-color":"","background-image":"","background-repeat":"repeat","background-position":"center center","background-size":"auto","background-attachment":"scroll","background-type":"","background-media":"","overlay-type":"","overlay-color":"","overlay-opacity":"","overlay-gradient":""},"mobile":{"background-color":"","background-image":"","background-repeat":"repeat","background-position":"center center","background-size":"auto","background-attachment":"scroll","background-type":"","background-media":"","overlay-type":"","overlay-color":"","overlay-opacity":"","overlay-gradient":""}},"ast-content-background-meta":{"desktop":{"background-color":"var(--ast-global-color-5)","background-image":"","background-repeat":"repeat","background-position":"center center","background-size":"auto","background-attachment":"scroll","background-type":"","background-media":"","overlay-type":"","overlay-color":"","overlay-opacity":"","overlay-gradient":""},"tablet":{"background-color":"var(--ast-global-color-5)","background-image":"","background-repeat":"repeat","background-position":"center center","background-size":"auto","background-attachment":"scroll","background-type":"","background-media":"","overlay-type":"","overlay-color":"","overlay-opacity":"","overlay-gradient":""},"mobile":{"background-color":"var(--ast-global-color-5)","background-image":"","background-repeat":"repeat","background-position":"center center","background-size":"auto","background-attachment":"scroll","background-type":"","background-media":"","overlay-type":"","overlay-color":"","overlay-opacity":"","overlay-gradient":""}},"footnotes":""},"class_list":["post-708","page","type-page","status-publish","hentry"],"_links":{"self":[{"href":"https:\/\/gostas.se\/en\/wp-json\/wp\/v2\/pages\/708","targetHints":{"allow":["GET"]}}],"collection":[{"href":"https:\/\/gostas.se\/en\/wp-json\/wp\/v2\/pages"}],"about":[{"href":"https:\/\/gostas.se\/en\/wp-json\/wp\/v2\/types\/page"}],"author":[{"embeddable":true,"href":"https:\/\/gostas.se\/en\/wp-json\/wp\/v2\/users\/5"}],"replies":[{"embeddable":true,"href":"https:\/\/gostas.se\/en\/wp-json\/wp\/v2\/comments?post=708"}],"version-history":[{"count":20,"href":"https:\/\/gostas.se\/en\/wp-json\/wp\/v2\/pages\/708\/revisions"}],"predecessor-version":[{"id":1826,"href":"https:\/\/gostas.se\/en\/wp-json\/wp\/v2\/pages\/708\/revisions\/1826"}],"wp:attachment":[{"href":"https:\/\/gostas.se\/en\/wp-json\/wp\/v2\/media?parent=708"}],"curies":[{"name":"wp","href":"https:\/\/api.w.org\/{rel}","templated":true}]}}