{"id":705,"date":"2022-06-16T16:00:26","date_gmt":"2022-06-16T14:00:26","guid":{"rendered":"https:\/\/gostas.se\/?page_id=705"},"modified":"2025-08-27T16:49:02","modified_gmt":"2025-08-27T14:49:02","slug":"begagnade-truckar","status":"publish","type":"page","link":"https:\/\/gostas.se\/en\/begagnade-truckar\/","title":{"rendered":"Used trucks"},"content":{"rendered":"<div data-elementor-type=\"wp-page\" data-elementor-id=\"705\" class=\"elementor elementor-705\" data-elementor-post-type=\"page\">\n\t\t\t\t\t\t<section class=\"elementor-section elementor-top-section elementor-element elementor-element-369292bd elementor-section-content-middle elementor-section-height-min-height elementor-hidden-mobile elementor-section-boxed elementor-section-height-default elementor-section-items-middle\" data-id=\"369292bd\" data-element_type=\"section\" data-e-type=\"section\" data-settings=\"{&quot;background_background&quot;:&quot;gradient&quot;}\">\n\t\t\t\t\t\t\t<div class=\"elementor-background-overlay\"><\/div>\n\t\t\t\t\t\t\t<div class=\"elementor-container elementor-column-gap-no\">\n\t\t\t\t\t<div class=\"elementor-column elementor-col-100 elementor-top-column elementor-element elementor-element-2957256f\" data-id=\"2957256f\" data-element_type=\"column\" data-e-type=\"column\">\n\t\t\t<div class=\"elementor-widget-wrap elementor-element-populated\">\n\t\t\t\t\t\t<div class=\"elementor-element elementor-element-27f62843 elementor-widget elementor-widget-heading\" data-id=\"27f62843\" data-element_type=\"widget\" data-e-type=\"widget\" data-widget_type=\"heading.default\">\n\t\t\t\t<div class=\"elementor-widget-container\">\n\t\t\t\t\t<h1 class=\"elementor-heading-title elementor-size-default\">Begagnade <a href=\"https:\/\/gostas.se\/en\/\">truckar i G\u00f6teborg<\/a><\/h1>\t\t\t\t<\/div>\n\t\t\t\t<\/div>\n\t\t\t\t\t<\/div>\n\t\t<\/div>\n\t\t\t\t\t<\/div>\n\t\t<\/section>\n\t\t\t\t<section class=\"elementor-section elementor-top-section elementor-element elementor-element-206533c7 elementor-section-boxed elementor-section-height-default elementor-section-height-default\" data-id=\"206533c7\" data-element_type=\"section\" data-e-type=\"section\">\n\t\t\t\t\t\t<div class=\"elementor-container elementor-column-gap-default\">\n\t\t\t\t\t<div class=\"elementor-column elementor-col-100 elementor-top-column elementor-element elementor-element-33b46733\" data-id=\"33b46733\" data-element_type=\"column\" data-e-type=\"column\">\n\t\t\t<div class=\"elementor-widget-wrap elementor-element-populated\">\n\t\t\t\t\t\t<section class=\"elementor-section elementor-inner-section elementor-element elementor-element-3aac3364 elementor-section-boxed elementor-section-height-default elementor-section-height-default\" data-id=\"3aac3364\" data-element_type=\"section\" data-e-type=\"section\">\n\t\t\t\t\t\t<div class=\"elementor-container elementor-column-gap-default\">\n\t\t\t\t\t<div class=\"elementor-column elementor-col-50 elementor-inner-column elementor-element elementor-element-4df3722f\" data-id=\"4df3722f\" data-element_type=\"column\" data-e-type=\"column\">\n\t\t\t<div class=\"elementor-widget-wrap elementor-element-populated\">\n\t\t\t\t\t\t<div class=\"elementor-element elementor-element-7a4e30d9 elementor-widget elementor-widget-text-editor\" data-id=\"7a4e30d9\" data-element_type=\"widget\" data-e-type=\"widget\" data-widget_type=\"text-editor.default\">\n\t\t\t\t<div class=\"elementor-widget-container\">\n\t\t\t\t\t\t\t\t\t<h2>G\u00d6STAS BEGAGNADE TRUCKAR<\/h2>\nBuy or lease a pre-owned truck is in an economically favorable alternative which will not only save you money, but it is also a contribution to a better environment.Buy a used truck from G\u00f6sta&#039;s Trucks is a reliable and affordable option of a high quality which is a great way for start-ups and growing businesses in developing their fleet of vehicles in order to meet their requirements and needs.\n<h3>HYR ELLER K\u00d6P EN BEGAGNAD TRUCK FR\u00c5N G\u00d6STAS <a href=\"https:\/\/gostas.se\/en\/\">TRUCKAR I G\u00d6TEBORG<\/a><\/h3>\nIf you want to\u00a0<a href=\"https:\/\/gostas.se\/en\/truckar\/\">rent a truck<\/a>,\u00a0<a href=\"https:\/\/gostas.se\/en\/diesel-truckar\/\">buy dieseltruckar<\/a>\u00a0or\u00a0<a href=\"https:\/\/gostas.se\/en\/hyra-hjullastare\/\">wheel loaders<\/a>\u00a0we have the solution for you. Contact us today or take a look around the website for more information about renting or buying one of our used lift trucks\n<h3>AN EXTENSIVE RENOVATION<\/h3>\nF\u00f6r att garantera att v\u00e5ra begagnade truckar h\u00e5ller h\u00f6gsta kvalitet och kommer vara brukbara l\u00e5ngt fram\u00f6ver genomf\u00f6r vi p\u00e5 G\u00f6stas Truckar alltid en omfattande renovering och kvalitetscheck p\u00e5 dem. Inte f\u00f6rens de genomg\u00e5tt och blivit godk\u00e4nda genom v\u00e5r standardiserade process f\u00f6r begagnade truckar \u00e4r vi villiga att s\u00e4lja eller hyra ut dem.\nV\u00e5r process innefattar:\n<ul>\n \t<li><strong>Transparent truckhistorik:<\/strong>\u00a0We present a detailed history of the previous owner, what is it used for, where it is used, and to what extent and for how long. Our used trucks are as a rule from our own fleet, we will have detailed information about.<\/li>\n \t<li><strong>Clean-up procedures:<\/strong>\u00a0We have to clean our used truck carefully so that the dirt and oils, and the like are removed prior to our inspection.<\/li>\n<\/ul>\t\t\t\t\t\t\t\t<\/div>\n\t\t\t\t<\/div>\n\t\t\t\t\t<\/div>\n\t\t<\/div>\n\t\t\t\t<div class=\"elementor-column elementor-col-50 elementor-inner-column elementor-element elementor-element-5c720b6e\" data-id=\"5c720b6e\" data-element_type=\"column\" data-e-type=\"column\">\n\t\t\t<div class=\"elementor-widget-wrap elementor-element-populated\">\n\t\t\t\t\t\t<div class=\"elementor-element elementor-element-f9f0be2 elementor-widget elementor-widget-image\" data-id=\"f9f0be2\" data-element_type=\"widget\" data-e-type=\"widget\" data-widget_type=\"image.default\">\n\t\t\t\t<div class=\"elementor-widget-container\">\n\t\t\t\t\t\t\t\t\t\t\t\t<figure class=\"wp-caption\">\n\t\t\t\t\t\t\t\t\t\t<img fetchpriority=\"high\" decoding=\"async\" width=\"500\" height=\"327\" src=\"https:\/\/gostas.se\/wp-content\/uploads\/2022\/06\/forklift-1.png\" class=\"attachment-large size-large wp-image-655\" alt=\"\" srcset=\"https:\/\/gostas.se\/wp-content\/uploads\/2022\/06\/forklift-1.png 500w, https:\/\/gostas.se\/wp-content\/uploads\/2022\/06\/forklift-1-300x196.png 300w\" sizes=\"(max-width: 500px) 100vw, 500px\" \/>\t\t\t\t\t\t\t\t\t\t\t<figcaption class=\"widget-image-caption wp-caption-text\"><\/figcaption>\n\t\t\t\t\t\t\t\t\t\t<\/figure>\n\t\t\t\t\t\t\t\t\t<\/div>\n\t\t\t\t<\/div>\n\t\t\t\t<div class=\"elementor-element elementor-element-6abe0baf elementor-widget elementor-widget-text-editor\" data-id=\"6abe0baf\" data-element_type=\"widget\" data-e-type=\"widget\" data-widget_type=\"text-editor.default\">\n\t\t\t\t<div class=\"elementor-widget-container\">\n\t\t\t\t\t\t\t\t\t<h2>V\u00c5RA RUTINER F\u00d6R BEGAGNADE TRUCKAR<\/h2><ul><li><strong>Inspection:<\/strong>\u00a0Our own engineers, conduct a comprehensive inspection to identify any weaknesses or problems with the truck and its components. The inspection consists of visual inspections, measurement, and functional tests on all the components in it.<\/li><li><strong>Performance testing:<\/strong>\u00a0We&#039;ve tested all of the functions of the truck to hold on. Everything from the power output of the power, the reliability for the current emission requirements. This is the function check is carried out via moderna diagnostic systems.<\/li><li><strong>The control of the battery pack and charger for electric forklift trucks:<\/strong>\u00a0The heart of a truck is its engine and battery power. We will check carefully of the battery and the charger of the electric-powered forklift trucks, in order to make sure that they are in possession of the required capacity.<\/li><li><strong>Repair:<\/strong>\u00a0If the technicians think the truck is up to par go back to our workshop for this purpose. As well, we do a thorough check of all mechanical and electrical parts, we will repair or replace them, if necessary.<\/li><li><strong>Coating:<\/strong>\u00a0Finally, restoring it to its authentic state of a first-rate appearance. There is a need for it, so we paint on the truck is full, and the supply of the new originaldekaler.<\/li><li><strong>Final check:<\/strong>\u00a0Before we are able to offer and present it second-hand forklift truck, we will carry out a final check of all kompontenter and features. We also provide over a signatory to the inspection certificate of our used lift trucks.<\/li><\/ul><h2>\u00a0<\/h2>\t\t\t\t\t\t\t\t<\/div>\n\t\t\t\t<\/div>\n\t\t\t\t\t<\/div>\n\t\t<\/div>\n\t\t\t\t\t<\/div>\n\t\t<\/section>\n\t\t\t\t<div class=\"elementor-element elementor-element-19b12972 elementor-mobile-align-justify elementor-widget elementor-widget-button\" data-id=\"19b12972\" data-element_type=\"widget\" data-e-type=\"widget\" data-widget_type=\"button.default\">\n\t\t\t\t<div class=\"elementor-widget-container\">\n\t\t\t\t\t\t\t\t\t<div class=\"elementor-button-wrapper\">\n\t\t\t\t\t<a class=\"elementor-button elementor-button-link elementor-size-sm\" href=\"\/en\/kontakt\/\">\n\t\t\t\t\t\t<span class=\"elementor-button-content-wrapper\">\n\t\t\t\t\t\t\t\t\t<span class=\"elementor-button-text\">Contact us<\/span>\n\t\t\t\t\t<\/span>\n\t\t\t\t\t<\/a>\n\t\t\t\t<\/div>\n\t\t\t\t\t\t\t\t<\/div>\n\t\t\t\t<\/div>\n\t\t\t\t\t<\/div>\n\t\t<\/div>\n\t\t\t\t\t<\/div>\n\t\t<\/section>\n\t\t\t\t<\/div>","protected":false},"excerpt":{"rendered":"<p>Begagnade truckar i G\u00f6teborg G\u00d6STAS BEGAGNADE TRUCKAR Att k\u00f6pa eller hyra en begagnad truck \u00e4r ett ekonomiskt f\u00f6rdelaktig alternativ som inte bara sparar dig pengar, utan \u00e4r \u00e4ven en insats f\u00f6r milj\u00f6n.En begagnad truck fr\u00e5n G\u00f6stas Truckar \u00e4r ett p\u00e5litligt och prisv\u00e4rt alternativ av h\u00f6g kvalitet som \u00e4r ett bra s\u00e4tt f\u00f6r nystartade eller v\u00e4xande [&hellip;]<\/p>\n","protected":false},"author":5,"featured_media":0,"parent":0,"menu_order":0,"comment_status":"closed","ping_status":"closed","template":"","meta":{"site-sidebar-layout":"no-sidebar","site-content-layout":"page-builder","ast-site-content-layout":"default","site-content-style":"default","site-sidebar-style":"default","ast-global-header-display":"","ast-banner-title-visibility":"","ast-main-header-display":"","ast-hfb-above-header-display":"","ast-hfb-below-header-display":"","ast-hfb-mobile-header-display":"","site-post-title":"disabled","ast-breadcrumbs-content":"","ast-featured-img":"disabled","footer-sml-layout":"","ast-disable-related-posts":"","theme-transparent-header-meta":"","adv-header-id-meta":"","stick-header-meta":"","header-above-stick-meta":"","header-main-stick-meta":"","header-below-stick-meta":"","astra-migrate-meta-layouts":"default","ast-page-background-enabled":"default","ast-page-background-meta":{"desktop":{"background-color":"","background-image":"","background-repeat":"repeat","background-position":"center center","background-size":"auto","background-attachment":"scroll","background-type":"","background-media":"","overlay-type":"","overlay-color":"","overlay-opacity":"","overlay-gradient":""},"tablet":{"background-color":"","background-image":"","background-repeat":"repeat","background-position":"center center","background-size":"auto","background-attachment":"scroll","background-type":"","background-media":"","overlay-type":"","overlay-color":"","overlay-opacity":"","overlay-gradient":""},"mobile":{"background-color":"","background-image":"","background-repeat":"repeat","background-position":"center center","background-size":"auto","background-attachment":"scroll","background-type":"","background-media":"","overlay-type":"","overlay-color":"","overlay-opacity":"","overlay-gradient":""}},"ast-content-background-meta":{"desktop":{"background-color":"var(--ast-global-color-5)","background-image":"","background-repeat":"repeat","background-position":"center center","background-size":"auto","background-attachment":"scroll","background-type":"","background-media":"","overlay-type":"","overlay-color":"","overlay-opacity":"","overlay-gradient":""},"tablet":{"background-color":"var(--ast-global-color-5)","background-image":"","background-repeat":"repeat","background-position":"center center","background-size":"auto","background-attachment":"scroll","background-type":"","background-media":"","overlay-type":"","overlay-color":"","overlay-opacity":"","overlay-gradient":""},"mobile":{"background-color":"var(--ast-global-color-5)","background-image":"","background-repeat":"repeat","background-position":"center center","background-size":"auto","background-attachment":"scroll","background-type":"","background-media":"","overlay-type":"","overlay-color":"","overlay-opacity":"","overlay-gradient":""}},"footnotes":""},"class_list":["post-705","page","type-page","status-publish","hentry"],"_links":{"self":[{"href":"https:\/\/gostas.se\/en\/wp-json\/wp\/v2\/pages\/705","targetHints":{"allow":["GET"]}}],"collection":[{"href":"https:\/\/gostas.se\/en\/wp-json\/wp\/v2\/pages"}],"about":[{"href":"https:\/\/gostas.se\/en\/wp-json\/wp\/v2\/types\/page"}],"author":[{"embeddable":true,"href":"https:\/\/gostas.se\/en\/wp-json\/wp\/v2\/users\/5"}],"replies":[{"embeddable":true,"href":"https:\/\/gostas.se\/en\/wp-json\/wp\/v2\/comments?post=705"}],"version-history":[{"count":34,"href":"https:\/\/gostas.se\/en\/wp-json\/wp\/v2\/pages\/705\/revisions"}],"predecessor-version":[{"id":2446,"href":"https:\/\/gostas.se\/en\/wp-json\/wp\/v2\/pages\/705\/revisions\/2446"}],"wp:attachment":[{"href":"https:\/\/gostas.se\/en\/wp-json\/wp\/v2\/media?parent=705"}],"curies":[{"name":"wp","href":"https:\/\/api.w.org\/{rel}","templated":true}]}}