{"id":703,"date":"2022-06-16T16:00:26","date_gmt":"2022-06-16T14:00:26","guid":{"rendered":"https:\/\/gostas.se\/?page_id=703"},"modified":"2024-08-16T14:00:14","modified_gmt":"2024-08-16T12:00:14","slug":"tillbehor","status":"publish","type":"page","link":"https:\/\/gostas.se\/en\/tillbehor\/","title":{"rendered":"Accessories"},"content":{"rendered":"<div data-elementor-type=\"wp-page\" data-elementor-id=\"703\" class=\"elementor elementor-703\" data-elementor-post-type=\"page\">\n\t\t\t\t\t\t<section class=\"elementor-section elementor-top-section elementor-element elementor-element-7e448d24 elementor-section-content-middle elementor-section-height-min-height elementor-hidden-mobile elementor-section-boxed elementor-section-height-default elementor-section-items-middle\" data-id=\"7e448d24\" data-element_type=\"section\" data-e-type=\"section\" data-settings=\"{&quot;background_background&quot;:&quot;gradient&quot;}\">\n\t\t\t\t\t\t\t<div class=\"elementor-background-overlay\"><\/div>\n\t\t\t\t\t\t\t<div class=\"elementor-container elementor-column-gap-no\">\n\t\t\t\t\t<div class=\"elementor-column elementor-col-100 elementor-top-column elementor-element elementor-element-1e56feb2\" data-id=\"1e56feb2\" data-element_type=\"column\" data-e-type=\"column\">\n\t\t\t<div class=\"elementor-widget-wrap elementor-element-populated\">\n\t\t\t\t\t\t<div class=\"elementor-element elementor-element-68ae797c elementor-widget elementor-widget-heading\" data-id=\"68ae797c\" data-element_type=\"widget\" data-e-type=\"widget\" data-widget_type=\"heading.default\">\n\t\t\t\t<div class=\"elementor-widget-container\">\n\t\t\t\t\t<h1 class=\"elementor-heading-title elementor-size-default\">Accessories<\/h1>\t\t\t\t<\/div>\n\t\t\t\t<\/div>\n\t\t\t\t\t<\/div>\n\t\t<\/div>\n\t\t\t\t\t<\/div>\n\t\t<\/section>\n\t\t\t\t<section class=\"elementor-section elementor-top-section elementor-element elementor-element-14e68724 elementor-section-boxed elementor-section-height-default elementor-section-height-default\" data-id=\"14e68724\" data-element_type=\"section\" data-e-type=\"section\">\n\t\t\t\t\t\t<div class=\"elementor-container elementor-column-gap-default\">\n\t\t\t\t\t<div class=\"elementor-column elementor-col-100 elementor-top-column elementor-element elementor-element-2c9408c0\" data-id=\"2c9408c0\" data-element_type=\"column\" data-e-type=\"column\">\n\t\t\t<div class=\"elementor-widget-wrap elementor-element-populated\">\n\t\t\t\t\t\t<section class=\"elementor-section elementor-inner-section elementor-element elementor-element-3169c72 elementor-section-boxed elementor-section-height-default elementor-section-height-default\" data-id=\"3169c72\" data-element_type=\"section\" data-e-type=\"section\">\n\t\t\t\t\t\t<div class=\"elementor-container elementor-column-gap-default\">\n\t\t\t\t\t<div class=\"elementor-column elementor-col-50 elementor-inner-column elementor-element elementor-element-463abf9e\" data-id=\"463abf9e\" data-element_type=\"column\" data-e-type=\"column\">\n\t\t\t<div class=\"elementor-widget-wrap elementor-element-populated\">\n\t\t\t\t\t\t<div class=\"elementor-element elementor-element-61b49cd8 elementor-widget elementor-widget-text-editor\" data-id=\"61b49cd8\" data-element_type=\"widget\" data-e-type=\"widget\" data-widget_type=\"text-editor.default\">\n\t\t\t\t<div class=\"elementor-widget-container\">\n\t\t\t\t\t\t\t\t\t<h2>G\u00f6sta accessories for trucks<\/h2><p>Hos G\u00f6stas hittar du ett brett utbud av truckar s\u00e5v\u00e4l som trucktillbeh\u00f6r. V\u00e5ra truckar \u00e4r flexibla och m\u00e5ngsidiga maskiner som kan utf\u00f6ra en rad olika sorters arbetsuppgifter i de flesta olika arbetsmilj\u00f6er och p\u00e5 byggarbetsplatser. Med r\u00e4tt trucktillbeh\u00f6r kan du g\u00f6ra din fordonsflotta b\u00e5de flexibel och kostnadseffektiv i form av truckar och maskiner som kan utf\u00f6ra uppgifter och prestera ut\u00f6ver det normala.<\/p><div><h2>TO RENT OR TO BUY TRUCKTILLBEH\u00d6R<\/h2><p>G\u00f6sta's Truck Rental primarily focuses on rental, but together with our owners at Truckpoolen G\u00f6teborg AB, we can also offer leasing and sales.<\/p><\/div>\t\t\t\t\t\t\t\t<\/div>\n\t\t\t\t<\/div>\n\t\t\t\t\t<\/div>\n\t\t<\/div>\n\t\t\t\t<div class=\"elementor-column elementor-col-50 elementor-inner-column elementor-element elementor-element-1ddc97e5\" data-id=\"1ddc97e5\" data-element_type=\"column\" data-e-type=\"column\">\n\t\t\t<div class=\"elementor-widget-wrap elementor-element-populated\">\n\t\t\t\t\t\t<div class=\"elementor-element elementor-element-10948d94 elementor-widget elementor-widget-text-editor\" data-id=\"10948d94\" data-element_type=\"widget\" data-e-type=\"widget\" data-widget_type=\"text-editor.default\">\n\t\t\t\t<div class=\"elementor-widget-container\">\n\t\t\t\t\t\t\t\t\t<h2>OUR SELECTION OF TRUCKTILLBEH\u00d6R<\/h2><p>We hold a wide range of trucktillbeh\u00f6r in the highest quality, our different types of trucks, which will help you take advantage of the tremendous potential and flexibility that is available in the truck.<br \/>Our selection of trucktillbeh\u00f6r you will find, among other things, the following:<\/p><ul><li>Balklyft<\/li><li>Containerramp<\/li><li>Gipsok<\/li><li>Extension of up to 5 feet of some of the trucks<\/li><li>Gipsvagga<\/li><li>Mattpik<\/li><li>Suspension arms, and kranvinschari a variety of designs<\/li><li>Crane hooks<\/li><li>Maskinskridskor<\/li><li>Materialkorgar and personlyftkorgar<\/li><li>Particulate filter<\/li><li>Lifters<\/li><li>S: gallerskopa, betongskopa, chip bucket<\/li><li>Sopaggregat of irrigation systems and equipment<\/li><li>Tippbingar<\/li><li>THE draw for the trailer<\/li><li>Avsp\u00e4rrningsutrustning, signs, fences, and there<\/li><li>Soil<\/li><\/ul><p>Anything that you need that are missing from the list? Please contact us for more information about our trucktillbeh\u00f6r, the specifications, and, what&#039;s more, as part of our extensive collection of trucktillbeh\u00f6r.<\/p>\t\t\t\t\t\t\t\t<\/div>\n\t\t\t\t<\/div>\n\t\t\t\t\t<\/div>\n\t\t<\/div>\n\t\t\t\t\t<\/div>\n\t\t<\/section>\n\t\t\t\t<div class=\"elementor-element elementor-element-1ae781e8 elementor-mobile-align-justify elementor-widget elementor-widget-button\" data-id=\"1ae781e8\" data-element_type=\"widget\" data-e-type=\"widget\" data-widget_type=\"button.default\">\n\t\t\t\t<div class=\"elementor-widget-container\">\n\t\t\t\t\t\t\t\t\t<div class=\"elementor-button-wrapper\">\n\t\t\t\t\t<a class=\"elementor-button elementor-button-link elementor-size-sm\" href=\"\/en\/kontakt\/\">\n\t\t\t\t\t\t<span class=\"elementor-button-content-wrapper\">\n\t\t\t\t\t\t\t\t\t<span class=\"elementor-button-text\">Contact us<\/span>\n\t\t\t\t\t<\/span>\n\t\t\t\t\t<\/a>\n\t\t\t\t<\/div>\n\t\t\t\t\t\t\t\t<\/div>\n\t\t\t\t<\/div>\n\t\t\t\t\t<\/div>\n\t\t<\/div>\n\t\t\t\t\t<\/div>\n\t\t<\/section>\n\t\t\t\t<\/div>","protected":false},"excerpt":{"rendered":"<p>Tillbeh\u00f6r G\u00f6stas tillbeh\u00f6r till truckar Hos G\u00f6stas hittar du ett brett utbud av truckar s\u00e5v\u00e4l som trucktillbeh\u00f6r. V\u00e5ra truckar \u00e4r flexibla och m\u00e5ngsidiga maskiner som kan utf\u00f6ra en rad olika sorters arbetsuppgifter i de flesta olika arbetsmilj\u00f6er och p\u00e5 byggarbetsplatser. Med r\u00e4tt trucktillbeh\u00f6r kan du g\u00f6ra din fordonsflotta b\u00e5de flexibel och kostnadseffektiv i form av [&hellip;]<\/p>\n","protected":false},"author":5,"featured_media":0,"parent":0,"menu_order":0,"comment_status":"closed","ping_status":"closed","template":"","meta":{"site-sidebar-layout":"no-sidebar","site-content-layout":"page-builder","ast-site-content-layout":"default","site-content-style":"default","site-sidebar-style":"default","ast-global-header-display":"","ast-banner-title-visibility":"","ast-main-header-display":"","ast-hfb-above-header-display":"","ast-hfb-below-header-display":"","ast-hfb-mobile-header-display":"","site-post-title":"disabled","ast-breadcrumbs-content":"","ast-featured-img":"disabled","footer-sml-layout":"","ast-disable-related-posts":"","theme-transparent-header-meta":"","adv-header-id-meta":"","stick-header-meta":"","header-above-stick-meta":"","header-main-stick-meta":"","header-below-stick-meta":"","astra-migrate-meta-layouts":"default","ast-page-background-enabled":"default","ast-page-background-meta":{"desktop":{"background-color":"","background-image":"","background-repeat":"repeat","background-position":"center center","background-size":"auto","background-attachment":"scroll","background-type":"","background-media":"","overlay-type":"","overlay-color":"","overlay-opacity":"","overlay-gradient":""},"tablet":{"background-color":"","background-image":"","background-repeat":"repeat","background-position":"center center","background-size":"auto","background-attachment":"scroll","background-type":"","background-media":"","overlay-type":"","overlay-color":"","overlay-opacity":"","overlay-gradient":""},"mobile":{"background-color":"","background-image":"","background-repeat":"repeat","background-position":"center center","background-size":"auto","background-attachment":"scroll","background-type":"","background-media":"","overlay-type":"","overlay-color":"","overlay-opacity":"","overlay-gradient":""}},"ast-content-background-meta":{"desktop":{"background-color":"var(--ast-global-color-5)","background-image":"","background-repeat":"repeat","background-position":"center center","background-size":"auto","background-attachment":"scroll","background-type":"","background-media":"","overlay-type":"","overlay-color":"","overlay-opacity":"","overlay-gradient":""},"tablet":{"background-color":"var(--ast-global-color-5)","background-image":"","background-repeat":"repeat","background-position":"center center","background-size":"auto","background-attachment":"scroll","background-type":"","background-media":"","overlay-type":"","overlay-color":"","overlay-opacity":"","overlay-gradient":""},"mobile":{"background-color":"var(--ast-global-color-5)","background-image":"","background-repeat":"repeat","background-position":"center center","background-size":"auto","background-attachment":"scroll","background-type":"","background-media":"","overlay-type":"","overlay-color":"","overlay-opacity":"","overlay-gradient":""}},"footnotes":""},"class_list":["post-703","page","type-page","status-publish","hentry"],"_links":{"self":[{"href":"https:\/\/gostas.se\/en\/wp-json\/wp\/v2\/pages\/703","targetHints":{"allow":["GET"]}}],"collection":[{"href":"https:\/\/gostas.se\/en\/wp-json\/wp\/v2\/pages"}],"about":[{"href":"https:\/\/gostas.se\/en\/wp-json\/wp\/v2\/types\/page"}],"author":[{"embeddable":true,"href":"https:\/\/gostas.se\/en\/wp-json\/wp\/v2\/users\/5"}],"replies":[{"embeddable":true,"href":"https:\/\/gostas.se\/en\/wp-json\/wp\/v2\/comments?post=703"}],"version-history":[{"count":10,"href":"https:\/\/gostas.se\/en\/wp-json\/wp\/v2\/pages\/703\/revisions"}],"predecessor-version":[{"id":1648,"href":"https:\/\/gostas.se\/en\/wp-json\/wp\/v2\/pages\/703\/revisions\/1648"}],"wp:attachment":[{"href":"https:\/\/gostas.se\/en\/wp-json\/wp\/v2\/media?parent=703"}],"curies":[{"name":"wp","href":"https:\/\/api.w.org\/{rel}","templated":true}]}}