{"id":702,"date":"2022-06-16T16:00:25","date_gmt":"2022-06-16T14:00:25","guid":{"rendered":"https:\/\/gostas.se\/?page_id=702"},"modified":"2023-01-18T15:55:54","modified_gmt":"2023-01-18T14:55:54","slug":"hyra-terminaltraktor-med-forare","status":"publish","type":"page","link":"https:\/\/gostas.se\/en\/hyra-terminaltraktor-med-forare\/","title":{"rendered":"Hyra terminaltraktor med f\u00f6rare"},"content":{"rendered":"<div data-elementor-type=\"wp-page\" data-elementor-id=\"702\" class=\"elementor elementor-702\" data-elementor-post-type=\"page\">\n\t\t\t\t\t\t<section class=\"elementor-section elementor-top-section elementor-element elementor-element-750d69f7 elementor-section-content-middle elementor-section-height-min-height elementor-hidden-mobile elementor-section-boxed elementor-section-height-default elementor-section-items-middle\" data-id=\"750d69f7\" data-element_type=\"section\" data-e-type=\"section\" data-settings=\"{&quot;background_background&quot;:&quot;gradient&quot;}\">\n\t\t\t\t\t\t\t<div class=\"elementor-background-overlay\"><\/div>\n\t\t\t\t\t\t\t<div class=\"elementor-container elementor-column-gap-no\">\n\t\t\t\t\t<div class=\"elementor-column elementor-col-100 elementor-top-column elementor-element elementor-element-1587b997\" data-id=\"1587b997\" data-element_type=\"column\" data-e-type=\"column\">\n\t\t\t<div class=\"elementor-widget-wrap elementor-element-populated\">\n\t\t\t\t\t\t<div class=\"elementor-element elementor-element-58543b8d elementor-widget elementor-widget-heading\" data-id=\"58543b8d\" data-element_type=\"widget\" data-e-type=\"widget\" data-widget_type=\"heading.default\">\n\t\t\t\t<div class=\"elementor-widget-container\">\n\t\t\t\t\t<h1 class=\"elementor-heading-title elementor-size-default\">Hyra terminaltraktor med f\u00f6rare<\/h1>\t\t\t\t<\/div>\n\t\t\t\t<\/div>\n\t\t\t\t\t<\/div>\n\t\t<\/div>\n\t\t\t\t\t<\/div>\n\t\t<\/section>\n\t\t\t\t<section class=\"elementor-section elementor-top-section elementor-element elementor-element-5d5c769a elementor-section-boxed elementor-section-height-default elementor-section-height-default\" data-id=\"5d5c769a\" data-element_type=\"section\" data-e-type=\"section\">\n\t\t\t\t\t\t<div class=\"elementor-container elementor-column-gap-default\">\n\t\t\t\t\t<div class=\"elementor-column elementor-col-100 elementor-top-column elementor-element elementor-element-566dfc65\" data-id=\"566dfc65\" data-element_type=\"column\" data-e-type=\"column\">\n\t\t\t<div class=\"elementor-widget-wrap elementor-element-populated\">\n\t\t\t\t\t\t<section class=\"elementor-section elementor-inner-section elementor-element elementor-element-3251e588 elementor-section-boxed elementor-section-height-default elementor-section-height-default\" data-id=\"3251e588\" data-element_type=\"section\" data-e-type=\"section\">\n\t\t\t\t\t\t<div class=\"elementor-container elementor-column-gap-default\">\n\t\t\t\t\t<div class=\"elementor-column elementor-col-50 elementor-inner-column elementor-element elementor-element-71306b49\" data-id=\"71306b49\" data-element_type=\"column\" data-e-type=\"column\">\n\t\t\t<div class=\"elementor-widget-wrap elementor-element-populated\">\n\t\t\t\t\t\t<div class=\"elementor-element elementor-element-5aa398f5 elementor-widget elementor-widget-text-editor\" data-id=\"5aa398f5\" data-element_type=\"widget\" data-e-type=\"widget\" data-widget_type=\"text-editor.default\">\n\t\t\t\t<div class=\"elementor-widget-container\">\n\t\t\t\t\t\t\t\t\t<h2>G\u00f6sta terminaltraktorer<\/h2><p>Our terminaltraktorer is specially developed and designed for the efficient and effective operation of the ports, terminals, distribution, and logistics centers, as well as industrial work sites. Whether it&#039;s an indoor or outdoor spaces, our terminaltraktorer is the perfect solution for your business needs and requirements.A terminaltraktor is mainly used in the tightest of environments in which the driver is, in many cases, the need to back in and out of narrow spaces with heavy loads. In order to ensure the high efficiency and safety are required, the speed, performance and reliability. A terminaltraktor of G\u00f6sta, the Trucks, you get a machine with a sound and slick design, with good visibility from the driver&#039;s cab, ergonomic controls, to the simple in-and-out access, and one of the industry&#039;s tightest turning radius. Our terminaltraktorer are created by, and for the oroperat\u00f6rer.<\/p><div><h2>TO RENT OR TO BUY TERMINALTRAKTOR<\/h2><p>G\u00f6sta's Truck Rental primarily focuses on rental, but together with our owners at Truckpoolen G\u00f6teborg AB, we can also offer leasing and sales.<\/p><p>Our terminaltraktorer is developed and designed with both the operator and the manager of the fleet of the mind. Everything is in the driver&#039;s compartment is arranged in order to ensure the highest level of security, convenience, and productivity.<\/p><\/div>\t\t\t\t\t\t\t\t<\/div>\n\t\t\t\t<\/div>\n\t\t\t\t\t<\/div>\n\t\t<\/div>\n\t\t\t\t<div class=\"elementor-column elementor-col-50 elementor-inner-column elementor-element elementor-element-24dbece1\" data-id=\"24dbece1\" data-element_type=\"column\" data-e-type=\"column\">\n\t\t\t<div class=\"elementor-widget-wrap elementor-element-populated\">\n\t\t\t\t\t\t<div class=\"elementor-element elementor-element-51182c55 elementor-widget elementor-widget-text-editor\" data-id=\"51182c55\" data-element_type=\"widget\" data-e-type=\"widget\" data-widget_type=\"text-editor.default\">\n\t\t\t\t<div class=\"elementor-widget-container\">\n\t\t\t\t\t\t\t\t\t<h2>USED TERMINALTRAKTORER<\/h2><p>We also sell and rent out the second-hand terminaltraktorer. It is an economical and environmentally friendly option is a great choice for a start-up or a growing business that is quick and cheap to develop in its members and activities in order to meet the demands and the needs that they have.<\/p><p>En begagnad terminaltraktor fr\u00e5n G\u00f6stas g\u00e5r knappt att urskilja fr\u00e5n en traktor i nyskick. Vi genomf\u00f6r n\u00e4mligen en omfattande kvalitets- och funktionskontroll p\u00e5 varje enskilt fordon innan vi v\u00e4ljer att s\u00e4lja eller hyra ut dem. Vi g\u00e5r igenom varje komponent och funktion i terminaltraktorn och \u00e5tg\u00e4rdar eventuella brister genom att byta ut bristf\u00e4lliga delar.<\/p>\t\t\t\t\t\t\t\t<\/div>\n\t\t\t\t<\/div>\n\t\t\t\t\t<\/div>\n\t\t<\/div>\n\t\t\t\t\t<\/div>\n\t\t<\/section>\n\t\t\t\t<div class=\"elementor-element elementor-element-532cb9a5 elementor-mobile-align-justify elementor-widget elementor-widget-button\" data-id=\"532cb9a5\" data-element_type=\"widget\" data-e-type=\"widget\" data-widget_type=\"button.default\">\n\t\t\t\t<div class=\"elementor-widget-container\">\n\t\t\t\t\t\t\t\t\t<div class=\"elementor-button-wrapper\">\n\t\t\t\t\t<a class=\"elementor-button elementor-button-link elementor-size-sm\" href=\"\/en\/kontakt\/\">\n\t\t\t\t\t\t<span class=\"elementor-button-content-wrapper\">\n\t\t\t\t\t\t\t\t\t<span class=\"elementor-button-text\">Contact us<\/span>\n\t\t\t\t\t<\/span>\n\t\t\t\t\t<\/a>\n\t\t\t\t<\/div>\n\t\t\t\t\t\t\t\t<\/div>\n\t\t\t\t<\/div>\n\t\t\t\t\t<\/div>\n\t\t<\/div>\n\t\t\t\t\t<\/div>\n\t\t<\/section>\n\t\t\t\t<\/div>","protected":false},"excerpt":{"rendered":"<p>Hyra terminaltraktor med f\u00f6rare G\u00f6stas terminaltraktorer V\u00e5ra terminaltraktorer \u00e4r speciellt utvecklade och designade f\u00f6r effektiv anv\u00e4ndning i hamnar, containerterminaler, distribution- och logistikcentraler, s\u00e5v\u00e4l som industriella byggarbetsplatser. Vare sig det handlar om inomhus- eller utomhusmilj\u00f6er \u00e4r v\u00e5ra terminaltraktorer den perfekta l\u00f6sningen f\u00f6r dina behov och krav.En terminaltraktor anv\u00e4nds fr\u00e4mst i tr\u00e5nga milj\u00f6er d\u00e4r f\u00f6raren i m\u00e5nga [&hellip;]<\/p>\n","protected":false},"author":5,"featured_media":0,"parent":0,"menu_order":0,"comment_status":"closed","ping_status":"closed","template":"","meta":{"site-sidebar-layout":"no-sidebar","site-content-layout":"page-builder","ast-site-content-layout":"default","site-content-style":"default","site-sidebar-style":"default","ast-global-header-display":"","ast-banner-title-visibility":"","ast-main-header-display":"","ast-hfb-above-header-display":"","ast-hfb-below-header-display":"","ast-hfb-mobile-header-display":"","site-post-title":"disabled","ast-breadcrumbs-content":"","ast-featured-img":"disabled","footer-sml-layout":"","ast-disable-related-posts":"","theme-transparent-header-meta":"","adv-header-id-meta":"","stick-header-meta":"","header-above-stick-meta":"","header-main-stick-meta":"","header-below-stick-meta":"","astra-migrate-meta-layouts":"default","ast-page-background-enabled":"default","ast-page-background-meta":{"desktop":{"background-color":"","background-image":"","background-repeat":"repeat","background-position":"center center","background-size":"auto","background-attachment":"scroll","background-type":"","background-media":"","overlay-type":"","overlay-color":"","overlay-opacity":"","overlay-gradient":""},"tablet":{"background-color":"","background-image":"","background-repeat":"repeat","background-position":"center center","background-size":"auto","background-attachment":"scroll","background-type":"","background-media":"","overlay-type":"","overlay-color":"","overlay-opacity":"","overlay-gradient":""},"mobile":{"background-color":"","background-image":"","background-repeat":"repeat","background-position":"center center","background-size":"auto","background-attachment":"scroll","background-type":"","background-media":"","overlay-type":"","overlay-color":"","overlay-opacity":"","overlay-gradient":""}},"ast-content-background-meta":{"desktop":{"background-color":"var(--ast-global-color-5)","background-image":"","background-repeat":"repeat","background-position":"center center","background-size":"auto","background-attachment":"scroll","background-type":"","background-media":"","overlay-type":"","overlay-color":"","overlay-opacity":"","overlay-gradient":""},"tablet":{"background-color":"var(--ast-global-color-5)","background-image":"","background-repeat":"repeat","background-position":"center center","background-size":"auto","background-attachment":"scroll","background-type":"","background-media":"","overlay-type":"","overlay-color":"","overlay-opacity":"","overlay-gradient":""},"mobile":{"background-color":"var(--ast-global-color-5)","background-image":"","background-repeat":"repeat","background-position":"center center","background-size":"auto","background-attachment":"scroll","background-type":"","background-media":"","overlay-type":"","overlay-color":"","overlay-opacity":"","overlay-gradient":""}},"footnotes":""},"class_list":["post-702","page","type-page","status-publish","hentry"],"_links":{"self":[{"href":"https:\/\/gostas.se\/en\/wp-json\/wp\/v2\/pages\/702","targetHints":{"allow":["GET"]}}],"collection":[{"href":"https:\/\/gostas.se\/en\/wp-json\/wp\/v2\/pages"}],"about":[{"href":"https:\/\/gostas.se\/en\/wp-json\/wp\/v2\/types\/page"}],"author":[{"embeddable":true,"href":"https:\/\/gostas.se\/en\/wp-json\/wp\/v2\/users\/5"}],"replies":[{"embeddable":true,"href":"https:\/\/gostas.se\/en\/wp-json\/wp\/v2\/comments?post=702"}],"version-history":[{"count":23,"href":"https:\/\/gostas.se\/en\/wp-json\/wp\/v2\/pages\/702\/revisions"}],"predecessor-version":[{"id":1814,"href":"https:\/\/gostas.se\/en\/wp-json\/wp\/v2\/pages\/702\/revisions\/1814"}],"wp:attachment":[{"href":"https:\/\/gostas.se\/en\/wp-json\/wp\/v2\/media?parent=702"}],"curies":[{"name":"wp","href":"https:\/\/api.w.org\/{rel}","templated":true}]}}