{"id":698,"date":"2022-06-16T16:00:25","date_gmt":"2022-06-16T14:00:25","guid":{"rendered":"https:\/\/gostas.se\/?page_id=698"},"modified":"2023-01-18T15:54:34","modified_gmt":"2023-01-18T14:54:34","slug":"hyra-ledtruck-med-forare","status":"publish","type":"page","link":"https:\/\/gostas.se\/en\/hyra-ledtruck-med-forare\/","title":{"rendered":"Hyra ledtruck med f\u00f6rare"},"content":{"rendered":"<div data-elementor-type=\"wp-page\" data-elementor-id=\"698\" class=\"elementor elementor-698\" data-elementor-post-type=\"page\">\n\t\t\t\t\t\t<section class=\"elementor-section elementor-top-section elementor-element elementor-element-33af3e94 elementor-section-content-middle elementor-section-height-min-height elementor-hidden-mobile elementor-section-boxed elementor-section-height-default elementor-section-items-middle\" data-id=\"33af3e94\" data-element_type=\"section\" data-e-type=\"section\" data-settings=\"{&quot;background_background&quot;:&quot;gradient&quot;}\">\n\t\t\t\t\t\t\t<div class=\"elementor-background-overlay\"><\/div>\n\t\t\t\t\t\t\t<div class=\"elementor-container elementor-column-gap-no\">\n\t\t\t\t\t<div class=\"elementor-column elementor-col-100 elementor-top-column elementor-element elementor-element-3030f32d\" data-id=\"3030f32d\" data-element_type=\"column\" data-e-type=\"column\">\n\t\t\t<div class=\"elementor-widget-wrap elementor-element-populated\">\n\t\t\t\t\t\t<div class=\"elementor-element elementor-element-10b183de elementor-widget elementor-widget-heading\" data-id=\"10b183de\" data-element_type=\"widget\" data-e-type=\"widget\" data-widget_type=\"heading.default\">\n\t\t\t\t<div class=\"elementor-widget-container\">\n\t\t\t\t\t<h1 class=\"elementor-heading-title elementor-size-default\">Hyra ledtruck med f\u00f6rare<\/h1>\t\t\t\t<\/div>\n\t\t\t\t<\/div>\n\t\t\t\t\t<\/div>\n\t\t<\/div>\n\t\t\t\t\t<\/div>\n\t\t<\/section>\n\t\t\t\t<section class=\"elementor-section elementor-top-section elementor-element elementor-element-6bdce320 elementor-section-boxed elementor-section-height-default elementor-section-height-default\" data-id=\"6bdce320\" data-element_type=\"section\" data-e-type=\"section\">\n\t\t\t\t\t\t<div class=\"elementor-container elementor-column-gap-default\">\n\t\t\t\t\t<div class=\"elementor-column elementor-col-100 elementor-top-column elementor-element elementor-element-126d0575\" data-id=\"126d0575\" data-element_type=\"column\" data-e-type=\"column\">\n\t\t\t<div class=\"elementor-widget-wrap elementor-element-populated\">\n\t\t\t\t\t\t<section class=\"elementor-section elementor-inner-section elementor-element elementor-element-48b3ae83 elementor-section-boxed elementor-section-height-default elementor-section-height-default\" data-id=\"48b3ae83\" data-element_type=\"section\" data-e-type=\"section\">\n\t\t\t\t\t\t<div class=\"elementor-container elementor-column-gap-default\">\n\t\t\t\t\t<div class=\"elementor-column elementor-col-50 elementor-inner-column elementor-element elementor-element-67f04fb9\" data-id=\"67f04fb9\" data-element_type=\"column\" data-e-type=\"column\">\n\t\t\t<div class=\"elementor-widget-wrap elementor-element-populated\">\n\t\t\t\t\t\t<div class=\"elementor-element elementor-element-6309e1c4 elementor-widget elementor-widget-text-editor\" data-id=\"6309e1c4\" data-element_type=\"widget\" data-e-type=\"widget\" data-widget_type=\"text-editor.default\">\n\t\t\t\t<div class=\"elementor-widget-container\">\n\t\t\t\t\t\t\t\t\t<h2>G\u00f6sta ledtruckar<\/h2><p>Our ledtruckar, also referred to as the l\u00e5glyft \u2013 will help you and your business, to become more productive and, at the same time, safer and more secure. On the day when we, ourselves, had to lift heavy loads and move them has long since passed, and workplace injuries that came with it as well.A ledtruck you to perform fast and simple, the horizontal movement of cargo and avlastningar, as well as the orderplock without having to risk your own health. Our ledtruckar is a very compact designs, high-quality, depending on the model, with a capacity of between 1-2 tons.<\/p><p>They are available in a variety of different models, either as a bredvidg\u00e5ende ledtruckar, or is equipped with a platform from which to stand or even sit on it.<\/p><h2>TO RENT OR TO BUY LEDTRUCKAR<\/h2><p>G\u00f6sta's Truck Rental primarily focuses on rental, but together with our owners at Truckpoolen G\u00f6teborg AB, we can also offer leasing and sales.<\/p><p>To rent or to buy a ledtruck is the number one choice for businesses that are involved with material handling in the warehouse, the showrooms, and other similar buildings, with only a limited amount of space. Our ledtruckar hold a tight turning radius which makes them easy to operate, and designed for optimal visibility, as well as from ergonomics to ensure a comfortable and safe to use.<\/p>\t\t\t\t\t\t\t\t<\/div>\n\t\t\t\t<\/div>\n\t\t\t\t\t<\/div>\n\t\t<\/div>\n\t\t\t\t<div class=\"elementor-column elementor-col-50 elementor-inner-column elementor-element elementor-element-24438196\" data-id=\"24438196\" data-element_type=\"column\" data-e-type=\"column\">\n\t\t\t<div class=\"elementor-widget-wrap elementor-element-populated\">\n\t\t\t\t\t\t<div class=\"elementor-element elementor-element-6ad6802d elementor-widget elementor-widget-text-editor\" data-id=\"6ad6802d\" data-element_type=\"widget\" data-e-type=\"widget\" data-widget_type=\"text-editor.default\">\n\t\t\t\t<div class=\"elementor-widget-container\">\n\t\t\t\t\t\t\t\t\t<h2>USED LEDTRUCKAR<\/h2><p>You can also buy or lease the second-hand ledtruckar from us. It is an economically and environmentally smart choice for new start-ups and growing companies to expand their businesses and fleets of vehicles, quickly and cheaply, in order to meet the demands and needs of those in possession.<\/p><p>N\u00e4r du k\u00f6per en begagnad ledtruck fr\u00e5n G\u00f6stas kan vi garantera att den \u00e4r fullt funktionell och kommer forts\u00e4tta vara det i m\u00e5nga \u00e5r fram\u00f6ver. Innan vi v\u00e4ljer att s\u00e4lja eller hyra ut en begagnad ledtruck genomg\u00e5r den samma process samtliga begagnade maskiner vi s\u00e4ljer och hyr har genomg\u00e5tt. Vi utf\u00f6r en omfattande och noggrann kvalitets- och funktionskontroll av varje individuell komponent och funktion i v\u00e5ra maskiner f\u00f6r att s\u00e4kerst\u00e4lla att den b\u00e5de \u00e4r fullt funktionell och s\u00e4ker. Eventuella brister som uppt\u00e4cks under v\u00e5r kontroll \u00e5tg\u00e4rdas genom att ers\u00e4tta de bristf\u00e4lliga komponenterna.<\/p>\t\t\t\t\t\t\t\t<\/div>\n\t\t\t\t<\/div>\n\t\t\t\t\t<\/div>\n\t\t<\/div>\n\t\t\t\t\t<\/div>\n\t\t<\/section>\n\t\t\t\t<div class=\"elementor-element elementor-element-76ef9293 elementor-mobile-align-justify elementor-widget elementor-widget-button\" data-id=\"76ef9293\" data-element_type=\"widget\" data-e-type=\"widget\" data-widget_type=\"button.default\">\n\t\t\t\t<div class=\"elementor-widget-container\">\n\t\t\t\t\t\t\t\t\t<div class=\"elementor-button-wrapper\">\n\t\t\t\t\t<a class=\"elementor-button elementor-button-link elementor-size-sm\" href=\"\/en\/kontakt\/\">\n\t\t\t\t\t\t<span class=\"elementor-button-content-wrapper\">\n\t\t\t\t\t\t\t\t\t<span class=\"elementor-button-text\">Contact us<\/span>\n\t\t\t\t\t<\/span>\n\t\t\t\t\t<\/a>\n\t\t\t\t<\/div>\n\t\t\t\t\t\t\t\t<\/div>\n\t\t\t\t<\/div>\n\t\t\t\t\t<\/div>\n\t\t<\/div>\n\t\t\t\t\t<\/div>\n\t\t<\/section>\n\t\t\t\t<\/div>","protected":false},"excerpt":{"rendered":"<p>Hyra ledtruck med f\u00f6rare G\u00f6stas ledtruckar V\u00e5ra ledtruckar \u2013 \u00e4ven kallad l\u00e5glyft \u2013 hj\u00e4lper dig och din verksamhet att bli mer produktiv och samtidigt s\u00e4krare. Dagen d\u00e5 vi sj\u00e4lva beh\u00f6vde lyfta tunga laster och flytta dem \u00e4r sedan l\u00e4nge f\u00f6rbi, och arbetsskadorna som f\u00f6ljde med det likas\u00e5.Med en ledtruck utf\u00f6r du snabbt och enkelt horisontella [&hellip;]<\/p>\n","protected":false},"author":5,"featured_media":0,"parent":0,"menu_order":0,"comment_status":"closed","ping_status":"closed","template":"","meta":{"site-sidebar-layout":"no-sidebar","site-content-layout":"page-builder","ast-site-content-layout":"default","site-content-style":"default","site-sidebar-style":"default","ast-global-header-display":"","ast-banner-title-visibility":"","ast-main-header-display":"","ast-hfb-above-header-display":"","ast-hfb-below-header-display":"","ast-hfb-mobile-header-display":"","site-post-title":"disabled","ast-breadcrumbs-content":"","ast-featured-img":"disabled","footer-sml-layout":"","ast-disable-related-posts":"","theme-transparent-header-meta":"","adv-header-id-meta":"","stick-header-meta":"","header-above-stick-meta":"","header-main-stick-meta":"","header-below-stick-meta":"","astra-migrate-meta-layouts":"default","ast-page-background-enabled":"default","ast-page-background-meta":{"desktop":{"background-color":"","background-image":"","background-repeat":"repeat","background-position":"center center","background-size":"auto","background-attachment":"scroll","background-type":"","background-media":"","overlay-type":"","overlay-color":"","overlay-opacity":"","overlay-gradient":""},"tablet":{"background-color":"","background-image":"","background-repeat":"repeat","background-position":"center center","background-size":"auto","background-attachment":"scroll","background-type":"","background-media":"","overlay-type":"","overlay-color":"","overlay-opacity":"","overlay-gradient":""},"mobile":{"background-color":"","background-image":"","background-repeat":"repeat","background-position":"center center","background-size":"auto","background-attachment":"scroll","background-type":"","background-media":"","overlay-type":"","overlay-color":"","overlay-opacity":"","overlay-gradient":""}},"ast-content-background-meta":{"desktop":{"background-color":"var(--ast-global-color-5)","background-image":"","background-repeat":"repeat","background-position":"center center","background-size":"auto","background-attachment":"scroll","background-type":"","background-media":"","overlay-type":"","overlay-color":"","overlay-opacity":"","overlay-gradient":""},"tablet":{"background-color":"var(--ast-global-color-5)","background-image":"","background-repeat":"repeat","background-position":"center center","background-size":"auto","background-attachment":"scroll","background-type":"","background-media":"","overlay-type":"","overlay-color":"","overlay-opacity":"","overlay-gradient":""},"mobile":{"background-color":"var(--ast-global-color-5)","background-image":"","background-repeat":"repeat","background-position":"center center","background-size":"auto","background-attachment":"scroll","background-type":"","background-media":"","overlay-type":"","overlay-color":"","overlay-opacity":"","overlay-gradient":""}},"footnotes":""},"class_list":["post-698","page","type-page","status-publish","hentry"],"_links":{"self":[{"href":"https:\/\/gostas.se\/en\/wp-json\/wp\/v2\/pages\/698","targetHints":{"allow":["GET"]}}],"collection":[{"href":"https:\/\/gostas.se\/en\/wp-json\/wp\/v2\/pages"}],"about":[{"href":"https:\/\/gostas.se\/en\/wp-json\/wp\/v2\/types\/page"}],"author":[{"embeddable":true,"href":"https:\/\/gostas.se\/en\/wp-json\/wp\/v2\/users\/5"}],"replies":[{"embeddable":true,"href":"https:\/\/gostas.se\/en\/wp-json\/wp\/v2\/comments?post=698"}],"version-history":[{"count":26,"href":"https:\/\/gostas.se\/en\/wp-json\/wp\/v2\/pages\/698\/revisions"}],"predecessor-version":[{"id":1805,"href":"https:\/\/gostas.se\/en\/wp-json\/wp\/v2\/pages\/698\/revisions\/1805"}],"wp:attachment":[{"href":"https:\/\/gostas.se\/en\/wp-json\/wp\/v2\/media?parent=698"}],"curies":[{"name":"wp","href":"https:\/\/api.w.org\/{rel}","templated":true}]}}