{"id":696,"date":"2022-06-16T16:00:25","date_gmt":"2022-06-16T14:00:25","guid":{"rendered":"https:\/\/gostas.se\/?page_id=696"},"modified":"2025-01-31T11:38:00","modified_gmt":"2025-01-31T10:38:00","slug":"hyra-eltruckar-med-forare","status":"publish","type":"page","link":"https:\/\/gostas.se\/en\/hyra-eltruckar-med-forare\/","title":{"rendered":"Hyra Eltruckar med f\u00f6rare"},"content":{"rendered":"<div data-elementor-type=\"wp-page\" data-elementor-id=\"696\" class=\"elementor elementor-696\" data-elementor-post-type=\"page\">\n\t\t\t\t\t\t<section class=\"elementor-section elementor-top-section elementor-element elementor-element-7bc0b78 elementor-section-content-middle elementor-section-height-min-height elementor-hidden-mobile elementor-section-boxed elementor-section-height-default elementor-section-items-middle\" data-id=\"7bc0b78\" data-element_type=\"section\" data-e-type=\"section\" data-settings=\"{&quot;background_background&quot;:&quot;gradient&quot;}\">\n\t\t\t\t\t\t\t<div class=\"elementor-background-overlay\"><\/div>\n\t\t\t\t\t\t\t<div class=\"elementor-container elementor-column-gap-no\">\n\t\t\t\t\t<div class=\"elementor-column elementor-col-100 elementor-top-column elementor-element elementor-element-303521d\" data-id=\"303521d\" data-element_type=\"column\" data-e-type=\"column\">\n\t\t\t<div class=\"elementor-widget-wrap elementor-element-populated\">\n\t\t\t\t\t\t<div class=\"elementor-element elementor-element-8cd7cf8 elementor-widget elementor-widget-heading\" data-id=\"8cd7cf8\" data-element_type=\"widget\" data-e-type=\"widget\" data-widget_type=\"heading.default\">\n\t\t\t\t<div class=\"elementor-widget-container\">\n\t\t\t\t\t<h1 class=\"elementor-heading-title elementor-size-default\">Hyra eltruckar med f\u00f6rare<\/h1>\t\t\t\t<\/div>\n\t\t\t\t<\/div>\n\t\t\t\t\t<\/div>\n\t\t<\/div>\n\t\t\t\t\t<\/div>\n\t\t<\/section>\n\t\t\t\t<section class=\"elementor-section elementor-top-section elementor-element elementor-element-67aab30 elementor-section-boxed elementor-section-height-default elementor-section-height-default\" data-id=\"67aab30\" data-element_type=\"section\" data-e-type=\"section\">\n\t\t\t\t\t\t<div class=\"elementor-container elementor-column-gap-default\">\n\t\t\t\t\t<div class=\"elementor-column elementor-col-100 elementor-top-column elementor-element elementor-element-68a1654\" data-id=\"68a1654\" data-element_type=\"column\" data-e-type=\"column\">\n\t\t\t<div class=\"elementor-widget-wrap elementor-element-populated\">\n\t\t\t\t\t\t<section class=\"elementor-section elementor-inner-section elementor-element elementor-element-eeb546f elementor-section-boxed elementor-section-height-default elementor-section-height-default\" data-id=\"eeb546f\" data-element_type=\"section\" data-e-type=\"section\">\n\t\t\t\t\t\t<div class=\"elementor-container elementor-column-gap-default\">\n\t\t\t\t\t<div class=\"elementor-column elementor-col-50 elementor-inner-column elementor-element elementor-element-41ef68a\" data-id=\"41ef68a\" data-element_type=\"column\" data-e-type=\"column\">\n\t\t\t<div class=\"elementor-widget-wrap elementor-element-populated\">\n\t\t\t\t\t\t<div class=\"elementor-element elementor-element-f89937c elementor-widget elementor-widget-text-editor\" data-id=\"f89937c\" data-element_type=\"widget\" data-e-type=\"widget\" data-widget_type=\"text-editor.default\">\n\t\t\t\t<div class=\"elementor-widget-container\">\n\t\t\t\t\t\t\t\t\t<h2>F\u00e5 med f\u00f6rare till eltrucken<\/h2><p>G\u00f6sta's Truck Rental primarily focuses on rental, but together with our owners at Truckpoolen G\u00f6teborg AB, we can also offer leasing and sales.<\/p><p>Att hyra eller k\u00f6pa en eltruck fr\u00e5n oss inneb\u00e4r f\u00f6rdelar s\u00e5som:<\/p><ul><li>The advanced green ac power in order to better the performance of the<\/li><li>Further skiftcyklar for improving the efficiency of the<\/li><li>For easier maintenance, you can focus on what&#039;s important in your business<\/li><li>Multipolar configuration to ensure that our electric trucks are easy to program and allow you to match machine performance with operat\u00f6rserfarenhet and characteristics<\/li><\/ul><p>An electric forklift trucks, it is the ideal choice of the lift of the department stores and other similar places, where they are both fast, quiet, and easy to use, with a very tight turning radius. They emit no exhaust gases may the indoor environment is to smell it.<\/p>\t\t\t\t\t\t\t\t<\/div>\n\t\t\t\t<\/div>\n\t\t\t\t\t<\/div>\n\t\t<\/div>\n\t\t\t\t<div class=\"elementor-column elementor-col-50 elementor-inner-column elementor-element elementor-element-5fad61e\" data-id=\"5fad61e\" data-element_type=\"column\" data-e-type=\"column\">\n\t\t\t<div class=\"elementor-widget-wrap elementor-element-populated\">\n\t\t\t\t\t\t<div class=\"elementor-element elementor-element-63f4e23 elementor-widget elementor-widget-text-editor\" data-id=\"63f4e23\" data-element_type=\"widget\" data-e-type=\"widget\" data-widget_type=\"text-editor.default\">\n\t\t\t\t<div class=\"elementor-widget-container\">\n\t\t\t\t\t\t\t\t\t<h2>ELTRUCKAR AV H\u00d6G KVALIT\u00c9T<\/h2><p>Our electric forklift trucks are to be developed, and the design of the high-quality material, which makes it possible for them to continue to work in the toughest environments and ensures that they are in possession of a long service life. Combined with the fact that they are electrically powered, they become a long-term investment that will pay for itself time and time again.<\/p><p>\u00a0<\/p><h3>SECOND-HAND ELECTRIC FORKLIFT TRUCKS<\/h3><p>We also sell second-hand electric forklift trucks restored to nearly its original condition. Before we decide to sell, rent or lease a pre-owned machine, it must first pass a comprehensive function and quality. Each of the individual function of the components in the vehicle are checked and tested carefully, if any flaw is discovered, we will replace the component (s).<\/p><p>Used electric forklift trucks, is an economically smart choice which is an excellent choice for a start-up or a growing business that is quick and inexpensive way to develop their fleet of vehicles in order to be able to cope with the demands and needs of those in possession.<\/p>\t\t\t\t\t\t\t\t<\/div>\n\t\t\t\t<\/div>\n\t\t\t\t\t<\/div>\n\t\t<\/div>\n\t\t\t\t\t<\/div>\n\t\t<\/section>\n\t\t\t\t<div class=\"elementor-element elementor-element-d703e3d elementor-mobile-align-justify elementor-widget elementor-widget-button\" data-id=\"d703e3d\" data-element_type=\"widget\" data-e-type=\"widget\" data-widget_type=\"button.default\">\n\t\t\t\t<div class=\"elementor-widget-container\">\n\t\t\t\t\t\t\t\t\t<div class=\"elementor-button-wrapper\">\n\t\t\t\t\t<a class=\"elementor-button elementor-button-link elementor-size-sm\" href=\"\/en\/kontakt\/\">\n\t\t\t\t\t\t<span class=\"elementor-button-content-wrapper\">\n\t\t\t\t\t\t\t\t\t<span class=\"elementor-button-text\">Contact us<\/span>\n\t\t\t\t\t<\/span>\n\t\t\t\t\t<\/a>\n\t\t\t\t<\/div>\n\t\t\t\t\t\t\t\t<\/div>\n\t\t\t\t<\/div>\n\t\t\t\t\t<\/div>\n\t\t<\/div>\n\t\t\t\t\t<\/div>\n\t\t<\/section>\n\t\t\t\t<section class=\"elementor-section elementor-top-section elementor-element elementor-element-87f51be elementor-hidden-desktop elementor-hidden-tablet elementor-hidden-mobile elementor-section-boxed elementor-section-height-default elementor-section-height-default\" data-id=\"87f51be\" data-element_type=\"section\" data-e-type=\"section\">\n\t\t\t\t\t\t<div class=\"elementor-container elementor-column-gap-default\">\n\t\t\t\t\t<div class=\"elementor-column elementor-col-100 elementor-top-column elementor-element elementor-element-f74f6db\" data-id=\"f74f6db\" data-element_type=\"column\" data-e-type=\"column\">\n\t\t\t<div class=\"elementor-widget-wrap\">\n\t\t\t\t\t\t\t<\/div>\n\t\t<\/div>\n\t\t\t\t\t<\/div>\n\t\t<\/section>\n\t\t\t\t<section class=\"elementor-section elementor-top-section elementor-element elementor-element-765b8b3 elementor-section-boxed elementor-section-height-default elementor-section-height-default\" data-id=\"765b8b3\" data-element_type=\"section\" data-e-type=\"section\">\n\t\t\t\t\t\t<div class=\"elementor-container elementor-column-gap-default\">\n\t\t\t\t\t<div class=\"elementor-column elementor-col-100 elementor-top-column elementor-element elementor-element-22d33ee\" data-id=\"22d33ee\" data-element_type=\"column\" data-e-type=\"column\">\n\t\t\t<div class=\"elementor-widget-wrap elementor-element-populated\">\n\t\t\t\t\t\t<div class=\"elementor-element elementor-element-6d02748 elementor-widget elementor-widget-heading\" data-id=\"6d02748\" data-element_type=\"widget\" data-e-type=\"widget\" data-widget_type=\"heading.default\">\n\t\t\t\t<div class=\"elementor-widget-container\">\n\t\t\t\t\t<h2 class=\"elementor-heading-title elementor-size-default\">Hyr eltruck - det milj\u00f6v\u00e4nligare alternativet<\/h2>\t\t\t\t<\/div>\n\t\t\t\t<\/div>\n\t\t\t\t<div class=\"elementor-element elementor-element-a3f1ba4 elementor-widget elementor-widget-text-editor\" data-id=\"a3f1ba4\" data-element_type=\"widget\" data-e-type=\"widget\" data-widget_type=\"text-editor.default\">\n\t\t\t\t<div class=\"elementor-widget-container\">\n\t\t\t\t\t\t\t\t\t<p>Att hyra en eltruck \u00e4r ett utm\u00e4rkt alternativ eftersom du inte bara effektiviserar arbetet, utan du g\u00f6r det p\u00e5 ett milj\u00f6v\u00e4nligt s\u00e4tt! G\u00f6stas \u00e4r en av de ledande leverant\u00f6rerna av eltruckar i Sverige och erbjuder ett brett utbud av olika modeller f\u00f6r uthyrning.<\/p>\t\t\t\t\t\t\t\t<\/div>\n\t\t\t\t<\/div>\n\t\t\t\t<div class=\"elementor-element elementor-element-c0e4632 elementor-widget elementor-widget-heading\" data-id=\"c0e4632\" data-element_type=\"widget\" data-e-type=\"widget\" data-widget_type=\"heading.default\">\n\t\t\t\t<div class=\"elementor-widget-container\">\n\t\t\t\t\t<h3 class=\"elementor-heading-title elementor-size-default\">Varf\u00f6r hyra en eltruck ist\u00e4llet f\u00f6r en traditionell?<\/h3>\t\t\t\t<\/div>\n\t\t\t\t<\/div>\n\t\t\t\t<div class=\"elementor-element elementor-element-ec2d929 elementor-widget elementor-widget-text-editor\" data-id=\"ec2d929\" data-element_type=\"widget\" data-e-type=\"widget\" data-widget_type=\"text-editor.default\">\n\t\t\t\t<div class=\"elementor-widget-container\">\n\t\t\t\t\t\t\t\t\t<p>Att anv\u00e4nda eltruckar har flera f\u00f6rdelar j\u00e4mf\u00f6rt med traditionella diesel- eller bensindrivna truckar. F\u00f6r det f\u00f6rsta (och mest uppenbara) \u00e4r de mer milj\u00f6v\u00e4nliga eftersom de inte sl\u00e4pper ut n\u00e5gra farliga avgaser eller partiklar. Eltruckar \u00e4r dessutom mer ekonomiska p\u00e5 l\u00e5ng sikt d\u00e5 de kr\u00e4ver mindre underh\u00e5ll och har l\u00e4gre driftkostnad. Eltruckar har ocks\u00e5 f\u00f6rm\u00e5gan att snabbt accelerera och bromsa, vilket g\u00f6r dem idealiska n\u00e4r tiden \u00e4r knapp.<\/p>\t\t\t\t\t\t\t\t<\/div>\n\t\t\t\t<\/div>\n\t\t\t\t<div class=\"elementor-element elementor-element-de66173 elementor-widget elementor-widget-heading\" data-id=\"de66173\" data-element_type=\"widget\" data-e-type=\"widget\" data-widget_type=\"heading.default\">\n\t\t\t\t<div class=\"elementor-widget-container\">\n\t\t\t\t\t<h3 class=\"elementor-heading-title elementor-size-default\">Fler f\u00f6rdelar med eldrivna truckar<\/h3>\t\t\t\t<\/div>\n\t\t\t\t<\/div>\n\t\t\t\t<div class=\"elementor-element elementor-element-8c419eb elementor-widget elementor-widget-text-editor\" data-id=\"8c419eb\" data-element_type=\"widget\" data-e-type=\"widget\" data-widget_type=\"text-editor.default\">\n\t\t\t\t<div class=\"elementor-widget-container\">\n\t\t\t\t\t\t\t\t\t<ul><li><b>Kostnadseffektivt<\/b> &#8211; Att anv\u00e4nda eltruckar ist\u00e4llet f\u00f6r traditionella truckar kan vara mycket kostnadseffektivt d\u00e5 du slipper kostnaderna f\u00f6r drivmedel som bensin och diesel.\u00a0<\/li><li><b>Alltid h\u00f6g kvalitet<\/b> &#8211; P\u00e5 G\u00f6stas erbjuder vi endast h\u00f6gkvalitativa eldrivna truckar som \u00e4r v\u00e4l underh\u00e5llna och i toppskick. Hyr du en eltruck av oss kan du vara s\u00e4ker p\u00e5 att du har tillg\u00e5ng till p\u00e5litlig utrustning som hj\u00e4lper dig att utf\u00f6ra ditt arbete p\u00e5 ett smidigt och effektivt s\u00e4tt.<\/li><li><b>Flexibilitet<\/b> &#8211; Vi erbjuder olika typer av eldrivna truckar som kan anpassas efter olika behov. Oavsett om du beh\u00f6ver en smidig truck f\u00f6r att hantera sm\u00e5 varor eller en robust truck f\u00f6r att hantera stora och tunga material, kan vi p\u00e5 G\u00f6stas erbjuda dig en eltruck som m\u00f6ter dina behov.<\/li><\/ul>\t\t\t\t\t\t\t\t<\/div>\n\t\t\t\t<\/div>\n\t\t\t\t<div class=\"elementor-element elementor-element-3c3e98d elementor-widget elementor-widget-heading\" data-id=\"3c3e98d\" data-element_type=\"widget\" data-e-type=\"widget\" data-widget_type=\"heading.default\">\n\t\t\t\t<div class=\"elementor-widget-container\">\n\t\t\t\t\t<h2 class=\"elementor-heading-title elementor-size-default\">Hur g\u00e5r jag tillv\u00e4ga f\u00f6r att hyra en eltruck av G\u00f6stas?<\/h2>\t\t\t\t<\/div>\n\t\t\t\t<\/div>\n\t\t\t\t<div class=\"elementor-element elementor-element-c60c753 elementor-widget elementor-widget-text-editor\" data-id=\"c60c753\" data-element_type=\"widget\" data-e-type=\"widget\" data-widget_type=\"text-editor.default\">\n\t\t\t\t<div class=\"elementor-widget-container\">\n\t\t\t\t\t\t\t\t\t<p>Enkelt! Allt du beh\u00f6ver g\u00f6ra \u00e4r att kontakta oss s\u00e5 diskuterar vi dina behov och krav. Vi tar fram den mest l\u00e4mpade eltrucken f\u00f6r att uppfylla dina \u00f6nskem\u00e5l.<\/p>\t\t\t\t\t\t\t\t<\/div>\n\t\t\t\t<\/div>\n\t\t\t\t<div class=\"elementor-element elementor-element-5741505 elementor-widget elementor-widget-heading\" data-id=\"5741505\" data-element_type=\"widget\" data-e-type=\"widget\" data-widget_type=\"heading.default\">\n\t\t\t\t<div class=\"elementor-widget-container\">\n\t\t\t\t\t<h3 class=\"elementor-heading-title elementor-size-default\">Kan jag hyra en eltruck f\u00f6r en kort tid?<\/h3>\t\t\t\t<\/div>\n\t\t\t\t<\/div>\n\t\t\t\t<div class=\"elementor-element elementor-element-cb84969 elementor-widget elementor-widget-text-editor\" data-id=\"cb84969\" data-element_type=\"widget\" data-e-type=\"widget\" data-widget_type=\"text-editor.default\">\n\t\t\t\t<div class=\"elementor-widget-container\">\n\t\t\t\t\t\t\t\t\t<p>Ja, du kan hyra en eltruck av oss p\u00e5 G\u00f6stas f\u00f6r antingen en kort eller l\u00e5ng tid beroende p\u00e5 dina behov. Vi erbjuder olika hyresalternativ som kan anpassas efter dina krav.<\/p>\t\t\t\t\t\t\t\t<\/div>\n\t\t\t\t<\/div>\n\t\t\t\t<div class=\"elementor-element elementor-element-b6dca7d elementor-widget elementor-widget-heading\" data-id=\"b6dca7d\" data-element_type=\"widget\" data-e-type=\"widget\" data-widget_type=\"heading.default\">\n\t\t\t\t<div class=\"elementor-widget-container\">\n\t\t\t\t\t<h3 class=\"elementor-heading-title elementor-size-default\">Beh\u00f6ver jag utbildning f\u00f6r att anv\u00e4nda en eltruck fr\u00e5n G\u00f6stas?<\/h3>\t\t\t\t<\/div>\n\t\t\t\t<\/div>\n\t\t\t\t<div class=\"elementor-element elementor-element-66f02f3 elementor-widget elementor-widget-text-editor\" data-id=\"66f02f3\" data-element_type=\"widget\" data-e-type=\"widget\" data-widget_type=\"text-editor.default\">\n\t\t\t\t<div class=\"elementor-widget-container\">\n\t\t\t\t\t\t\t\t\t<p>Ja, det \u00e4r viktigt att du har r\u00e4tt utbildning och erfarenhet f\u00f6r att anv\u00e4nda en eltruck p\u00e5 ett s\u00e4kert och effektivt s\u00e4tt. Vi p\u00e5 G\u00f6stas kan ge dig r\u00e5d om utbildningskrav och hj\u00e4lpa dig att hitta l\u00e4mpliga kurser.<\/p>\t\t\t\t\t\t\t\t<\/div>\n\t\t\t\t<\/div>\n\t\t\t\t<div class=\"elementor-element elementor-element-4e3536c elementor-widget elementor-widget-text-editor\" data-id=\"4e3536c\" data-element_type=\"widget\" data-e-type=\"widget\" data-widget_type=\"text-editor.default\">\n\t\t\t\t<div class=\"elementor-widget-container\">\n\t\t\t\t\t\t\t\t\t<p>Vi ser fram emot att forts\u00e4tta att kunna erbjuda v\u00e5ra kunder ett milj\u00f6v\u00e4nligt alternativ. Tveka inte att <a href=\"https:\/\/gostas.se\/en\/kontakt\/\">contact us<\/a>\u00a0p\u00e5 G\u00f6stas om du beh\u00f6ver hyra en truck eller om du har fr\u00e5gor om v\u00e5r utrustning och service. Vi ser fram emot att h\u00f6ra fr\u00e5n dig!<\/p>\t\t\t\t\t\t\t\t<\/div>\n\t\t\t\t<\/div>\n\t\t\t\t\t<\/div>\n\t\t<\/div>\n\t\t\t\t\t<\/div>\n\t\t<\/section>\n\t\t\t\t<\/div>","protected":false},"excerpt":{"rendered":"<p>Hyra eltruckar med f\u00f6rare F\u00e5 med f\u00f6rare till eltrucken G\u00f6stas Truckuthyrning jobbar fr\u00e4mst med uthyrning men tillsammans med v\u00e5ra \u00e4gare Truckpoolen G\u00f6teborg AB kan vi \u00e4ven erbjuda rental samt f\u00f6rs\u00e4ljning. Att hyra eller k\u00f6pa en eltruck fr\u00e5n oss inneb\u00e4r f\u00f6rdelar s\u00e5som: Avancerad gr\u00f6n v\u00e4xelstr\u00f6m f\u00f6r b\u00e4ttre prestanda L\u00e4ngre skiftcyklar f\u00f6r f\u00f6rb\u00e4ttrad effektivitet Enklare underh\u00e5ll, vilket [&hellip;]<\/p>\n","protected":false},"author":5,"featured_media":0,"parent":0,"menu_order":0,"comment_status":"closed","ping_status":"closed","template":"","meta":{"site-sidebar-layout":"no-sidebar","site-content-layout":"page-builder","ast-site-content-layout":"default","site-content-style":"default","site-sidebar-style":"default","ast-global-header-display":"","ast-banner-title-visibility":"","ast-main-header-display":"","ast-hfb-above-header-display":"","ast-hfb-below-header-display":"","ast-hfb-mobile-header-display":"","site-post-title":"disabled","ast-breadcrumbs-content":"","ast-featured-img":"disabled","footer-sml-layout":"","ast-disable-related-posts":"","theme-transparent-header-meta":"","adv-header-id-meta":"","stick-header-meta":"","header-above-stick-meta":"","header-main-stick-meta":"","header-below-stick-meta":"","astra-migrate-meta-layouts":"default","ast-page-background-enabled":"default","ast-page-background-meta":{"desktop":{"background-color":"","background-image":"","background-repeat":"repeat","background-position":"center center","background-size":"auto","background-attachment":"scroll","background-type":"","background-media":"","overlay-type":"","overlay-color":"","overlay-opacity":"","overlay-gradient":""},"tablet":{"background-color":"","background-image":"","background-repeat":"repeat","background-position":"center center","background-size":"auto","background-attachment":"scroll","background-type":"","background-media":"","overlay-type":"","overlay-color":"","overlay-opacity":"","overlay-gradient":""},"mobile":{"background-color":"","background-image":"","background-repeat":"repeat","background-position":"center center","background-size":"auto","background-attachment":"scroll","background-type":"","background-media":"","overlay-type":"","overlay-color":"","overlay-opacity":"","overlay-gradient":""}},"ast-content-background-meta":{"desktop":{"background-color":"var(--ast-global-color-5)","background-image":"","background-repeat":"repeat","background-position":"center center","background-size":"auto","background-attachment":"scroll","background-type":"","background-media":"","overlay-type":"","overlay-color":"","overlay-opacity":"","overlay-gradient":""},"tablet":{"background-color":"var(--ast-global-color-5)","background-image":"","background-repeat":"repeat","background-position":"center center","background-size":"auto","background-attachment":"scroll","background-type":"","background-media":"","overlay-type":"","overlay-color":"","overlay-opacity":"","overlay-gradient":""},"mobile":{"background-color":"var(--ast-global-color-5)","background-image":"","background-repeat":"repeat","background-position":"center center","background-size":"auto","background-attachment":"scroll","background-type":"","background-media":"","overlay-type":"","overlay-color":"","overlay-opacity":"","overlay-gradient":""}},"footnotes":""},"class_list":["post-696","page","type-page","status-publish","hentry"],"_links":{"self":[{"href":"https:\/\/gostas.se\/en\/wp-json\/wp\/v2\/pages\/696","targetHints":{"allow":["GET"]}}],"collection":[{"href":"https:\/\/gostas.se\/en\/wp-json\/wp\/v2\/pages"}],"about":[{"href":"https:\/\/gostas.se\/en\/wp-json\/wp\/v2\/types\/page"}],"author":[{"embeddable":true,"href":"https:\/\/gostas.se\/en\/wp-json\/wp\/v2\/users\/5"}],"replies":[{"embeddable":true,"href":"https:\/\/gostas.se\/en\/wp-json\/wp\/v2\/comments?post=696"}],"version-history":[{"count":59,"href":"https:\/\/gostas.se\/en\/wp-json\/wp\/v2\/pages\/696\/revisions"}],"predecessor-version":[{"id":2370,"href":"https:\/\/gostas.se\/en\/wp-json\/wp\/v2\/pages\/696\/revisions\/2370"}],"wp:attachment":[{"href":"https:\/\/gostas.se\/en\/wp-json\/wp\/v2\/media?parent=696"}],"curies":[{"name":"wp","href":"https:\/\/api.w.org\/{rel}","templated":true}]}}