{"id":682,"date":"2022-06-16T15:40:27","date_gmt":"2022-06-16T13:40:27","guid":{"rendered":"https:\/\/gostas.se\/?page_id=682"},"modified":"2023-10-27T10:58:33","modified_gmt":"2023-10-27T08:58:33","slug":"verksamhet-miljopolicy","status":"publish","type":"page","link":"https:\/\/gostas.se\/en\/verksamhet-miljopolicy\/","title":{"rendered":"Business &amp; environmental policy"},"content":{"rendered":"<div data-elementor-type=\"wp-page\" data-elementor-id=\"682\" class=\"elementor elementor-682\" data-elementor-post-type=\"page\">\n\t\t\t\t\t\t<section class=\"elementor-section elementor-top-section elementor-element elementor-element-2555e7f8 elementor-section-content-middle elementor-section-height-min-height elementor-hidden-mobile elementor-section-boxed elementor-section-height-default elementor-section-items-middle\" data-id=\"2555e7f8\" data-element_type=\"section\" data-e-type=\"section\" data-settings=\"{&quot;background_background&quot;:&quot;classic&quot;}\">\n\t\t\t\t\t\t\t<div class=\"elementor-background-overlay\"><\/div>\n\t\t\t\t\t\t\t<div class=\"elementor-container elementor-column-gap-no\">\n\t\t\t\t\t<div class=\"elementor-column elementor-col-100 elementor-top-column elementor-element elementor-element-4a8adbbe\" data-id=\"4a8adbbe\" data-element_type=\"column\" data-e-type=\"column\">\n\t\t\t<div class=\"elementor-widget-wrap elementor-element-populated\">\n\t\t\t\t\t\t<div class=\"elementor-element elementor-element-12062261 elementor-widget elementor-widget-heading\" data-id=\"12062261\" data-element_type=\"widget\" data-e-type=\"widget\" data-widget_type=\"heading.default\">\n\t\t\t\t<div class=\"elementor-widget-container\">\n\t\t\t\t\t<h1 class=\"elementor-heading-title elementor-size-default\">Corporate policy<\/h1>\t\t\t\t<\/div>\n\t\t\t\t<\/div>\n\t\t\t\t\t<\/div>\n\t\t<\/div>\n\t\t\t\t\t<\/div>\n\t\t<\/section>\n\t\t\t\t<section class=\"elementor-section elementor-top-section elementor-element elementor-element-12264734 elementor-section-boxed elementor-section-height-default elementor-section-height-default\" data-id=\"12264734\" data-element_type=\"section\" data-e-type=\"section\">\n\t\t\t\t\t\t<div class=\"elementor-container elementor-column-gap-default\">\n\t\t\t\t\t<div class=\"elementor-column elementor-col-100 elementor-top-column elementor-element elementor-element-5622fdcd\" data-id=\"5622fdcd\" data-element_type=\"column\" data-e-type=\"column\">\n\t\t\t<div class=\"elementor-widget-wrap elementor-element-populated\">\n\t\t\t\t\t\t<section class=\"elementor-section elementor-inner-section elementor-element elementor-element-141bf15e elementor-section-boxed elementor-section-height-default elementor-section-height-default\" data-id=\"141bf15e\" data-element_type=\"section\" data-e-type=\"section\">\n\t\t\t\t\t\t<div class=\"elementor-container elementor-column-gap-default\">\n\t\t\t\t\t<div class=\"elementor-column elementor-col-50 elementor-inner-column elementor-element elementor-element-16382c3a\" data-id=\"16382c3a\" data-element_type=\"column\" data-e-type=\"column\">\n\t\t\t<div class=\"elementor-widget-wrap elementor-element-populated\">\n\t\t\t\t\t\t<div class=\"elementor-element elementor-element-3861b9fa elementor-widget elementor-widget-text-editor\" data-id=\"3861b9fa\" data-element_type=\"widget\" data-e-type=\"widget\" data-widget_type=\"text-editor.default\">\n\t\t\t\t<div class=\"elementor-widget-container\">\n\t\t\t\t\t\t\t\t\t<div class=\"one_half first dynamic_template_columns flex_column flex_column_1\"><div class=\"entry-content\"><h2>ENVIRONMENTAL policy<\/h2><p>G\u00f6stas Truckuthyrning AB ser det som en sj\u00e4lvklarhet att p\u00e5 b\u00e4sta s\u00e4tt tillvarata milj\u00f6intressen b\u00e5de vad g\u00e4ller arbetsmilj\u00f6 och yttre milj\u00f6.\u00a0<\/p><p>This is accomplished by conducting a goal-oriented and systematic environmental management, in order to constantly improve our environmental performance and prevent pollution. We will comply with the requirements of environmental legislation and other relevant stakeholders.\u00a0<\/p><p>Our range of products is characterized by a high standard, and should be developed in order to meet the ever-increasing demands on performance.\u00a0<\/p><p>Our business is characterized throughout by a high degree of environmental awareness and knowledge. It is the personal responsibility of all employees is maintained through the continuous development of education, information, and active involvement in environmental activities.<\/p><\/div><\/div>\t\t\t\t\t\t\t\t<\/div>\n\t\t\t\t<\/div>\n\t\t\t\t\t<\/div>\n\t\t<\/div>\n\t\t\t\t<div class=\"elementor-column elementor-col-50 elementor-inner-column elementor-element elementor-element-75b477dd\" data-id=\"75b477dd\" data-element_type=\"column\" data-e-type=\"column\">\n\t\t\t<div class=\"elementor-widget-wrap elementor-element-populated\">\n\t\t\t\t\t\t<div class=\"elementor-element elementor-element-21561439 elementor-widget elementor-widget-text-editor\" data-id=\"21561439\" data-element_type=\"widget\" data-e-type=\"widget\" data-widget_type=\"text-editor.default\">\n\t\t\t\t<div class=\"elementor-widget-container\">\n\t\t\t\t\t\t\t\t\t<h2>QUALITY policy<\/h2><p>G\u00f6stas Truckuthyrning skall f\u00f6r sina kunder erbjuda en funktionsduglig och flexibel maskinpark och v\u00e5rt arbete skall k\u00e4nnetecknas av en vilja till st\u00e4ndig f\u00f6rb\u00e4ttring.<\/p><p><strong>Our strengths are<\/strong><\/p><ul><li>Well-trained and highly skilled forklift operators<\/li><li>Staff<\/li><li>The great punctuality<\/li><li>A high degree of flexibility in the hardware and uppdragsutf\u00f6rande<\/li><li>Custom services and custom machinery for high reliability<\/li><li>The sale of new and second-hand machines with well-known brands<\/li><\/ul><p>We do to meet our clients &#039; demands and other demands<\/p>\t\t\t\t\t\t\t\t<\/div>\n\t\t\t\t<\/div>\n\t\t\t\t\t<\/div>\n\t\t<\/div>\n\t\t\t\t\t<\/div>\n\t\t<\/section>\n\t\t\t\t<div class=\"elementor-element elementor-element-143ea8e elementor-widget elementor-widget-image\" data-id=\"143ea8e\" data-element_type=\"widget\" data-e-type=\"widget\" data-widget_type=\"image.default\">\n\t\t\t\t<div class=\"elementor-widget-container\">\n\t\t\t\t\t\t\t\t\t\t\t\t\t\t\t<img fetchpriority=\"high\" decoding=\"async\" width=\"1024\" height=\"683\" src=\"https:\/\/gostas.se\/wp-content\/uploads\/2022\/06\/port-ship-boat-6910972-1024x683.jpg\" class=\"attachment-large size-large wp-image-1412\" alt=\"En bild \u00f6ver l\u00e4ppstiftet i g\u00f6teborg\" srcset=\"https:\/\/gostas.se\/wp-content\/uploads\/2022\/06\/port-ship-boat-6910972-1024x683.jpg 1024w, https:\/\/gostas.se\/wp-content\/uploads\/2022\/06\/port-ship-boat-6910972-300x200.jpg 300w, https:\/\/gostas.se\/wp-content\/uploads\/2022\/06\/port-ship-boat-6910972-768x512.jpg 768w, https:\/\/gostas.se\/wp-content\/uploads\/2022\/06\/port-ship-boat-6910972.jpg 1280w\" sizes=\"(max-width: 1024px) 100vw, 1024px\" \/>\t\t\t\t\t\t\t\t\t\t\t\t\t\t\t<\/div>\n\t\t\t\t<\/div>\n\t\t\t\t<div class=\"elementor-element elementor-element-66a0e4d elementor-widget elementor-widget-text-editor\" data-id=\"66a0e4d\" data-element_type=\"widget\" data-e-type=\"widget\" data-widget_type=\"text-editor.default\">\n\t\t\t\t<div class=\"elementor-widget-container\">\n\t\t\t\t\t\t\t\t\t<p><em><strong>\u201dRIKTIGA M\u00c4N LUKTAR DIESEL \u201d<\/strong><\/em><br \/>As we said before, here in the G\u00f6sta Truckuthyrning in Gothenburg, sweden. But those days are over. Now we know better.<br \/>Now run all the G\u00f6sta diesel\u00a0<strong><em>always<\/em><\/strong> med vitoljan HVO. Drivmedlet som g\u00f6rs av spill- och fackelgaser som annars skulle g\u00e5tt till spillo. En \u00e5tg\u00e4rd vi beslutat att genomf\u00f6ra f\u00f6r att f\u00f6lja v\u00e5r milj\u00f6policy samt bem\u00f6ta de allt h\u00e5rdare kraven fr\u00e5n myndigheterna och v\u00e5ra kunder.<\/p><p><strong>ADVANTAGES:<\/strong><\/p><ul><li>A significantly lower carbon emissions.<\/li><li>H\u00e4lsobesv\u00e4ren decrease significantly or disappear altogether.<\/li><li>Post, s.(k). the unregulated emissions reduced by 30% to 90% compared to the MK1 diesel fuel.<\/li><li>Nitrogen oxides are reduced by 5-25%.<\/li><li>Nitrogen oxides are reduced by up to 50%.<\/li><li>Non-toxic to aquatic organisms (gmos).<\/li><\/ul>\t\t\t\t\t\t\t\t<\/div>\n\t\t\t\t<\/div>\n\t\t\t\t<div class=\"elementor-element elementor-element-3b395c8d elementor-mobile-align-justify elementor-align-center elementor-widget elementor-widget-button\" data-id=\"3b395c8d\" data-element_type=\"widget\" data-e-type=\"widget\" data-widget_type=\"button.default\">\n\t\t\t\t<div class=\"elementor-widget-container\">\n\t\t\t\t\t\t\t\t\t<div class=\"elementor-button-wrapper\">\n\t\t\t\t\t<a class=\"elementor-button elementor-button-link elementor-size-sm\" href=\"#\">\n\t\t\t\t\t\t<span class=\"elementor-button-content-wrapper\">\n\t\t\t\t\t\t\t\t\t<span class=\"elementor-button-text\">Contact us<\/span>\n\t\t\t\t\t<\/span>\n\t\t\t\t\t<\/a>\n\t\t\t\t<\/div>\n\t\t\t\t\t\t\t\t<\/div>\n\t\t\t\t<\/div>\n\t\t\t\t\t<\/div>\n\t\t<\/div>\n\t\t\t\t\t<\/div>\n\t\t<\/section>\n\t\t\t\t<\/div>","protected":false},"excerpt":{"rendered":"<p>Verksamhetspolicy MILJ\u00d6POLICY G\u00f6stas Truckuthyrning AB ser det som en sj\u00e4lvklarhet att p\u00e5 b\u00e4sta s\u00e4tt tillvarata milj\u00f6intressen b\u00e5de vad g\u00e4ller arbetsmilj\u00f6 och yttre milj\u00f6.\u00a0 Detta sker genom att vi bedriver ett m\u00e5lmedvetet\u00a0 och\u00a0\u00a0systematiskt\u00a0milj\u00f6arbete f\u00f6r att st\u00e4ndigt kunna f\u00f6rb\u00e4ttra v\u00e5r milj\u00f6prestanda och\u00a0f\u00f6rebygga f\u00f6roreningar. Vi skall uppfylla de krav som st\u00e4lls av v\u00e5ra\u00a0kunder, milj\u00f6lagstiftning och andra intressenter.\u00a0 V\u00e5rt [&hellip;]<\/p>\n","protected":false},"author":5,"featured_media":0,"parent":0,"menu_order":0,"comment_status":"closed","ping_status":"closed","template":"","meta":{"site-sidebar-layout":"no-sidebar","site-content-layout":"page-builder","ast-site-content-layout":"default","site-content-style":"default","site-sidebar-style":"default","ast-global-header-display":"","ast-banner-title-visibility":"","ast-main-header-display":"","ast-hfb-above-header-display":"","ast-hfb-below-header-display":"","ast-hfb-mobile-header-display":"","site-post-title":"disabled","ast-breadcrumbs-content":"","ast-featured-img":"disabled","footer-sml-layout":"","ast-disable-related-posts":"","theme-transparent-header-meta":"","adv-header-id-meta":"","stick-header-meta":"","header-above-stick-meta":"","header-main-stick-meta":"","header-below-stick-meta":"","astra-migrate-meta-layouts":"default","ast-page-background-enabled":"default","ast-page-background-meta":{"desktop":{"background-color":"","background-image":"","background-repeat":"repeat","background-position":"center center","background-size":"auto","background-attachment":"scroll","background-type":"","background-media":"","overlay-type":"","overlay-color":"","overlay-opacity":"","overlay-gradient":""},"tablet":{"background-color":"","background-image":"","background-repeat":"repeat","background-position":"center center","background-size":"auto","background-attachment":"scroll","background-type":"","background-media":"","overlay-type":"","overlay-color":"","overlay-opacity":"","overlay-gradient":""},"mobile":{"background-color":"","background-image":"","background-repeat":"repeat","background-position":"center center","background-size":"auto","background-attachment":"scroll","background-type":"","background-media":"","overlay-type":"","overlay-color":"","overlay-opacity":"","overlay-gradient":""}},"ast-content-background-meta":{"desktop":{"background-color":"var(--ast-global-color-5)","background-image":"","background-repeat":"repeat","background-position":"center center","background-size":"auto","background-attachment":"scroll","background-type":"","background-media":"","overlay-type":"","overlay-color":"","overlay-opacity":"","overlay-gradient":""},"tablet":{"background-color":"var(--ast-global-color-5)","background-image":"","background-repeat":"repeat","background-position":"center center","background-size":"auto","background-attachment":"scroll","background-type":"","background-media":"","overlay-type":"","overlay-color":"","overlay-opacity":"","overlay-gradient":""},"mobile":{"background-color":"var(--ast-global-color-5)","background-image":"","background-repeat":"repeat","background-position":"center center","background-size":"auto","background-attachment":"scroll","background-type":"","background-media":"","overlay-type":"","overlay-color":"","overlay-opacity":"","overlay-gradient":""}},"footnotes":""},"class_list":["post-682","page","type-page","status-publish","hentry"],"_links":{"self":[{"href":"https:\/\/gostas.se\/en\/wp-json\/wp\/v2\/pages\/682","targetHints":{"allow":["GET"]}}],"collection":[{"href":"https:\/\/gostas.se\/en\/wp-json\/wp\/v2\/pages"}],"about":[{"href":"https:\/\/gostas.se\/en\/wp-json\/wp\/v2\/types\/page"}],"author":[{"embeddable":true,"href":"https:\/\/gostas.se\/en\/wp-json\/wp\/v2\/users\/5"}],"replies":[{"embeddable":true,"href":"https:\/\/gostas.se\/en\/wp-json\/wp\/v2\/comments?post=682"}],"version-history":[{"count":29,"href":"https:\/\/gostas.se\/en\/wp-json\/wp\/v2\/pages\/682\/revisions"}],"predecessor-version":[{"id":2039,"href":"https:\/\/gostas.se\/en\/wp-json\/wp\/v2\/pages\/682\/revisions\/2039"}],"wp:attachment":[{"href":"https:\/\/gostas.se\/en\/wp-json\/wp\/v2\/media?parent=682"}],"curies":[{"name":"wp","href":"https:\/\/api.w.org\/{rel}","templated":true}]}}