{"id":2257,"date":"2024-04-05T13:41:08","date_gmt":"2024-04-05T11:41:08","guid":{"rendered":"https:\/\/gostas.se\/?page_id=2257"},"modified":"2024-04-05T13:56:25","modified_gmt":"2024-04-05T11:56:25","slug":"faq-vanliga-fragor","status":"publish","type":"page","link":"https:\/\/gostas.se\/en\/faq-vanliga-fragor\/","title":{"rendered":"FAQ: Frequently asked questions"},"content":{"rendered":"\t\t<div data-elementor-type=\"wp-page\" data-elementor-id=\"2257\" class=\"elementor elementor-2257\" data-elementor-post-type=\"page\">\n\t\t\t\t\t\t<section class=\"elementor-section elementor-top-section elementor-element elementor-element-5d6d44f elementor-section-boxed elementor-section-height-default elementor-section-height-default\" data-id=\"5d6d44f\" data-element_type=\"section\" data-e-type=\"section\">\n\t\t\t\t\t\t<div class=\"elementor-container elementor-column-gap-default\">\n\t\t\t\t\t<div class=\"elementor-column elementor-col-100 elementor-top-column elementor-element elementor-element-ddfe115\" data-id=\"ddfe115\" data-element_type=\"column\" data-e-type=\"column\">\n\t\t\t<div class=\"elementor-widget-wrap elementor-element-populated\">\n\t\t\t\t\t\t<div class=\"elementor-element elementor-element-e206f33 elementor-cta--skin-cover elementor-animated-content elementor-bg-transform elementor-bg-transform-zoom-in elementor-widget elementor-widget-call-to-action\" data-id=\"e206f33\" data-element_type=\"widget\" data-e-type=\"widget\" data-widget_type=\"call-to-action.default\">\n\t\t\t\t<div class=\"elementor-widget-container\">\n\t\t\t\t\t\t\t<div class=\"elementor-cta\">\n\t\t\t\t\t<div class=\"elementor-cta__bg-wrapper\">\n\t\t\t\t<div class=\"elementor-cta__bg elementor-bg\" style=\"background-image: url(https:\/\/gostas.se\/wp-content\/uploads\/2024\/01\/hyra-teleskopslastare-gostas-1024x759.jpg);\" role=\"img\" aria-label=\"Bild p\u00e5 g\u00f6ta \u00e4lv och g\u00f6teborgs hamn\"><\/div>\n\t\t\t\t<div class=\"elementor-cta__bg-overlay\"><\/div>\n\t\t\t<\/div>\n\t\t\t\t\t\t\t<div class=\"elementor-cta__content\">\n\t\t\t\t\n\t\t\t\t\t\t\t\t\t<h1 class=\"elementor-cta__title elementor-cta__content-item elementor-content-item elementor-animated-item--grow\">\n\t\t\t\t\t\tFAQ: Vanliga fr\u00e5gor och svar\t\t\t\t\t<\/h1>\n\t\t\t\t\n\t\t\t\t\t\t\t\t\t<div class=\"elementor-cta__description elementor-cta__content-item elementor-content-item elementor-animated-item--grow\">\n\t\t\t\t\t\tH\u00e4r hittar ni n\u00e5gra svar p\u00e5 n\u00e5gra vanliga fr\u00e5gor om oss.\t\t\t\t\t<\/div>\n\t\t\t\t\n\t\t\t\t\t\t\t<\/div>\n\t\t\t\t\t\t<\/div>\n\t\t\t\t\t\t<\/div>\n\t\t\t\t<\/div>\n\t\t\t\t<div class=\"elementor-element elementor-element-10014d2 elementor-widget elementor-widget-toggle\" data-id=\"10014d2\" data-element_type=\"widget\" data-e-type=\"widget\" data-widget_type=\"toggle.default\">\n\t\t\t\t<div class=\"elementor-widget-container\">\n\t\t\t\t\t\t\t<div class=\"elementor-toggle\">\n\t\t\t\t\t\t\t<div class=\"elementor-toggle-item\">\n\t\t\t\t\t<div id=\"elementor-tab-title-1671\" class=\"elementor-tab-title\" data-tab=\"1\" role=\"button\" aria-controls=\"elementor-tab-content-1671\" aria-expanded=\"false\">\n\t\t\t\t\t\t\t\t\t\t\t\t<span class=\"elementor-toggle-icon elementor-toggle-icon-left\" aria-hidden=\"true\">\n\t\t\t\t\t\t\t\t\t\t\t\t\t\t\t<span class=\"elementor-toggle-icon-closed\"><i class=\"fas fa-caret-right\"><\/i><\/span>\n\t\t\t\t\t\t\t\t<span class=\"elementor-toggle-icon-opened\"><i class=\"elementor-toggle-icon-opened fas fa-caret-up\"><\/i><\/span>\n\t\t\t\t\t\t\t\t\t\t\t\t\t<\/span>\n\t\t\t\t\t\t\t\t\t\t\t\t<a class=\"elementor-toggle-title\" tabindex=\"0\">Varf\u00f6r hyra en truck\/maskin ist\u00e4llet f\u00f6r att k\u00f6pa?<\/a>\n\t\t\t\t\t<\/div>\n\n\t\t\t\t\t<div id=\"elementor-tab-content-1671\" class=\"elementor-tab-content elementor-clearfix\" data-tab=\"1\" role=\"region\" aria-labelledby=\"elementor-tab-title-1671\"><p>F\u00f6r m\u00e5nga f\u00f6retag kan det vara en stor investering att k\u00f6pa en egen truck\/maskin, s\u00e4rskilt om den bara anv\u00e4nds tillf\u00e4lligtvis. Genom att hyra en truck fr\u00e5n G\u00f6stas, kan du ist\u00e4llet fokusera p\u00e5 din k\u00e4rnverksamhet samtidigt som du har tillg\u00e5ng till r\u00e4tt utrustning f\u00f6r att utf\u00f6ra dina arbetsuppgifter. Du slipper ocks\u00e5 beh\u00f6va oroa dig f\u00f6r underh\u00e5ll och reparationer av utrustningen, vilket vi p\u00e5 G\u00f6stas tar hand om \u00e5t dig.<\/p><\/div>\n\t\t\t\t<\/div>\n\t\t\t\t\t\t\t<div class=\"elementor-toggle-item\">\n\t\t\t\t\t<div id=\"elementor-tab-title-1672\" class=\"elementor-tab-title\" data-tab=\"2\" role=\"button\" aria-controls=\"elementor-tab-content-1672\" aria-expanded=\"false\">\n\t\t\t\t\t\t\t\t\t\t\t\t<span class=\"elementor-toggle-icon elementor-toggle-icon-left\" aria-hidden=\"true\">\n\t\t\t\t\t\t\t\t\t\t\t\t\t\t\t<span class=\"elementor-toggle-icon-closed\"><i class=\"fas fa-caret-right\"><\/i><\/span>\n\t\t\t\t\t\t\t\t<span class=\"elementor-toggle-icon-opened\"><i class=\"elementor-toggle-icon-opened fas fa-caret-up\"><\/i><\/span>\n\t\t\t\t\t\t\t\t\t\t\t\t\t<\/span>\n\t\t\t\t\t\t\t\t\t\t\t\t<a class=\"elementor-toggle-title\" tabindex=\"0\">Vilka truckar kan man hyra fr\u00e5n G\u00f6stas?<\/a>\n\t\t\t\t\t<\/div>\n\n\t\t\t\t\t<div id=\"elementor-tab-content-1672\" class=\"elementor-tab-content elementor-clearfix\" data-tab=\"2\" role=\"region\" aria-labelledby=\"elementor-tab-title-1672\"><p>P\u00e5 G\u00f6stas har vi ett brett utbud av truckar f\u00f6r uthyrning f\u00f6r olika \u00e4ndam\u00e5l. Vi har bland annat eltruckar, ledstaplare, dieseltruckar, teleskoplastare, terminaltraktor, skjutstativtruckar, plocktruckar, inomhustruckar, gaffeltruckar och pallyftare i olika storlekar och modeller. Vi har \u00e4ven specialtruckar f\u00f6r olika branscher, till exempel lagertruckar och kyltruckar.<\/p><\/div>\n\t\t\t\t<\/div>\n\t\t\t\t\t\t\t<div class=\"elementor-toggle-item\">\n\t\t\t\t\t<div id=\"elementor-tab-title-1673\" class=\"elementor-tab-title\" data-tab=\"3\" role=\"button\" aria-controls=\"elementor-tab-content-1673\" aria-expanded=\"false\">\n\t\t\t\t\t\t\t\t\t\t\t\t<span class=\"elementor-toggle-icon elementor-toggle-icon-left\" aria-hidden=\"true\">\n\t\t\t\t\t\t\t\t\t\t\t\t\t\t\t<span class=\"elementor-toggle-icon-closed\"><i class=\"fas fa-caret-right\"><\/i><\/span>\n\t\t\t\t\t\t\t\t<span class=\"elementor-toggle-icon-opened\"><i class=\"elementor-toggle-icon-opened fas fa-caret-up\"><\/i><\/span>\n\t\t\t\t\t\t\t\t\t\t\t\t\t<\/span>\n\t\t\t\t\t\t\t\t\t\t\t\t<a class=\"elementor-toggle-title\" tabindex=\"0\">Hur t\u00e4nker ni p\u00e5 sakerheten?<\/a>\n\t\t\t\t\t<\/div>\n\n\t\t\t\t\t<div id=\"elementor-tab-content-1673\" class=\"elementor-tab-content elementor-clearfix\" data-tab=\"3\" role=\"region\" aria-labelledby=\"elementor-tab-title-1673\"><p>P\u00e5 G\u00f6stas \u00e4r vi medvetna om vikten av att erbjuda h\u00f6gkvalitativa truckar f\u00f6r att s\u00e4kerst\u00e4lla s\u00e4kerheten f\u00f6r b\u00e5de operat\u00f6rer och \u00f6vrig personal. Alla v\u00e5ra truckar \u00e4r regelbundet underh\u00e5llna och servade f\u00f6r att s\u00e4kerst\u00e4lla deras funktion och s\u00e4kerhet. Vi genomg\u00e5r ocks\u00e5 regelbundna s\u00e4kerhetsinspektioner och ser till att alla operat\u00f6rer \u00e4r utbildade och certifierade f\u00f6r att anv\u00e4nda v\u00e5r utrustning.<\/p><\/div>\n\t\t\t\t<\/div>\n\t\t\t\t\t\t\t<div class=\"elementor-toggle-item\">\n\t\t\t\t\t<div id=\"elementor-tab-title-1674\" class=\"elementor-tab-title\" data-tab=\"4\" role=\"button\" aria-controls=\"elementor-tab-content-1674\" aria-expanded=\"false\">\n\t\t\t\t\t\t\t\t\t\t\t\t<span class=\"elementor-toggle-icon elementor-toggle-icon-left\" aria-hidden=\"true\">\n\t\t\t\t\t\t\t\t\t\t\t\t\t\t\t<span class=\"elementor-toggle-icon-closed\"><i class=\"fas fa-caret-right\"><\/i><\/span>\n\t\t\t\t\t\t\t\t<span class=\"elementor-toggle-icon-opened\"><i class=\"elementor-toggle-icon-opened fas fa-caret-up\"><\/i><\/span>\n\t\t\t\t\t\t\t\t\t\t\t\t\t<\/span>\n\t\t\t\t\t\t\t\t\t\t\t\t<a class=\"elementor-toggle-title\" tabindex=\"0\">Har ni flexibla hyresavtal av truckar?<\/a>\n\t\t\t\t\t<\/div>\n\n\t\t\t\t\t<div id=\"elementor-tab-content-1674\" class=\"elementor-tab-content elementor-clearfix\" data-tab=\"4\" role=\"region\" aria-labelledby=\"elementor-tab-title-1674\"><p>Vi p\u00e5 G\u00f6stas f\u00f6rst\u00e5r att behoven kan variera f\u00f6r olika f\u00f6retag och branscher. D\u00e4rf\u00f6r erbjuder vi flexibla hyresavtal f\u00f6r att passa dina specifika behov. Vi kan erbjuda b\u00e5de kort- och l\u00e5ngsiktiga hyresavtal, beroende p\u00e5 dina \u00f6nskem\u00e5l och behov. Vi \u00e4r ocks\u00e5 flexibla n\u00e4r det g\u00e4ller hyresperioder, s\u00e5 att du kan hyra utrustning f\u00f6r s\u00e5 kort eller s\u00e5 l\u00e4nge som du beh\u00f6ver.<\/p><\/div>\n\t\t\t\t<\/div>\n\t\t\t\t\t\t\t<div class=\"elementor-toggle-item\">\n\t\t\t\t\t<div id=\"elementor-tab-title-1675\" class=\"elementor-tab-title\" data-tab=\"5\" role=\"button\" aria-controls=\"elementor-tab-content-1675\" aria-expanded=\"false\">\n\t\t\t\t\t\t\t\t\t\t\t\t<span class=\"elementor-toggle-icon elementor-toggle-icon-left\" aria-hidden=\"true\">\n\t\t\t\t\t\t\t\t\t\t\t\t\t\t\t<span class=\"elementor-toggle-icon-closed\"><i class=\"fas fa-caret-right\"><\/i><\/span>\n\t\t\t\t\t\t\t\t<span class=\"elementor-toggle-icon-opened\"><i class=\"elementor-toggle-icon-opened fas fa-caret-up\"><\/i><\/span>\n\t\t\t\t\t\t\t\t\t\t\t\t\t<\/span>\n\t\t\t\t\t\t\t\t\t\t\t\t<a class=\"elementor-toggle-title\" tabindex=\"0\">Hur t\u00e4nker ni p\u00e5 milj\u00f6n?<\/a>\n\t\t\t\t\t<\/div>\n\n\t\t\t\t\t<div id=\"elementor-tab-content-1675\" class=\"elementor-tab-content elementor-clearfix\" data-tab=\"5\" role=\"region\" aria-labelledby=\"elementor-tab-title-1675\"><p>Vi p\u00e5 G\u00f6stas \u00e4r ocks\u00e5 medvetna om vikten av att minska v\u00e5r p\u00e5verkan p\u00e5 milj\u00f6n och arbetar aktivt f\u00f6r att g\u00f6ra v\u00e5ra truckar mer milj\u00f6v\u00e4nliga. Vi erbjuder ett utbud av\u00a0<a href=\"https:\/\/gostas.se\/hyra-eltruckar-med-forare\/\" target=\"_blank\" rel=\"noopener\">eltruckar\u00a0<\/a>som \u00e4r ett mer milj\u00f6v\u00e4nligt alternativ till gas- och dieseltruckar. V\u00e5ra eldrivna truckar \u00e4r ocks\u00e5 tystare, vilket kan vara en f\u00f6rdel i vissa arbetsmilj\u00f6er d\u00e4r buller kan vara en faktor.<\/p><\/div>\n\t\t\t\t<\/div>\n\t\t\t\t\t\t\t<div class=\"elementor-toggle-item\">\n\t\t\t\t\t<div id=\"elementor-tab-title-1676\" class=\"elementor-tab-title\" data-tab=\"6\" role=\"button\" aria-controls=\"elementor-tab-content-1676\" aria-expanded=\"false\">\n\t\t\t\t\t\t\t\t\t\t\t\t<span class=\"elementor-toggle-icon elementor-toggle-icon-left\" aria-hidden=\"true\">\n\t\t\t\t\t\t\t\t\t\t\t\t\t\t\t<span class=\"elementor-toggle-icon-closed\"><i class=\"fas fa-caret-right\"><\/i><\/span>\n\t\t\t\t\t\t\t\t<span class=\"elementor-toggle-icon-opened\"><i class=\"elementor-toggle-icon-opened fas fa-caret-up\"><\/i><\/span>\n\t\t\t\t\t\t\t\t\t\t\t\t\t<\/span>\n\t\t\t\t\t\t\t\t\t\t\t\t<a class=\"elementor-toggle-title\" tabindex=\"0\">Vad kan jag f\u00f6rv\u00e4nta mig som kund?<\/a>\n\t\t\t\t\t<\/div>\n\n\t\t\t\t\t<div id=\"elementor-tab-content-1676\" class=\"elementor-tab-content elementor-clearfix\" data-tab=\"6\" role=\"region\" aria-labelledby=\"elementor-tab-title-1676\"><p>P\u00e5 G\u00f6stas \u00e4r v\u00e5r h\u00f6gsta prioritet att v\u00e5ra kunder \u00e4r n\u00f6jda med v\u00e5r service och utrustning. Vi str\u00e4var alltid efter att ge en personlig service, och att hj\u00e4lpa v\u00e5ra kunder att hitta den b\u00e4sta l\u00f6sningen f\u00f6r deras behov. Vi \u00e4r ocks\u00e5 alltid tillg\u00e4ngliga f\u00f6r att svara p\u00e5 fr\u00e5gor och ge r\u00e5d om v\u00e5r utrustning och v\u00e5ra tj\u00e4nster.<\/p><p>Vi arbetar ocks\u00e5 h\u00e5rt f\u00f6r att h\u00e5lla v\u00e5ra priser konkurrenskraftiga, samtidigt som vi levererar h\u00f6gkvalitativ utrustning och service. Vi tror p\u00e5 att erbjuda en total l\u00f6sning till v\u00e5ra kunder, och att skapa en relation som grundas p\u00e5 \u00f6msesidigt f\u00f6rtroende och samarbete.<\/p><p>Vi erbjuder ocks\u00e5 en rad olika tillbeh\u00f6r och extramaterial som kan l\u00e4ggas till p\u00e5 v\u00e5ra truckar, s\u00e5som hydrauliska lyftanordningar, pallk\u00e4rror och mycket mer. Vi \u00e4r alltid \u00f6ppna f\u00f6r att diskutera dina specifika behov och \u00f6nskem\u00e5l och hittar l\u00f6sningar som fungerar f\u00f6r dig och ditt f\u00f6retag.<\/p><\/div>\n\t\t\t\t<\/div>\n\t\t\t\t\t\t\t\t\t\t<script type=\"application\/ld+json\">{\"@context\":\"https:\\\/\\\/schema.org\",\"@type\":\"FAQPage\",\"mainEntity\":[{\"@type\":\"Question\",\"name\":\"Varf\\u00f6r hyra en truck\\\/maskin ist\\u00e4llet f\\u00f6r att k\\u00f6pa?\",\"acceptedAnswer\":{\"@type\":\"Answer\",\"text\":\"<p>F\\u00f6r m\\u00e5nga f\\u00f6retag kan det vara en stor investering att k\\u00f6pa en egen truck\\\/maskin, s\\u00e4rskilt om den bara anv\\u00e4nds tillf\\u00e4lligtvis. Genom att hyra en truck fr\\u00e5n G\\u00f6stas, kan du ist\\u00e4llet fokusera p\\u00e5 din k\\u00e4rnverksamhet samtidigt som du har tillg\\u00e5ng till r\\u00e4tt utrustning f\\u00f6r att utf\\u00f6ra dina arbetsuppgifter. Du slipper ocks\\u00e5 beh\\u00f6va oroa dig f\\u00f6r underh\\u00e5ll och reparationer av utrustningen, vilket vi p\\u00e5 G\\u00f6stas tar hand om \\u00e5t dig.<\\\/p>\"}},{\"@type\":\"Question\",\"name\":\"Vilka truckar kan man hyra fr\\u00e5n G\\u00f6stas?\",\"acceptedAnswer\":{\"@type\":\"Answer\",\"text\":\"<p>P\\u00e5 G\\u00f6stas har vi ett brett utbud av truckar f\\u00f6r uthyrning f\\u00f6r olika \\u00e4ndam\\u00e5l. Vi har bland annat eltruckar, ledstaplare, dieseltruckar, teleskoplastare, terminaltraktor, skjutstativtruckar, plocktruckar, inomhustruckar, gaffeltruckar och pallyftare i olika storlekar och modeller. Vi har \\u00e4ven specialtruckar f\\u00f6r olika branscher, till exempel lagertruckar och kyltruckar.<\\\/p>\"}},{\"@type\":\"Question\",\"name\":\"Hur t\\u00e4nker ni p\\u00e5 sakerheten?\",\"acceptedAnswer\":{\"@type\":\"Answer\",\"text\":\"<p>P\\u00e5 G\\u00f6stas \\u00e4r vi medvetna om vikten av att erbjuda h\\u00f6gkvalitativa truckar f\\u00f6r att s\\u00e4kerst\\u00e4lla s\\u00e4kerheten f\\u00f6r b\\u00e5de operat\\u00f6rer och \\u00f6vrig personal. Alla v\\u00e5ra truckar \\u00e4r regelbundet underh\\u00e5llna och servade f\\u00f6r att s\\u00e4kerst\\u00e4lla deras funktion och s\\u00e4kerhet. Vi genomg\\u00e5r ocks\\u00e5 regelbundna s\\u00e4kerhetsinspektioner och ser till att alla operat\\u00f6rer \\u00e4r utbildade och certifierade f\\u00f6r att anv\\u00e4nda v\\u00e5r utrustning.<\\\/p>\"}},{\"@type\":\"Question\",\"name\":\"Har ni flexibla hyresavtal av truckar?\",\"acceptedAnswer\":{\"@type\":\"Answer\",\"text\":\"<p>Vi p\\u00e5 G\\u00f6stas f\\u00f6rst\\u00e5r att behoven kan variera f\\u00f6r olika f\\u00f6retag och branscher. D\\u00e4rf\\u00f6r erbjuder vi flexibla hyresavtal f\\u00f6r att passa dina specifika behov. Vi kan erbjuda b\\u00e5de kort- och l\\u00e5ngsiktiga hyresavtal, beroende p\\u00e5 dina \\u00f6nskem\\u00e5l och behov. Vi \\u00e4r ocks\\u00e5 flexibla n\\u00e4r det g\\u00e4ller hyresperioder, s\\u00e5 att du kan hyra utrustning f\\u00f6r s\\u00e5 kort eller s\\u00e5 l\\u00e4nge som du beh\\u00f6ver.<\\\/p>\"}},{\"@type\":\"Question\",\"name\":\"Hur t\\u00e4nker ni p\\u00e5 milj\\u00f6n?\",\"acceptedAnswer\":{\"@type\":\"Answer\",\"text\":\"<p>Vi p\\u00e5 G\\u00f6stas \\u00e4r ocks\\u00e5 medvetna om vikten av att minska v\\u00e5r p\\u00e5verkan p\\u00e5 milj\\u00f6n och arbetar aktivt f\\u00f6r att g\\u00f6ra v\\u00e5ra truckar mer milj\\u00f6v\\u00e4nliga. Vi erbjuder ett utbud av\\u00a0<a href=\\\"https:\\\/\\\/gostas.se\\\/hyra-eltruckar-med-forare\\\/\\\" target=\\\"_blank\\\" rel=\\\"noopener\\\">eltruckar\\u00a0<\\\/a>som \\u00e4r ett mer milj\\u00f6v\\u00e4nligt alternativ till gas- och dieseltruckar. V\\u00e5ra eldrivna truckar \\u00e4r ocks\\u00e5 tystare, vilket kan vara en f\\u00f6rdel i vissa arbetsmilj\\u00f6er d\\u00e4r buller kan vara en faktor.<\\\/p>\"}},{\"@type\":\"Question\",\"name\":\"Vad kan jag f\\u00f6rv\\u00e4nta mig som kund?\",\"acceptedAnswer\":{\"@type\":\"Answer\",\"text\":\"<p>P\\u00e5 G\\u00f6stas \\u00e4r v\\u00e5r h\\u00f6gsta prioritet att v\\u00e5ra kunder \\u00e4r n\\u00f6jda med v\\u00e5r service och utrustning. Vi str\\u00e4var alltid efter att ge en personlig service, och att hj\\u00e4lpa v\\u00e5ra kunder att hitta den b\\u00e4sta l\\u00f6sningen f\\u00f6r deras behov. Vi \\u00e4r ocks\\u00e5 alltid tillg\\u00e4ngliga f\\u00f6r att svara p\\u00e5 fr\\u00e5gor och ge r\\u00e5d om v\\u00e5r utrustning och v\\u00e5ra tj\\u00e4nster.<\\\/p><p>Vi arbetar ocks\\u00e5 h\\u00e5rt f\\u00f6r att h\\u00e5lla v\\u00e5ra priser konkurrenskraftiga, samtidigt som vi levererar h\\u00f6gkvalitativ utrustning och service. Vi tror p\\u00e5 att erbjuda en total l\\u00f6sning till v\\u00e5ra kunder, och att skapa en relation som grundas p\\u00e5 \\u00f6msesidigt f\\u00f6rtroende och samarbete.<\\\/p><p>Vi erbjuder ocks\\u00e5 en rad olika tillbeh\\u00f6r och extramaterial som kan l\\u00e4ggas till p\\u00e5 v\\u00e5ra truckar, s\\u00e5som hydrauliska lyftanordningar, pallk\\u00e4rror och mycket mer. Vi \\u00e4r alltid \\u00f6ppna f\\u00f6r att diskutera dina specifika behov och \\u00f6nskem\\u00e5l och hittar l\\u00f6sningar som fungerar f\\u00f6r dig och ditt f\\u00f6retag.<\\\/p>\"}}]}<\/script>\n\t\t\t\t\t<\/div>\n\t\t\t\t\t\t<\/div>\n\t\t\t\t<\/div>\n\t\t\t\t<div class=\"elementor-element elementor-element-b759641 elementor-widget elementor-widget-text-editor\" data-id=\"b759641\" data-element_type=\"widget\" data-e-type=\"widget\" data-widget_type=\"text-editor.default\">\n\t\t\t\t<div class=\"elementor-widget-container\">\n\t\t\t\t\t\t\t\t\t<h2>Tveka inte att h\u00f6ra av er!<\/h2><p>Vi \u00e4r stolta \u00f6ver att vara experter p\u00e5 uthyrning av truckar, och vi ser fram emot att forts\u00e4tta att arbeta med v\u00e5ra kunder f\u00f6r att hitta de b\u00e4sta l\u00f6sningarna f\u00f6r deras behov. Tveka inte att\u00a0<a href=\"https:\/\/gostas.se\/kontakt\/\">kontakta oss<\/a>\u00a0p\u00e5 G\u00f6stas om du beh\u00f6ver hyra en truck eller om du har fr\u00e5gor om v\u00e5r utrustning och service. Vi ser fram emot att h\u00f6ra fr\u00e5n dig!<\/p>\t\t\t\t\t\t\t\t<\/div>\n\t\t\t\t<\/div>\n\t\t\t\t\t<\/div>\n\t\t<\/div>\n\t\t\t\t\t<\/div>\n\t\t<\/section>\n\t\t\t\t<\/div>\n\t\t","protected":false},"excerpt":{"rendered":"<p>FAQ: Vanliga fr\u00e5gor och svar H\u00e4r hittar ni n\u00e5gra svar p\u00e5 n\u00e5gra vanliga fr\u00e5gor om oss. Varf\u00f6r hyra en truck\/maskin ist\u00e4llet f\u00f6r att k\u00f6pa? F\u00f6r m\u00e5nga f\u00f6retag kan det vara en stor investering att k\u00f6pa en egen truck\/maskin, s\u00e4rskilt om den bara anv\u00e4nds tillf\u00e4lligtvis. Genom att hyra en truck fr\u00e5n G\u00f6stas, kan du ist\u00e4llet fokusera [&hellip;]<\/p>\n","protected":false},"author":5,"featured_media":0,"parent":0,"menu_order":0,"comment_status":"closed","ping_status":"closed","template":"","meta":{"site-sidebar-layout":"no-sidebar","site-content-layout":"page-builder","ast-site-content-layout":"full-width-container","site-content-style":"default","site-sidebar-style":"default","ast-global-header-display":"","ast-banner-title-visibility":"","ast-main-header-display":"","ast-hfb-above-header-display":"","ast-hfb-below-header-display":"","ast-hfb-mobile-header-display":"","site-post-title":"disabled","ast-breadcrumbs-content":"","ast-featured-img":"disabled","footer-sml-layout":"","ast-disable-related-posts":"","theme-transparent-header-meta":"","adv-header-id-meta":"","stick-header-meta":"","header-above-stick-meta":"","header-main-stick-meta":"","header-below-stick-meta":"","astra-migrate-meta-layouts":"set","ast-page-background-enabled":"default","ast-page-background-meta":{"desktop":{"background-color":"","background-image":"","background-repeat":"repeat","background-position":"center center","background-size":"auto","background-attachment":"scroll","background-type":"","background-media":"","overlay-type":"","overlay-color":"","overlay-opacity":"","overlay-gradient":""},"tablet":{"background-color":"","background-image":"","background-repeat":"repeat","background-position":"center center","background-size":"auto","background-attachment":"scroll","background-type":"","background-media":"","overlay-type":"","overlay-color":"","overlay-opacity":"","overlay-gradient":""},"mobile":{"background-color":"","background-image":"","background-repeat":"repeat","background-position":"center center","background-size":"auto","background-attachment":"scroll","background-type":"","background-media":"","overlay-type":"","overlay-color":"","overlay-opacity":"","overlay-gradient":""}},"ast-content-background-meta":{"desktop":{"background-color":"var(--ast-global-color-5)","background-image":"","background-repeat":"repeat","background-position":"center center","background-size":"auto","background-attachment":"scroll","background-type":"","background-media":"","overlay-type":"","overlay-color":"","overlay-opacity":"","overlay-gradient":""},"tablet":{"background-color":"var(--ast-global-color-5)","background-image":"","background-repeat":"repeat","background-position":"center center","background-size":"auto","background-attachment":"scroll","background-type":"","background-media":"","overlay-type":"","overlay-color":"","overlay-opacity":"","overlay-gradient":""},"mobile":{"background-color":"var(--ast-global-color-5)","background-image":"","background-repeat":"repeat","background-position":"center center","background-size":"auto","background-attachment":"scroll","background-type":"","background-media":"","overlay-type":"","overlay-color":"","overlay-opacity":"","overlay-gradient":""}},"footnotes":""},"class_list":["post-2257","page","type-page","status-publish","hentry"],"_links":{"self":[{"href":"https:\/\/gostas.se\/en\/wp-json\/wp\/v2\/pages\/2257","targetHints":{"allow":["GET"]}}],"collection":[{"href":"https:\/\/gostas.se\/en\/wp-json\/wp\/v2\/pages"}],"about":[{"href":"https:\/\/gostas.se\/en\/wp-json\/wp\/v2\/types\/page"}],"author":[{"embeddable":true,"href":"https:\/\/gostas.se\/en\/wp-json\/wp\/v2\/users\/5"}],"replies":[{"embeddable":true,"href":"https:\/\/gostas.se\/en\/wp-json\/wp\/v2\/comments?post=2257"}],"version-history":[{"count":7,"href":"https:\/\/gostas.se\/en\/wp-json\/wp\/v2\/pages\/2257\/revisions"}],"predecessor-version":[{"id":2271,"href":"https:\/\/gostas.se\/en\/wp-json\/wp\/v2\/pages\/2257\/revisions\/2271"}],"wp:attachment":[{"href":"https:\/\/gostas.se\/en\/wp-json\/wp\/v2\/media?parent=2257"}],"curies":[{"name":"wp","href":"https:\/\/api.w.org\/{rel}","templated":true}]}}