{"id":2122,"date":"2024-01-29T11:39:26","date_gmt":"2024-01-29T10:39:26","guid":{"rendered":"https:\/\/gostas.se\/?page_id=2122"},"modified":"2024-12-17T11:58:02","modified_gmt":"2024-12-17T10:58:02","slug":"teleskoplastare","status":"publish","type":"page","link":"https:\/\/gostas.se\/en\/teleskoplastare\/","title":{"rendered":"Telescopic handlers"},"content":{"rendered":"<div data-elementor-type=\"wp-page\" data-elementor-id=\"2122\" class=\"elementor elementor-2122\" data-elementor-post-type=\"page\">\n\t\t\t\t\t\t<section class=\"elementor-section elementor-top-section elementor-element elementor-element-a920141 elementor-hidden-tablet elementor-hidden-mobile elementor-section-boxed elementor-section-height-default elementor-section-height-default\" data-id=\"a920141\" data-element_type=\"section\" data-e-type=\"section\" data-settings=\"{&quot;background_background&quot;:&quot;classic&quot;}\">\n\t\t\t\t\t\t<div class=\"elementor-container elementor-column-gap-default\">\n\t\t\t\t\t<div class=\"elementor-column elementor-col-100 elementor-top-column elementor-element elementor-element-5601656\" data-id=\"5601656\" data-element_type=\"column\" data-e-type=\"column\">\n\t\t\t<div class=\"elementor-widget-wrap elementor-element-populated\">\n\t\t\t\t\t\t<div class=\"elementor-element elementor-element-726abe7 elementor-widget elementor-widget-spacer\" data-id=\"726abe7\" data-element_type=\"widget\" data-e-type=\"widget\" data-widget_type=\"spacer.default\">\n\t\t\t\t<div class=\"elementor-widget-container\">\n\t\t\t\t\t\t\t<div class=\"elementor-spacer\">\n\t\t\t<div class=\"elementor-spacer-inner\"><\/div>\n\t\t<\/div>\n\t\t\t\t\t\t<\/div>\n\t\t\t\t<\/div>\n\t\t\t\t\t<\/div>\n\t\t<\/div>\n\t\t\t\t\t<\/div>\n\t\t<\/section>\n\t\t\t\t<section class=\"elementor-section elementor-top-section elementor-element elementor-element-7472e36 elementor-section-boxed elementor-section-height-default elementor-section-height-default\" data-id=\"7472e36\" data-element_type=\"section\" data-e-type=\"section\" data-settings=\"{&quot;background_background&quot;:&quot;classic&quot;}\">\n\t\t\t\t\t\t\t<div class=\"elementor-background-overlay\"><\/div>\n\t\t\t\t\t\t\t<div class=\"elementor-container elementor-column-gap-default\">\n\t\t\t\t\t<div class=\"elementor-column elementor-col-100 elementor-top-column elementor-element elementor-element-2eb44f9\" data-id=\"2eb44f9\" data-element_type=\"column\" data-e-type=\"column\" data-settings=\"{&quot;background_background&quot;:&quot;classic&quot;}\">\n\t\t\t<div class=\"elementor-widget-wrap elementor-element-populated\">\n\t\t\t\t\t\t<div class=\"elementor-element elementor-element-28e2a74 elementor-widget elementor-widget-heading\" data-id=\"28e2a74\" data-element_type=\"widget\" data-e-type=\"widget\" data-widget_type=\"heading.default\">\n\t\t\t\t<div class=\"elementor-widget-container\">\n\t\t\t\t\t<h1 class=\"elementor-heading-title elementor-size-default\">Telescopic handlers<\/h1>\t\t\t\t<\/div>\n\t\t\t\t<\/div>\n\t\t\t\t<section class=\"elementor-section elementor-inner-section elementor-element elementor-element-bb58e8c elementor-section-boxed elementor-section-height-default elementor-section-height-default\" data-id=\"bb58e8c\" data-element_type=\"section\" data-e-type=\"section\">\n\t\t\t\t\t\t<div class=\"elementor-container elementor-column-gap-default\">\n\t\t\t\t\t<div class=\"elementor-column elementor-col-50 elementor-inner-column elementor-element elementor-element-45f5abe\" data-id=\"45f5abe\" data-element_type=\"column\" data-e-type=\"column\">\n\t\t\t<div class=\"elementor-widget-wrap elementor-element-populated\">\n\t\t\t\t\t\t<div class=\"elementor-element elementor-element-a9fc314 elementor-widget elementor-widget-text-editor\" data-id=\"a9fc314\" data-element_type=\"widget\" data-e-type=\"widget\" data-widget_type=\"text-editor.default\">\n\t\t\t\t<div class=\"elementor-widget-container\">\n\t\t\t\t\t\t\t\t\t<h2><span data-contrast=\"none\">Our Telescopic handler... <\/span><\/h2><p><span data-contrast=\"none\">...are ready to streamline your work. These versatile and multifunctional machines are ideal for demanding environments such as construction sites and industries. With their ability to handle rough terrain and perform a wide range of tasks, our telehandlers have become an indispensable part of many industries' daily operations. <\/span><\/p><p><span data-contrast=\"none\">Oavsett om du beh\u00f6ver hyra f\u00f6r ett kortare projekt eller investera i en begagnad maskin, erbjuder G\u00f6stas Truckuthyrning\u00a0tillf\u00f6rlitliga l\u00f6sningar som m\u00f6ter dina behov.<\/span><span data-ccp-props=\"{&quot;134233117&quot;:false,&quot;201341983&quot;:0,&quot;335551550&quot;:0,&quot;335551620&quot;:0,&quot;335559738&quot;:0,&quot;335559739&quot;:160,&quot;335559740&quot;:259}\"><br \/>Se h\u00e4r om du beh\u00f6ver <a href=\"https:\/\/gostas.se\/en\/hyra-teleskoptruckar-med-forare\/\">hyra teleskoplastare<\/a>.<\/span><\/p>\t\t\t\t\t\t\t\t<\/div>\n\t\t\t\t<\/div>\n\t\t\t\t\t<\/div>\n\t\t<\/div>\n\t\t\t\t<div class=\"elementor-column elementor-col-50 elementor-inner-column elementor-element elementor-element-2319ddf\" data-id=\"2319ddf\" data-element_type=\"column\" data-e-type=\"column\">\n\t\t\t<div class=\"elementor-widget-wrap elementor-element-populated\">\n\t\t\t\t\t\t<div class=\"elementor-element elementor-element-439e5f8 elementor-widget elementor-widget-image\" data-id=\"439e5f8\" data-element_type=\"widget\" data-e-type=\"widget\" data-widget_type=\"image.default\">\n\t\t\t\t<div class=\"elementor-widget-container\">\n\t\t\t\t\t\t\t\t\t\t\t\t\t\t\t<img fetchpriority=\"high\" decoding=\"async\" width=\"613\" height=\"407\" src=\"https:\/\/gostas.se\/wp-content\/uploads\/2024\/02\/teleskoplastare-gostas.png\" class=\"attachment-large size-large wp-image-2156\" alt=\"en teleskoplastare fr\u00e5n g\u00f6stas\" srcset=\"https:\/\/gostas.se\/wp-content\/uploads\/2024\/02\/teleskoplastare-gostas.png 613w, https:\/\/gostas.se\/wp-content\/uploads\/2024\/02\/teleskoplastare-gostas-300x199.png 300w, https:\/\/gostas.se\/wp-content\/uploads\/2024\/02\/teleskoplastare-gostas-18x12.png 18w\" sizes=\"(max-width: 613px) 100vw, 613px\" \/>\t\t\t\t\t\t\t\t\t\t\t\t\t\t\t<\/div>\n\t\t\t\t<\/div>\n\t\t\t\t\t<\/div>\n\t\t<\/div>\n\t\t\t\t\t<\/div>\n\t\t<\/section>\n\t\t\t\t<div class=\"elementor-element elementor-element-f145692 elementor-widget elementor-widget-text-editor\" data-id=\"f145692\" data-element_type=\"widget\" data-e-type=\"widget\" data-widget_type=\"text-editor.default\">\n\t\t\t\t<div class=\"elementor-widget-container\">\n\t\t\t\t\t\t\t\t\t<p><b style=\"color: var(--ast-global-color-2); font-family: Poppins, sans-serif; font-size: 1.125rem; font-style: inherit; background-color: var( --e-global-color-astglobalcolor5 );\"><span data-contrast=\"none\">What is a Telehandler?<\/span><\/b><span data-ccp-props=\"{&quot;134245418&quot;:true,&quot;134245529&quot;:true,&quot;201341983&quot;:0,&quot;335559738&quot;:40,&quot;335559739&quot;:0,&quot;335559740&quot;:259}\" style=\"color: var(--ast-global-color-2); font-family: Poppins, sans-serif; font-size: 1.125rem; font-style: inherit; font-weight: 700; background-color: var( --e-global-color-astglobalcolor5 );\">&nbsp;<\/span><br><\/p>\n<p aria-level=\"3\"><span data-contrast=\"none\">A telehandler is a construction machine distinguished by its telescopic boom, which provides outstanding reach both horizontally and vertically. This unique construction enables the machine to reach out and over obstacles, which is crucial in many work environments. The telehandler is equipped with a variety of attachments such as forks, grapples, and buckets, making it adaptable for various tasks.<\/span><span data-ccp-props=\"{&quot;134245418&quot;:true,&quot;134245529&quot;:true,&quot;201341983&quot;:0,&quot;335559738&quot;:40,&quot;335559739&quot;:0,&quot;335559740&quot;:259}\">&nbsp;<\/span><\/p>\n<h3 aria-level=\"3\"><b><span data-contrast=\"none\">Uppbyggnad och skillnader j\u00e4mf\u00f6rt med andra truckar<\/span><\/b><span data-ccp-props=\"{&quot;134245418&quot;:true,&quot;134245529&quot;:true,&quot;201341983&quot;:0,&quot;335559738&quot;:40,&quot;335559739&quot;:0,&quot;335559740&quot;:259}\">&nbsp;<\/span><\/h3>\n<p><span data-contrast=\"none\">Teleskoplastarens konstruktion best\u00e5r av en basenhet med motor, drivning och hytt. Dess hj\u00e4rta, den teleskopiska bommen, kan f\u00f6rl\u00e4ngas och f\u00f6rkortas f\u00f6r att n\u00e5 den \u00f6nskade r\u00e4ckvidden. Denna funktion skiljer sig markant fr\u00e5n traditionella truckar, som ofta har en fast bom eller mast. Vidare, genom att kunna utrusta bommens spets med olika redskap, blir teleskoplastaren en m\u00e5ngsidig akt\u00f6r p\u00e5 arbetsplatsen.<\/span><span data-ccp-props=\"{&quot;134233117&quot;:false,&quot;201341983&quot;:0,&quot;335551550&quot;:0,&quot;335551620&quot;:0,&quot;335559738&quot;:0,&quot;335559739&quot;:160,&quot;335559740&quot;:259}\">&nbsp;<\/span><\/p>\n<p aria-level=\"3\"><span data-contrast=\"none\">In comparison to conventional forklifts, the telehandler offers greater flexibility in hard-to-reach areas and can perform more complex lifting tasks. Their ability to operate in varied terrain and with different types of loads makes them a more comprehensive solution for material handling.<\/span> <span data-ccp-props=\"{&quot;134245418&quot;:true,&quot;134245529&quot;:true,&quot;201341983&quot;:0,&quot;335559738&quot;:40,&quot;335559739&quot;:0,&quot;335559740&quot;:259}\">&nbsp;<\/span><\/p>\t\t\t\t\t\t\t\t<\/div>\n\t\t\t\t<\/div>\n\t\t\t\t<section class=\"elementor-section elementor-inner-section elementor-element elementor-element-282117f elementor-section-boxed elementor-section-height-default elementor-section-height-default\" data-id=\"282117f\" data-element_type=\"section\" data-e-type=\"section\">\n\t\t\t\t\t\t<div class=\"elementor-container elementor-column-gap-default\">\n\t\t\t\t\t<div class=\"elementor-column elementor-col-50 elementor-inner-column elementor-element elementor-element-05a4e6b\" data-id=\"05a4e6b\" data-element_type=\"column\" data-e-type=\"column\">\n\t\t\t<div class=\"elementor-widget-wrap elementor-element-populated\">\n\t\t\t\t\t\t<div class=\"elementor-element elementor-element-8a7cdb4 elementor-widget elementor-widget-text-editor\" data-id=\"8a7cdb4\" data-element_type=\"widget\" data-e-type=\"widget\" data-widget_type=\"text-editor.default\">\n\t\t\t\t<div class=\"elementor-widget-container\">\n\t\t\t\t\t\t\t\t\t<h3 aria-level=\"4\"><span data-contrast=\"none\">Industries<\/span><span data-ccp-props=\"{&quot;134245418&quot;:true,&quot;134245529&quot;:true,&quot;201341983&quot;:0,&quot;335559738&quot;:40,&quot;335559739&quot;:0,&quot;335559740&quot;:259}\">\u00a0<\/span><\/h3><p><span data-contrast=\"none\">De branscher som fr\u00e4mst anv\u00e4nder teleskoplastare \u00e4r:<\/span><span data-ccp-props=\"{&quot;134233117&quot;:false,&quot;201341983&quot;:0,&quot;335551550&quot;:0,&quot;335551620&quot;:0,&quot;335559738&quot;:0,&quot;335559739&quot;:160,&quot;335559740&quot;:259}\">\u00a0<\/span><\/p>\t\t\t\t\t\t\t\t<\/div>\n\t\t\t\t<\/div>\n\t\t\t\t<div class=\"elementor-element elementor-element-2fb75d3 elementor-icon-list--layout-traditional elementor-list-item-link-full_width elementor-widget elementor-widget-icon-list\" data-id=\"2fb75d3\" data-element_type=\"widget\" data-e-type=\"widget\" data-widget_type=\"icon-list.default\">\n\t\t\t\t<div class=\"elementor-widget-container\">\n\t\t\t\t\t\t\t<ul class=\"elementor-icon-list-items\">\n\t\t\t\t\t\t\t<li class=\"elementor-icon-list-item\">\n\t\t\t\t\t\t\t\t\t\t\t<span class=\"elementor-icon-list-icon\">\n\t\t\t\t\t\t\t<i aria-hidden=\"true\" class=\"fas fa-building\"><\/i>\t\t\t\t\t\t<\/span>\n\t\t\t\t\t\t\t\t\t\t<span class=\"elementor-icon-list-text\"><b> Construction and Civil Engineering: <\/b> For lifting and transporting construction materials. <\/span>\n\t\t\t\t\t\t\t\t\t<\/li>\n\t\t\t\t\t\t\t\t<li class=\"elementor-icon-list-item\">\n\t\t\t\t\t\t\t\t\t\t\t<span class=\"elementor-icon-list-icon\">\n\t\t\t\t\t\t\t<i aria-hidden=\"true\" class=\"fas fa-industry\"><\/i>\t\t\t\t\t\t<\/span>\n\t\t\t\t\t\t\t\t\t\t<span class=\"elementor-icon-list-text\"><b> Industry: <\/b> Used for handling heavy loads in production lines. <\/span>\n\t\t\t\t\t\t\t\t\t<\/li>\n\t\t\t\t\t\t\t\t<li class=\"elementor-icon-list-item\">\n\t\t\t\t\t\t\t\t\t\t\t<span class=\"elementor-icon-list-icon\">\n\t\t\t\t\t\t\t<i aria-hidden=\"true\" class=\"fas fa-warehouse\"><\/i>\t\t\t\t\t\t<\/span>\n\t\t\t\t\t\t\t\t\t\t<span class=\"elementor-icon-list-text\"><b> Municipal Services: <\/b> Assists in maintenance work and snow removal on roofs. <\/span>\n\t\t\t\t\t\t\t\t\t<\/li>\n\t\t\t\t\t\t<\/ul>\n\t\t\t\t\t\t<\/div>\n\t\t\t\t<\/div>\n\t\t\t\t\t<\/div>\n\t\t<\/div>\n\t\t\t\t<div class=\"elementor-column elementor-col-50 elementor-inner-column elementor-element elementor-element-2ea5dda\" data-id=\"2ea5dda\" data-element_type=\"column\" data-e-type=\"column\">\n\t\t\t<div class=\"elementor-widget-wrap elementor-element-populated\">\n\t\t\t\t\t\t<div class=\"elementor-element elementor-element-cd63058 elementor-widget elementor-widget-text-editor\" data-id=\"cd63058\" data-element_type=\"widget\" data-e-type=\"widget\" data-widget_type=\"text-editor.default\">\n\t\t\t\t<div class=\"elementor-widget-container\">\n\t\t\t\t\t\t\t\t\t<h3 aria-level=\"4\"><span data-contrast=\"none\">Applications<\/span><span data-ccp-props=\"{&quot;134245418&quot;:true,&quot;134245529&quot;:true,&quot;201341983&quot;:0,&quot;335559738&quot;:40,&quot;335559739&quot;:0,&quot;335559740&quot;:259}\">\u00a0<\/span><\/h3><p><span data-contrast=\"none\">Teleskoplastare \u00e4r en kraftfull resurs inom flera branscher. Deras <a href=\"https:\/\/gostas.se\/en\/lastning-och-lossning\/\">primary areas of use<\/a> include:<\/span><span data-ccp-props=\"{&quot;134233117&quot;:false,&quot;201341983&quot;:0,&quot;335551550&quot;:0,&quot;335551620&quot;:0,&quot;335559738&quot;:0,&quot;335559739&quot;:160,&quot;335559740&quot;:259}\">\u00a0<\/span><\/p>\t\t\t\t\t\t\t\t<\/div>\n\t\t\t\t<\/div>\n\t\t\t\t<div class=\"elementor-element elementor-element-bbf979a elementor-icon-list--layout-traditional elementor-list-item-link-full_width elementor-widget elementor-widget-icon-list\" data-id=\"bbf979a\" data-element_type=\"widget\" data-e-type=\"widget\" data-widget_type=\"icon-list.default\">\n\t\t\t\t<div class=\"elementor-widget-container\">\n\t\t\t\t\t\t\t<ul class=\"elementor-icon-list-items\">\n\t\t\t\t\t\t\t<li class=\"elementor-icon-list-item\">\n\t\t\t\t\t\t\t\t\t\t\t<span class=\"elementor-icon-list-icon\">\n\t\t\t\t\t\t\t<i aria-hidden=\"true\" class=\"fas fa-check\"><\/i>\t\t\t\t\t\t<\/span>\n\t\t\t\t\t\t\t\t\t\t<span class=\"elementor-icon-list-text\"><b> Loading and Unloading:<\/b> Streamlines the process of material transportation. <\/span>\n\t\t\t\t\t\t\t\t\t<\/li>\n\t\t\t\t\t\t\t\t<li class=\"elementor-icon-list-item\">\n\t\t\t\t\t\t\t\t\t\t\t<span class=\"elementor-icon-list-icon\">\n\t\t\t\t\t\t\t<i aria-hidden=\"true\" class=\"fas fa-check\"><\/i>\t\t\t\t\t\t<\/span>\n\t\t\t\t\t\t\t\t\t\t<span class=\"elementor-icon-list-text\"><b> Material Handling: <\/b> Ideal for handling large and heavy materials. <\/span>\n\t\t\t\t\t\t\t\t\t<\/li>\n\t\t\t\t\t\t\t\t<li class=\"elementor-icon-list-item\">\n\t\t\t\t\t\t\t\t\t\t\t<span class=\"elementor-icon-list-icon\">\n\t\t\t\t\t\t\t<i aria-hidden=\"true\" class=\"fas fa-check\"><\/i>\t\t\t\t\t\t<\/span>\n\t\t\t\t\t\t\t\t\t\t<span class=\"elementor-icon-list-text\"><b> Excavation Works: <\/b> Useful in construction and civil engineering projects. <\/span>\n\t\t\t\t\t\t\t\t\t<\/li>\n\t\t\t\t\t\t<\/ul>\n\t\t\t\t\t\t<\/div>\n\t\t\t\t<\/div>\n\t\t\t\t\t<\/div>\n\t\t<\/div>\n\t\t\t\t\t<\/div>\n\t\t<\/section>\n\t\t\t\t<div class=\"elementor-element elementor-element-dbb3f18 elementor-widget elementor-widget-text-editor\" data-id=\"dbb3f18\" data-element_type=\"widget\" data-e-type=\"widget\" data-widget_type=\"text-editor.default\">\n\t\t\t\t<div class=\"elementor-widget-container\">\n\t\t\t\t\t\t\t\t\t<h3 aria-level=\"3\"><b><span data-contrast=\"none\">Telehandlers from G\u00f6stas<\/span><\/b><span data-ccp-props=\"{&quot;134245418&quot;:true,&quot;134245529&quot;:true,&quot;201341983&quot;:0,&quot;335559738&quot;:40,&quot;335559739&quot;:0,&quot;335559740&quot;:259}\">\u00a0<\/span><\/h3><p><span data-contrast=\"none\">At G\u00f6stas Truck Rental, we understand the importance of having the right equipment for the job. Our, <a href=\"https:\/\/gostas.se\/en\/hyra-teleskoptruckar-med-forare\/\">telehandlers<\/a> are not only versatile and powerful, they are also economical and reliable. By renting from us, you gain access to modern and well-maintained machines, ready to meet your specific needs. Whether you need a telehandler for a short-term project or an extended period, we have the perfect solution for you. Contact us today to discuss your requirements and let us help you find the ideal telehandler for your next project.<\/span><span data-ccp-props=\"{&quot;134233117&quot;:false,&quot;201341983&quot;:0,&quot;335551550&quot;:0,&quot;335551620&quot;:0,&quot;335559738&quot;:0,&quot;335559739&quot;:160,&quot;335559740&quot;:259}\">\u00a0<\/span><\/p>\t\t\t\t\t\t\t\t<\/div>\n\t\t\t\t<\/div>\n\t\t\t\t<div class=\"elementor-element elementor-element-001094f elementor-align-center elementor-widget elementor-widget-button\" data-id=\"001094f\" data-element_type=\"widget\" data-e-type=\"widget\" data-widget_type=\"button.default\">\n\t\t\t\t<div class=\"elementor-widget-container\">\n\t\t\t\t\t\t\t\t\t<div class=\"elementor-button-wrapper\">\n\t\t\t\t\t<a class=\"elementor-button elementor-button-link elementor-size-lg\" href=\"https:\/\/gostas.se\/en\/kontakt\/\">\n\t\t\t\t\t\t<span class=\"elementor-button-content-wrapper\">\n\t\t\t\t\t\t\t\t\t<span class=\"elementor-button-text\">Contact us<\/span>\n\t\t\t\t\t<\/span>\n\t\t\t\t\t<\/a>\n\t\t\t\t<\/div>\n\t\t\t\t\t\t\t\t<\/div>\n\t\t\t\t<\/div>\n\t\t\t\t\t<\/div>\n\t\t<\/div>\n\t\t\t\t\t<\/div>\n\t\t<\/section>\n\t\t\t\t<\/div>","protected":false},"excerpt":{"rendered":"<p>Teleskoplastare V\u00e5ra teleskoplastare&#8230; &#8230;st\u00e5r redo att effektivisera ditt arbete. Dessa smidiga och multifunktionella maskiner \u00e4r idealiska f\u00f6r kr\u00e4vande milj\u00f6er som byggarbetsplatser &amp; industrier. Med sin f\u00f6rm\u00e5ga att hantera tuff terr\u00e4ng och utf\u00f6ra ett brett spektrum av uppgifter, har v\u00e5ra teleskoplastare blivit en oumb\u00e4rlig del av m\u00e5nga branschers dagliga arbete. Oavsett om du beh\u00f6ver hyra f\u00f6r [&hellip;]<\/p>\n","protected":false},"author":5,"featured_media":0,"parent":0,"menu_order":0,"comment_status":"closed","ping_status":"closed","template":"","meta":{"site-sidebar-layout":"no-sidebar","site-content-layout":"page-builder","ast-site-content-layout":"full-width-container","site-content-style":"default","site-sidebar-style":"default","ast-global-header-display":"","ast-banner-title-visibility":"","ast-main-header-display":"","ast-hfb-above-header-display":"","ast-hfb-below-header-display":"","ast-hfb-mobile-header-display":"","site-post-title":"disabled","ast-breadcrumbs-content":"","ast-featured-img":"disabled","footer-sml-layout":"","ast-disable-related-posts":"","theme-transparent-header-meta":"","adv-header-id-meta":"","stick-header-meta":"","header-above-stick-meta":"","header-main-stick-meta":"","header-below-stick-meta":"","astra-migrate-meta-layouts":"default","ast-page-background-enabled":"default","ast-page-background-meta":{"desktop":{"background-color":"","background-image":"","background-repeat":"repeat","background-position":"center center","background-size":"auto","background-attachment":"scroll","background-type":"","background-media":"","overlay-type":"","overlay-color":"","overlay-opacity":"","overlay-gradient":""},"tablet":{"background-color":"","background-image":"","background-repeat":"repeat","background-position":"center center","background-size":"auto","background-attachment":"scroll","background-type":"","background-media":"","overlay-type":"","overlay-color":"","overlay-opacity":"","overlay-gradient":""},"mobile":{"background-color":"","background-image":"","background-repeat":"repeat","background-position":"center center","background-size":"auto","background-attachment":"scroll","background-type":"","background-media":"","overlay-type":"","overlay-color":"","overlay-opacity":"","overlay-gradient":""}},"ast-content-background-meta":{"desktop":{"background-color":"var(--ast-global-color-5)","background-image":"","background-repeat":"repeat","background-position":"center center","background-size":"auto","background-attachment":"scroll","background-type":"","background-media":"","overlay-type":"","overlay-color":"","overlay-opacity":"","overlay-gradient":""},"tablet":{"background-color":"var(--ast-global-color-5)","background-image":"","background-repeat":"repeat","background-position":"center center","background-size":"auto","background-attachment":"scroll","background-type":"","background-media":"","overlay-type":"","overlay-color":"","overlay-opacity":"","overlay-gradient":""},"mobile":{"background-color":"var(--ast-global-color-5)","background-image":"","background-repeat":"repeat","background-position":"center center","background-size":"auto","background-attachment":"scroll","background-type":"","background-media":"","overlay-type":"","overlay-color":"","overlay-opacity":"","overlay-gradient":""}},"footnotes":""},"class_list":["post-2122","page","type-page","status-publish","hentry"],"_links":{"self":[{"href":"https:\/\/gostas.se\/en\/wp-json\/wp\/v2\/pages\/2122","targetHints":{"allow":["GET"]}}],"collection":[{"href":"https:\/\/gostas.se\/en\/wp-json\/wp\/v2\/pages"}],"about":[{"href":"https:\/\/gostas.se\/en\/wp-json\/wp\/v2\/types\/page"}],"author":[{"embeddable":true,"href":"https:\/\/gostas.se\/en\/wp-json\/wp\/v2\/users\/5"}],"replies":[{"embeddable":true,"href":"https:\/\/gostas.se\/en\/wp-json\/wp\/v2\/comments?post=2122"}],"version-history":[{"count":33,"href":"https:\/\/gostas.se\/en\/wp-json\/wp\/v2\/pages\/2122\/revisions"}],"predecessor-version":[{"id":2366,"href":"https:\/\/gostas.se\/en\/wp-json\/wp\/v2\/pages\/2122\/revisions\/2366"}],"wp:attachment":[{"href":"https:\/\/gostas.se\/en\/wp-json\/wp\/v2\/media?parent=2122"}],"curies":[{"name":"wp","href":"https:\/\/api.w.org\/{rel}","templated":true}]}}