{"id":2,"date":"2022-06-16T13:48:19","date_gmt":"2022-06-16T11:48:19","guid":{"rendered":"https:\/\/gostas.se\/?page_id=2"},"modified":"2023-12-07T08:31:26","modified_gmt":"2023-12-07T07:31:26","slug":"hyresvillkor","status":"publish","type":"page","link":"https:\/\/gostas.se\/en\/hyresvillkor\/","title":{"rendered":"ALLM\u00c4NNA HYRESVILLKOR"},"content":{"rendered":"<p>\n\n\n<\/p>\n<p>Dessa allm\u00e4nna hyresvillkor, version 2019:1 (\u201dAllm\u00e4nna Hyresvillkor\u201d) \u00e4r till\u00e4mpliga vid uthyrning av truckar och \u00f6vrig utrustning fr\u00e5n G\u00f6stas Truckuthyrning AB (org. nr. 556357-6155) eller n\u00e5got avdess vid var tid n\u00e4rst\u00e5ende bolag (\u201dUthyraren\u201d). Partsom hyr eller disponerar truck fr\u00e5n Uthyrarenben\u00e4mns \u201dHyrestagaren\u201d. Uthyraren och Hyrestagaren ben\u00e4mns ocks\u00e5 vardera som en \u201dPart\u201d och gemensamt som \u201dParterna\u201d.<\/p>\n<p>\n\n\n<\/p>\n<p>\n\n\n<\/p>\n<h1 class=\"wp-block-heading\">1. HYRESOBJEKTET<\/h1>\n<p>\n\n\n<\/p>\n<p>\n\n\n<\/p>\n<p><strong>1.1<\/strong> Med \u201dHyresobjektet\u201d avses den truck eller den utrustning som Hyrestagaren hyr eller disponerar fr\u00e5n Uthyraren samt d\u00e4rmed tillh\u00f6rig utrustning.<\/p>\n<p>\n\n\n<\/p>\n<p>\n\n\n<\/p>\n<p><strong>1.2<\/strong> Hyresobjektet utl\u00e4mnas i gott, driftdugligt skick.<\/p>\n<p>\n\n\n<\/p>\n<p>\n\n\n<\/p>\n<p><strong>1.3 <\/strong> Anm\u00e4rkningar mot Hyresobjektet ska, f\u00f6r att kunna g\u00f6ras g\u00e4llande mot Uthyraren, snarast anm\u00e4las skriftligen till Uthyraren, dock senast tv\u00e5 (2) arbetsdagar efter att risken f\u00f6r Hyresobjektet \u00f6verg\u00e5tt p\u00e5 Hyrestagarens i enlighet med punkt <a href=\"#_bookmark5\">6.1.<\/a><\/p>\n<p>\n\n\n<\/p>\n<p>\n\n\n<\/p>\n<h1 class=\"wp-block-heading\">2. HYRESTID OCH UPPS\u00c4GNING<\/h1>\n<p>\n\n\n<\/p>\n<p>\n\n\n<\/p>\n<p><strong>2.1 <\/strong> Hyrestiden l\u00f6per fr\u00e5n och med den dag som avtalats eller den tidigare tidpunkt d\u00e5 risken \u00f6verg\u00e5tt p\u00e5 Hyrestagaren enligt punkten 6.1.<\/p>\n<p>\n\n\n<\/p>\n<p>\n\n\n<\/p>\n<p><strong>2.2<\/strong> Hyrestiden l\u00f6per till och med den dag som avtalats eller den senare tidpunkt d\u00e5 risken \u00f6verg\u00e5tt tillbaka till Uthyraren enligt punkten <a href=\"#_bookmark5\">6.1.<\/a><\/p>\n<p>\n\n\n<\/p>\n<p>\n\n\n<\/p>\n<p><strong>2.3<\/strong> F\u00f6r det fall att inget annat avtalats kan vardera Part s\u00e4ga upp avtalet med en \u00f6msesidig upps\u00e4gningstid om en (1) dag. Hyrestagaren kan dock inte s\u00e4ga upp avtalet under den period som Hyresobjektet \u00e4r p\u00e5 reparation och hyra utg\u00e5r enligt punkten <a href=\"#_bookmark4\">4.4<\/a><\/p>\n<p>\n\n\n<\/p>\n<p>\n\n\n<\/p>\n<h1 class=\"wp-block-heading\">3. UTL\u00c4MNANDE OCH RETUR<\/h1>\n<p>\n\n\n\n<\/p>\n<p><strong>3.1<\/strong> S\u00e5vida inte annat avtalats anses Hyresobjektet utl\u00e4mnat n\u00e4r det st\u00e4lls till Hyrestagarens f\u00f6rfogande p\u00e5 Uthyrarens uppst\u00e4llningsplats. Hyrestagaren st\u00e5r kostnad och risk f\u00f6r transport fr\u00e5n Uthyrarens uppst\u00e4llningsplats till Hyrestagarens arbetsplats, samt f\u00f6r returtransport. S\u00e5vida inte annat avtalats bokar Uthyraren transport, men Hyrestagaren st\u00e5r risk och kostnad.<\/p>\n<p>\n\n\n<\/p>\n<p>\n\n\n<\/p>\n<p><strong>3.2 <\/strong> Hyresobjektet anses returnerat n\u00e4r det avl\u00e4mnats p\u00e5 Uthyrarens uppst\u00e4llningsplats och Uthyraren underr\u00e4ttats skriftligen om \u00e5terl\u00e4mnandet.<\/p>\n<p>\n\n\n<\/p>\n<p>\n\n\n<\/p>\n<p><strong>3.3<\/strong> Hyresobjektet ska ha returnerats till Uthyrarens uppst\u00e4llningsplats senast kl. 08.00 dagen efter Hyrestiden l\u00f6per ut enligt punkten <a href=\"#_bookmark0\">2.2<\/a> or <a href=\"#_bookmark1\">2.3.<\/a> F\u00f6r returer som sker senare \u00e4n kl. 08.00 debiteras ytterligare en dags hyra.<\/p>\n<p>\n\n\n<\/p>\n<p>\n\n\n<\/p>\n<p><strong>3.4<\/strong> Hyresobjektet ska returneras v\u00e4l rengjort och i gott skick. Om Hyrestagaren inte \u00e5terl\u00e4mnat Hyresobjektet i v\u00e4l rengjort eller i gott skick \u00e4ger Uthyraren r\u00e4tt att debitera kostnad f\u00f6r reng\u00f6ring enligt g\u00e4llande prislista.<\/p>\n<p>\n\n\n\n<\/p>\n<h1 class=\"wp-block-heading\">4. HYRESKOSTNAD OCH BETALNING<\/h1>\n<p>\n\n\n<p><strong>4.1 <\/strong> Hyra utg\u00e5r med dagshyra f\u00f6r varje dag som inte \u00e4r arbetsfri l\u00f6rdag eller allm\u00e4n helgdag i Sverige (dvs. \u00e4ven under semesterperioder och andra motsvarande ledigheter). Hyresobjektet f\u00e5r inte anv\u00e4ndas l\u00f6rdag, s\u00f6ndag eller helgdag utan skriftligt meddelande till Uthyraren i f\u00f6rv\u00e4g.<\/p>\n<p><strong style=\"font-style: inherit; background-color: var(--ast-global-color-5);\">4.2<\/strong> Dagshyran omfattar hyra f\u00f6r Hyresobjektet samt \u00f6vrig utrustning. Dagshyra anges exklusive merv\u00e4rdesskatt.<\/p>\n<p><strong style=\"font-style: inherit; background-color: var(--ast-global-color-5);\">4.3<\/strong> Dagshyran utg\u00f6r hyreskostnaden per arbetsskift om 8 timmar s\u00e5vida annat inte avtalats. \u00d6nskar Hyrestagaren anv\u00e4nda utrustningen mer \u00e4n ett skift per dygn \u00e4r han skyldig att skriftligen underr\u00e4tta Uthyraren om detta i f\u00f6rv\u00e4g.<\/p>\n<p><strong style=\"font-style: inherit; background-color: var(--ast-global-color-5);\">4.4<\/strong> Dagshyra utg\u00e5r f\u00f6r minst ett skift per dygn (minimihyra) oavsett om Hyresobjektet anv\u00e4nds eller inte. F\u00f6r tv\u00e5 skift debiteras Hyrestagaren 1,75 x avtalad dagshyra. F\u00f6r tre skift debiteras Hyrestagaren 2 x avtalad dagshyra. F\u00f6r tid d\u00e5 Hyresobjektet \u00e4r under reparation till f\u00f6ljd av skada f\u00f6r vilken Hyrestagaren ansvarar enligt punkten <a style=\"font-size: 1rem; font-style: inherit; font-weight: inherit;\" href=\"#_bookmark6\">6.2<\/a> debiteras minimihyra till dess att Hyresobjektet kan hyras ut igen.<\/p>\n<p><strong style=\"font-style: inherit; background-color: var(--ast-global-color-5);\">4.5<\/strong> I dagshyran ing\u00e5r service och underh\u00e5ll av normalt slitage, standardd\u00e4ck, samt obligatoriska besiktningar och trafikf\u00f6rs\u00e4kring f\u00f6r fordon. Hyrestagaren ska bekosta drivmedel, motorolja, frostskyddande kylarv\u00e4tska, destillerat vatten och elektrisk laddning av batterier under hyrestiden samt f\u00f6rbrukningsartiklar s\u00e5som gl\u00f6dlampor och standards\u00e4kringar. Tillbeh\u00f6r debiteras separat liksom kostnader f\u00f6r exempelvis montering, demontering, transporter och ut\u00f6kat besiktningsbehov.<\/p>\n<p><strong style=\"font-style: inherit; background-color: var(--ast-global-color-5);\">4.6<\/strong> Hyreskostnaden faktureras m\u00e5nadsvis i efterskott. Fakturabeloppet ska vara Uthyraren tillhanda senast det datum som anges som f\u00f6rfallodatum p\u00e5 fakturan. P\u00e5minnelseavgift om 60 kronor och dr\u00f6jsm\u00e5lsr\u00e4nta enligt r\u00e4ntelagen (1975:635) debiteras vid f\u00f6rsenad betalning. Faktureringsavgift 40 kronor debiteras f\u00f6r fakturor som skickas med portof\u00f6rsett brev. F\u00f6r fakturor via e-post eller elektroniska fakturor utg\u00e5r ingen faktureringsavgift.<\/p>\n<h1>5. ANV\u00c4NDNING OCH V\u00c5RD AV HYRESOBJEKTET<\/h1>\n<p><strong style=\"font-size: 16px; font-style: inherit; background-color: var(--ast-global-color-5); color: #333333; font-family: 'Open Sans', sans-serif;\">5.1<\/strong> Hyresobjektet f\u00e5r endast anv\u00e4ndas f\u00f6r s\u00e5dana arbetsuppgifter och under s\u00e5dana arbetsf\u00f6rh\u00e5llanden f\u00f6r vilket det \u00e4r avsett. Det \u00e5ligger Hyrestagaren att se till att Hyresobjektet anv\u00e4nds p\u00e5 ett normalt aktsamt s\u00e4tt och att f\u00f6rare har erforderlig utbildning f\u00f6r att f\u00f6lja g\u00e4llande lagar, f\u00f6reskrifter och arbetsmilj\u00f6regler. Endast van och fackkunnig maskinpersonal f\u00e5r anv\u00e4ndas f\u00f6r Hyresobjektets sk\u00f6tsel.<\/p>\n<p><strong style=\"font-style: inherit; background-color: var(--ast-global-color-5);\">5.2<\/strong> Hyresobjektet f\u00e5r endast anv\u00e4ndas och f\u00f6rvaras p\u00e5 angiven arbetsplats. Hyresobjektet f\u00e5r inte utan skriftligt tillst\u00e5nd i f\u00f6rv\u00e4g fr\u00e5n Uthyraren flyttas till annan arbetsplats \u00e4n den angivna.<\/p>\n<p><strong style=\"font-style: inherit; background-color: var(--ast-global-color-5);\">5.3<\/strong> Hyrestagaren ska g\u00f6ra en daglig \u00f6versyn av Hyresobjektet som minst ska innefatta kontroll av d\u00e4ck, motorolja, kylvatten, frostv\u00e4tska, batterivatten, bromsolja och liknande v\u00e4tskor samt att n\u00e5got l\u00e4ckage inte f\u00f6religger.<\/p>\n<p><strong style=\"font-style: inherit; background-color: var(--ast-global-color-5);\">5.4<\/strong> Hyrestagaren \u00e4r skyldig att s\u00e5v\u00e4l f\u00f6re, under som efter hyresperioden, se till att Hyresobjektet f\u00f6rvaras s\u00e4kert och v\u00e4l skyddat f\u00f6r st\u00f6ld, skyddat fr\u00e5n yttre \u00e5verkan, fr\u00e5n v\u00e4der och vind samt att skyddad uppst\u00e4llningsplats utnyttjas d\u00e5 Hyresobjektet inte anv\u00e4nds.<\/p>\n<p><strong style=\"font-style: inherit; background-color: var(--ast-global-color-5);\">5.5<\/strong> Hyrestagaren ska omedelbart skriftligen underr\u00e4tta Uthyraren om fel eller skador p\u00e5 Hyresobjektet f\u00f6r beslut om hur Hyresobjektet ska repareras. Vid st\u00f6ld ska Hyrestagaren omedelbart g\u00f6ra polisanm\u00e4lan och skriftligen underr\u00e4tta Uthyraren. Hyrestagaren f\u00e5r under inga omst\u00e4ndigheter utf\u00f6ra eller l\u00e5ta utf\u00f6ra modifieringar eller reparationer av Hyresobjektet.<\/p>\n<p><strong style=\"font-style: inherit; background-color: var(--ast-global-color-5);\">5.6<\/strong> Hyrestagaren f\u00f6rbinder sig att h\u00e5lla Hyresobjektet tillg\u00e4ngligt f\u00f6r Uthyraren under kontorstid f\u00f6r besiktning, reparation och service.<\/p>\n<h1>6. ANSVAR<\/h1>\n<p><strong style=\"font-style: inherit; background-color: var(--ast-global-color-5);\">6.1<\/strong> Risken f\u00f6r skada p\u00e5 eller f\u00f6rlust av Hyresobjektet \u00f6verg\u00e5r p\u00e5 Hyrestagaren n\u00e4r Hyresobjektet \u00f6verl\u00e4mnats till Hyrestagaren eller till transport\u00f6r enligt punkten <a style=\"font-style: inherit; font-weight: inherit;\" href=\"#_bookmark2\">3.1<\/a> (oavsett vem som bokat transport och vem som \u00e4r part till avtalet med transport\u00f6ren) och best\u00e5r fram till dess att Hyresobjektet returnerats enligt punkten <a style=\"font-style: inherit; font-weight: inherit;\" href=\"#_bookmark3\">3.2.<\/a> Risk f\u00f6r skada p\u00e5 eller f\u00f6rlust av Hyresobjektet under transport \u00e4r alltid Hyrestagarens, oavsett om Uthyraren bokat transporten.<\/p>\n<p><strong style=\"font-style: inherit; background-color: var(--ast-global-color-5);\">6.2<\/strong> Uthyraren ansvarar under Hyrestiden f\u00f6r reparationskostnader och skador till f\u00f6ljd av normalt slitage. Hyrestagaren ansvarar under Hyrestiden f\u00f6r alla andra skador samt f\u00f6r f\u00f6rlust av Hyresobjektet, oavsett hur skadan eller f\u00f6rlusten uppst\u00e5tt.<\/p>\n<p><strong style=\"font-style: inherit; background-color: var(--ast-global-color-5);\">6.3<\/strong> Hyrestagaren \u00e4r ansvarig att ers\u00e4tta \u00e5teranskaffningsv\u00e4rdet, utan avdrag f\u00f6r \u00e5lder eller bruk f\u00f6rutom vid slitage p\u00e5 d\u00e4ck. Reparationer som Uthyraren sj\u00e4lv utf\u00f6r g\u00f6rs enligt g\u00e4llande prislista. F\u00f6r reparationer och ink\u00f6p av delar hos tredje part \u00e4ger Uthyraren g\u00f6ra ett p\u00e5slag p\u00e5 debiterade kostnader om 10 % som kompensation f\u00f6r Uthyrarens administration vid skadehantering.<\/p>\n<p><strong style=\"font-style: inherit; background-color: var(--ast-global-color-5);\">6.4<\/strong> Uthyraren ansvarar f\u00f6r kostnader som t\u00e4cks av Uthyraren tecknade f\u00f6rs\u00e4kringar enligt punkten <a style=\"font-size: 1rem; font-style: inherit; font-weight: inherit;\" href=\"#_bookmark8\">7.1.<\/a> Hyrestagaren \u00e5tar sig att ers\u00e4tta Uthyraren f\u00f6r sj\u00e4lvrisk och \u00f6vriga kostnader som uppkommit med anledning av f\u00f6rs\u00e4kringsfall som omfattas av sagda f\u00f6rs\u00e4kringar. Denna punkt <a style=\"font-size: 1rem; font-style: inherit; font-weight: inherit;\" href=\"#_bookmark7\">6.4<\/a> utg\u00f6r ingen garanti fr\u00e5n Uthyraren att teckna f\u00f6rs\u00e4kring och utg\u00f6r ingen garanti f\u00f6r att f\u00f6rs\u00e4kringsers\u00e4ttning i slut\u00e4ndan kan komma att betalas ut.<\/p>\n<p><strong style=\"font-style: inherit; background-color: var(--ast-global-color-5);\">6.5<\/strong> Hyrestagaren ansvarar under Hyrestiden f\u00f6r samtliga skador som orsakas tredje man, oavsett skadeorsak. Hyrestagaren ska h\u00e5lla Uthyraren skadesl\u00f6s f\u00f6r eventuella tredjemanskrav om s\u00e5dant krav riktas mot Uthyraren fr\u00e5n tredje man.<\/p>\n<p><strong style=\"font-style: inherit; background-color: var(--ast-global-color-5);\">6.6<\/strong> Uthyraren ansvarar f\u00f6r direkta skador som Hyrestagaren \u00e5samkats som uteslutande beror p\u00e5 Uthyrarens v\u00e5rdsl\u00f6shet. Uthyraren ansvarar under inga omst\u00e4ndigheter f\u00f6r indirekta eller konsekvensskador, s\u00e5som utebliven handelsvinst, f\u00f6rlorade int\u00e4kter av n\u00e5got slag, f\u00f6rutom i de fall d\u00e4r Uthyraren agerat upps\u00e5tligen. Uthyrarens skadest\u00e5ndsansvar oavsett orsak \u00e4r begr\u00e4nsat till det l\u00e4gsta av den hyra som debiterats f\u00f6r det aktuella Hyresobjektet under hyresperioden och ett (1) prisbasbelopp enligt socialf\u00f6rs\u00e4kringsbalken (2010:110).<\/p>\n<h1>7. F\u00d6RS\u00c4KRING<\/h1>\n<p><strong style=\"font-style: inherit; background-color: var(--ast-global-color-5);\">7.1<\/strong> Uthyraren \u00e5tar sig under Hyrestiden att p\u00e5 egen bekostnad teckna brand- och st\u00f6ldf\u00f6rs\u00e4kring, respektive trafikf\u00f6rs\u00e4kring p\u00e5 sedvanliga f\u00f6rs\u00e4kringsvillkor f\u00f6r Hyresobjektet.<\/p>\n<p><strong style=\"font-style: inherit; background-color: var(--ast-global-color-5);\">7.2<\/strong> Uthyraren kan teckna vagnskadef\u00f6rs\u00e4kring om Parterna skriftligen avtalat om detta i samband med att avtalet ing\u00e5s.<\/p>\n<p><strong style=\"font-style: inherit; background-color: var(--ast-global-color-5);\">7.3 <\/strong> Skada ska omedelbart anm\u00e4las till Uthyraren tillsammans med fotodokumentation och skriftlig skaderapport samt den \u00f6vriga dokumentation som Uthyraren eller dess f\u00f6rs\u00e4kringsgivare efterfr\u00e5gar. Vid ofullst\u00e4ndig dokumentation av skador ansvarar Hyrestagaren f\u00f6r att tillfullo ers\u00e4tta Uthyraren f\u00f6r samtliga kostnader som uppst\u00e5r som en konsekvens d\u00e4rav, s\u00e5som skadest\u00e5nd till tredje man, reparationskostnader, utebliven hyresint\u00e4kt under reparationstiden och administrationskostnader. Om f\u00f6rs\u00e4kringsers\u00e4ttning utg\u00e5r enligt <a style=\"font-style: inherit; font-weight: inherit;\" href=\"#_bookmark8\">7.1<\/a> or <a style=\"font-style: inherit; font-weight: inherit;\" href=\"#_bookmark9\">7.2<\/a> svarar Hyrestagaren f\u00f6r sj\u00e4lvrisk om 40 % av ett prisbasbelopp enligt socialf\u00f6rs\u00e4kringsbalken (2010:110) som betalas av Hyrestagaren vid anmodan fr\u00e5n Uthyraren.<\/p>\n<p><strong style=\"font-style: inherit; background-color: var(--ast-global-color-5);\">7.4 <\/strong> Hyrestagaren ska senast vid hyrestidens b\u00f6rjan teckna och bibeh\u00e5lla under hela hyresperioden en ansvarsf\u00f6rs\u00e4kring som t\u00e4cker Hyrestagarens ansvar mot Uthyraren enligt avtalet samt ansvar mot tredje man. Ansvarsbelopp och villkor ska vara f\u00f6rbeh\u00e5llet Uthyrarens samtycke. Hyrestagaren ska omedelbart vid anmodan f\u00f6rse Uthyraren med en kopia p\u00e5 f\u00f6rs\u00e4kringsbrev och villkor f\u00f6r s\u00e5dant godk\u00e4nnande.<\/p>\n<p>8. UTHYRNING TILL TREDJE MAN M.M.<\/p>\n<p><strong style=\"font-style: inherit; background-color: var(--ast-global-color-5);\">8.1<\/strong> Hyrestagaren f\u00e5r inte utan skriftligt medgivande i f\u00f6rv\u00e4g fr\u00e5n Uthyraren l\u00e5na ut, hyra ut eller \u00f6verl\u00e5ta Hyresobjektet eller \u00f6verl\u00e5ta sina r\u00e4ttigheter eller skyldigheter enligt detta avtal.<\/p>\n<p><!-- \/wp:post-content --><\/p>\n<p><!-- wp:heading {\"level\":1} --><\/p>\n<h1>9. H\u00c4VNING<\/h1>\n<p><strong style=\"font-size: 16px; font-style: inherit; background-color: var(--ast-global-color-5); color: #333333; font-family: 'Open Sans', sans-serif;\">9.1<\/strong> Part f\u00e5r n\u00e4r som helst under hyresperioden omedelbart h\u00e4va avtalet om den andra Parten g\u00f6r sig skyldig till avtalsbrott och inte inom tre (3) arbetsdagar vidtar r\u00e4ttelse efter erinran d\u00e4rom. Om r\u00e4ttelse enligt den icke avtalsbrytande Parten inte \u00e4r m\u00f6jlig kan Parten h\u00e4va avtalet direkt.<\/p>\n<p><strong style=\"font-style: inherit; background-color: var(--ast-global-color-5);\">9.2<\/strong> Parterna f\u00e5r dock inte mot varandra \u00e5beropa avtalsbrott om avtalets fullg\u00f6rande hindras till f\u00f6ljd av omst\u00e4ndighet utanf\u00f6r parternas kontroll s\u00e5som krig, upplopp, brand, naturkatastrofer (som \u00f6versv\u00e4mning, orkan, jordb\u00e4vning), explosioner eller varaktig strejk, blockad eller lock-out som v\u00e4sentligt inverkar p\u00e5 avtalets fullg\u00f6rande och som Parten inte kunnat f\u00f6rutse eller vars menliga inverkan han inte rimligen kunnat undanr\u00f6ja. Om hindret best\u00e5r i mer \u00e4n tv\u00e5 veckor har dock respektive Part r\u00e4tt att med omedelbar verkan h\u00e4va avtalet.<\/p>\n<p><strong style=\"font-style: inherit; background-color: var(--ast-global-color-5);\">9.3 <\/strong> Om Hyrestagaren inte erl\u00e4gger betalning inom avtalad tid, st\u00e4ller in sina betalningar, ans\u00f6ker om f\u00f6retagsrekonstruktion, f\u00f6rs\u00e4tts i konkurs eller inleder ackordsf\u00f6rhandlingar \u00e4r Uthyraren ber\u00e4ttigad att med omedelbar verkan h\u00e4va avtalet samt \u00e5terta Hyresobjektet p\u00e5 Hyrestagarens bekostnad.<\/p>\n<p><!-- \/wp:heading --><\/p>\n<p><!-- \/wp:list --><\/p>\n<p><!-- wp:heading {\"level\":1} --><\/p>\n<h1>10. TVIST<\/h1>\n<p><strong>10.1<\/strong> Svensk r\u00e4tt ska till\u00e4mpas p\u00e5 detta avtal.<\/p>\n<p><strong>10.2<\/strong> Tvist mellan Parterna ska h\u00e4nvisas till allm\u00e4n domstol med G\u00f6teborgs tingsr\u00e4tt som f\u00f6rsta instans.<\/p>\n<p>\u00a0<\/p>\n<p>\u00a0<\/p>\n<p><a id=\"wp-block-file--media-138c3cc2-1cc3-4106-90f8-6e950c33a346\" href=\"https:\/\/gostas.se\/wp-content\/uploads\/2023\/12\/Gostas-Allmanna-Hyresvillkor.pdf\">G\u00f6stas-Allma\u0308nna-Hyresvillkor<\/a><a class=\"wp-block-file__button wp-element-button\" href=\"https:\/\/gostas.se\/wp-content\/uploads\/2023\/12\/Gostas-Allmanna-Hyresvillkor.pdf\" download=\"\" aria-describedby=\"wp-block-file--media-138c3cc2-1cc3-4106-90f8-6e950c33a346\">Ladda ner<\/a><\/p>\n<p><!-- \/wp:list-item --><\/p>\n<p><!-- \/wp:list --><\/p>\n<p><!-- wp:paragraph --><\/p>\n<p><!-- \/wp:paragraph --><\/p>\n<p><!-- wp:paragraph --><\/p>\n<p><!-- \/wp:paragraph --><\/p>\n<p><!-- wp:file {\"id\":2065,\"href\":\"https:\/\/gostas.se\/wp-content\/uploads\/2023\/12\/Gostas-Allmanna-Hyresvillkor.pdf\",\"displayPreview\":true} --><\/p>\n<p><!-- \/wp:file --><\/p>","protected":false},"excerpt":{"rendered":"<p>Dessa allm\u00e4nna hyresvillkor, version 2019:1 (\u201dAllm\u00e4nna Hyresvillkor\u201d) \u00e4r till\u00e4mpliga vid uthyrning av truckar och \u00f6vrig utrustning fr\u00e5n G\u00f6stas Truckuthyrning AB (org. nr. 556357-6155) eller n\u00e5got avdess vid var tid n\u00e4rst\u00e5ende bolag (\u201dUthyraren\u201d). Partsom hyr eller disponerar truck fr\u00e5n Uthyrarenben\u00e4mns \u201dHyrestagaren\u201d. Uthyraren och Hyrestagaren ben\u00e4mns ocks\u00e5 vardera som en \u201dPart\u201d och gemensamt som \u201dParterna\u201d. 1. HYRESOBJEKTET [&hellip;]<\/p>\n","protected":false},"author":5,"featured_media":0,"parent":0,"menu_order":0,"comment_status":"closed","ping_status":"closed","template":"","meta":{"site-sidebar-layout":"default","site-content-layout":"","ast-site-content-layout":"default","site-content-style":"default","site-sidebar-style":"default","ast-global-header-display":"","ast-banner-title-visibility":"","ast-main-header-display":"","ast-hfb-above-header-display":"","ast-hfb-below-header-display":"","ast-hfb-mobile-header-display":"","site-post-title":"","ast-breadcrumbs-content":"","ast-featured-img":"","footer-sml-layout":"","ast-disable-related-posts":"","theme-transparent-header-meta":"","adv-header-id-meta":"","stick-header-meta":"","header-above-stick-meta":"","header-main-stick-meta":"","header-below-stick-meta":"","astra-migrate-meta-layouts":"set","ast-page-background-enabled":"default","ast-page-background-meta":{"desktop":{"background-color":"","background-image":"","background-repeat":"repeat","background-position":"center center","background-size":"auto","background-attachment":"scroll","background-type":"","background-media":"","overlay-type":"","overlay-color":"","overlay-opacity":"","overlay-gradient":""},"tablet":{"background-color":"","background-image":"","background-repeat":"repeat","background-position":"center center","background-size":"auto","background-attachment":"scroll","background-type":"","background-media":"","overlay-type":"","overlay-color":"","overlay-opacity":"","overlay-gradient":""},"mobile":{"background-color":"","background-image":"","background-repeat":"repeat","background-position":"center center","background-size":"auto","background-attachment":"scroll","background-type":"","background-media":"","overlay-type":"","overlay-color":"","overlay-opacity":"","overlay-gradient":""}},"ast-content-background-meta":{"desktop":{"background-color":"var(--ast-global-color-5)","background-image":"","background-repeat":"repeat","background-position":"center center","background-size":"auto","background-attachment":"scroll","background-type":"","background-media":"","overlay-type":"","overlay-color":"","overlay-opacity":"","overlay-gradient":""},"tablet":{"background-color":"var(--ast-global-color-5)","background-image":"","background-repeat":"repeat","background-position":"center center","background-size":"auto","background-attachment":"scroll","background-type":"","background-media":"","overlay-type":"","overlay-color":"","overlay-opacity":"","overlay-gradient":""},"mobile":{"background-color":"var(--ast-global-color-5)","background-image":"","background-repeat":"repeat","background-position":"center center","background-size":"auto","background-attachment":"scroll","background-type":"","background-media":"","overlay-type":"","overlay-color":"","overlay-opacity":"","overlay-gradient":""}},"footnotes":""},"class_list":["post-2","page","type-page","status-publish","hentry"],"_links":{"self":[{"href":"https:\/\/gostas.se\/en\/wp-json\/wp\/v2\/pages\/2","targetHints":{"allow":["GET"]}}],"collection":[{"href":"https:\/\/gostas.se\/en\/wp-json\/wp\/v2\/pages"}],"about":[{"href":"https:\/\/gostas.se\/en\/wp-json\/wp\/v2\/types\/page"}],"author":[{"embeddable":true,"href":"https:\/\/gostas.se\/en\/wp-json\/wp\/v2\/users\/5"}],"replies":[{"embeddable":true,"href":"https:\/\/gostas.se\/en\/wp-json\/wp\/v2\/comments?post=2"}],"version-history":[{"count":11,"href":"https:\/\/gostas.se\/en\/wp-json\/wp\/v2\/pages\/2\/revisions"}],"predecessor-version":[{"id":2073,"href":"https:\/\/gostas.se\/en\/wp-json\/wp\/v2\/pages\/2\/revisions\/2073"}],"wp:attachment":[{"href":"https:\/\/gostas.se\/en\/wp-json\/wp\/v2\/media?parent=2"}],"curies":[{"name":"wp","href":"https:\/\/api.w.org\/{rel}","templated":true}]}}