{"id":1980,"date":"2023-08-04T13:09:35","date_gmt":"2023-08-04T11:09:35","guid":{"rendered":"https:\/\/gostas.se\/?page_id=1980"},"modified":"2025-12-03T16:23:19","modified_gmt":"2025-12-03T15:23:19","slug":"bygglyft","status":"publish","type":"page","link":"https:\/\/gostas.se\/en\/bygglyft\/","title":{"rendered":"Bygglyft"},"content":{"rendered":"<div data-elementor-type=\"wp-page\" data-elementor-id=\"1980\" class=\"elementor elementor-1980\" data-elementor-post-type=\"page\">\n\t\t\t\t\t\t<section class=\"elementor-section elementor-top-section elementor-element elementor-element-83e7914 elementor-section-content-middle elementor-section-height-min-height elementor-hidden-mobile elementor-section-boxed elementor-section-height-default elementor-section-items-middle\" data-id=\"83e7914\" data-element_type=\"section\" data-e-type=\"section\" data-settings=\"{&quot;background_background&quot;:&quot;gradient&quot;}\">\n\t\t\t\t\t\t\t<div class=\"elementor-background-overlay\"><\/div>\n\t\t\t\t\t\t\t<div class=\"elementor-container elementor-column-gap-no\">\n\t\t\t\t\t<div class=\"elementor-column elementor-col-100 elementor-top-column elementor-element elementor-element-131ce23\" data-id=\"131ce23\" data-element_type=\"column\" data-e-type=\"column\">\n\t\t\t<div class=\"elementor-widget-wrap elementor-element-populated\">\n\t\t\t\t\t\t<div class=\"elementor-element elementor-element-dcb9409 elementor-widget elementor-widget-heading\" data-id=\"dcb9409\" data-element_type=\"widget\" data-e-type=\"widget\" data-widget_type=\"heading.default\">\n\t\t\t\t<div class=\"elementor-widget-container\">\n\t\t\t\t\t<h1 class=\"elementor-heading-title elementor-size-default\">Bygglyft i G\u00f6teborg  <\/h1>\t\t\t\t<\/div>\n\t\t\t\t<\/div>\n\t\t\t\t\t<\/div>\n\t\t<\/div>\n\t\t\t\t\t<\/div>\n\t\t<\/section>\n\t\t\t\t<section class=\"elementor-section elementor-top-section elementor-element elementor-element-8f1a148 elementor-section-boxed elementor-section-height-default elementor-section-height-default\" data-id=\"8f1a148\" data-element_type=\"section\" data-e-type=\"section\">\n\t\t\t\t\t\t<div class=\"elementor-container elementor-column-gap-default\">\n\t\t\t\t\t<div class=\"elementor-column elementor-col-100 elementor-top-column elementor-element elementor-element-b41dafc\" data-id=\"b41dafc\" data-element_type=\"column\" data-e-type=\"column\">\n\t\t\t<div class=\"elementor-widget-wrap elementor-element-populated\">\n\t\t\t\t\t\t<div class=\"elementor-element elementor-element-88d234b elementor-widget elementor-widget-text-editor\" data-id=\"88d234b\" data-element_type=\"widget\" data-e-type=\"widget\" data-widget_type=\"text-editor.default\">\n\t\t\t\t<div class=\"elementor-widget-container\">\n\t\t\t\t\t\t\t\t\t<h2>Beh\u00f6ver ni hyra materiallyft?<\/h2><p>Vi riktar oss till er som beh\u00f6ver effektiva lyfttj\u00e4nster och smidig logistikhantering p\u00e5 byggarbetsplatser. Med ett brett utbud av tj\u00e4nster \u00e4r vi redo att m\u00f6ta dina olika behov och uppdrag inom byggsektorn.<\/p><p>V\u00e5rt utbud inkluderar materiallyft f\u00f6r tunga laster, produktionlyft f\u00f6r effektiv hantering av byggmaterial, skopk\u00f6rning f\u00f6r snabb och smidig f\u00f6rflyttning av material, personlyft f\u00f6r s\u00e4kra arbetsplatser i h\u00f6jden, samt uttransport av avfallsmaterial f\u00f6r en h\u00e5llbar byggprocess. Oavsett om det \u00e4r stora eller sm\u00e5 projekt, kan du lita p\u00e5 att vi har resurserna f\u00f6r att hantera dem p\u00e5 b\u00e4sta m\u00f6jliga s\u00e4tt.<\/p><h3>Din trygghet som kund \u00e4r v\u00e5r prioritet.<\/h3><p>V\u00e5ra erfarna team kan utf\u00f6ra uppdrag p\u00e5 kort eller l\u00e4ngre tid, och vi har kunskap inom olika faser av byggprojekt. Oavsett om det \u00e4r grundl\u00e4ggande konstruktion, renovering eller avancerade projekt, s\u00e5 har vi den expertis som beh\u00f6vs f\u00f6r att leverera resultat av h\u00f6gsta kvalitet.<\/p><h3>Hur vi kan hj\u00e4lpa dig med bygglyft:<\/h3><ol><li><i>Beh\u00f6ver du lyfta tunga balkar p\u00e5 en byggarbetsplats?<b> &#8211;<\/b><\/i> st\u00e5r vi redo med v\u00e5ra kraftfulla teleskoplastare.<\/li><li><i>Beh\u00f6ver du effektivt hantera byggmaterial under produktionen?<\/i> &#8211; V\u00e5ra specialanpassade redskap garanterar smidig hantering.<\/li><li><i>N\u00e4r det \u00e4r dags att transportera bort avfallsmaterial<\/i> &#8211; kan du lita p\u00e5 oss f\u00f6r en snabb och ansvarsfull uttransport.<\/li><\/ol>\t\t\t\t\t\t\t\t<\/div>\n\t\t\t\t<\/div>\n\t\t\t\t\t<\/div>\n\t\t<\/div>\n\t\t\t\t\t<\/div>\n\t\t<\/section>\n\t\t\t\t<section class=\"elementor-section elementor-top-section elementor-element elementor-element-8b97d0f elementor-section-boxed elementor-section-height-default elementor-section-height-default\" data-id=\"8b97d0f\" data-element_type=\"section\" data-e-type=\"section\">\n\t\t\t\t\t\t<div class=\"elementor-container elementor-column-gap-default\">\n\t\t\t\t\t<div class=\"elementor-column elementor-col-50 elementor-top-column elementor-element elementor-element-2098084\" data-id=\"2098084\" data-element_type=\"column\" data-e-type=\"column\">\n\t\t\t<div class=\"elementor-widget-wrap elementor-element-populated\">\n\t\t\t\t\t\t<div class=\"elementor-element elementor-element-f0cd22c elementor-widget elementor-widget-image\" data-id=\"f0cd22c\" data-element_type=\"widget\" data-e-type=\"widget\" data-widget_type=\"image.default\">\n\t\t\t\t<div class=\"elementor-widget-container\">\n\t\t\t\t\t\t\t\t\t\t\t\t\t\t\t<img fetchpriority=\"high\" decoding=\"async\" width=\"1024\" height=\"576\" src=\"https:\/\/gostas.se\/wp-content\/uploads\/2022\/09\/IMG_3766-1024x576.jpg\" class=\"attachment-large size-large wp-image-1494\" alt=\"En teleskopslastare med m\u00e4rket g\u00f6stas p\u00e5\" srcset=\"https:\/\/gostas.se\/wp-content\/uploads\/2022\/09\/IMG_3766-1024x576.jpg 1024w, https:\/\/gostas.se\/wp-content\/uploads\/2022\/09\/IMG_3766-300x169.jpg 300w, https:\/\/gostas.se\/wp-content\/uploads\/2022\/09\/IMG_3766-768x432.jpg 768w, https:\/\/gostas.se\/wp-content\/uploads\/2022\/09\/IMG_3766-1536x864.jpg 1536w, https:\/\/gostas.se\/wp-content\/uploads\/2022\/09\/IMG_3766-2048x1152.jpg 2048w, https:\/\/gostas.se\/wp-content\/uploads\/2022\/09\/IMG_3766-18x10.jpg 18w\" sizes=\"(max-width: 1024px) 100vw, 1024px\" \/>\t\t\t\t\t\t\t\t\t\t\t\t\t\t\t<\/div>\n\t\t\t\t<\/div>\n\t\t\t\t<div class=\"elementor-element elementor-element-0f22d49 elementor-widget elementor-widget-image\" data-id=\"0f22d49\" data-element_type=\"widget\" data-e-type=\"widget\" data-widget_type=\"image.default\">\n\t\t\t\t<div class=\"elementor-widget-container\">\n\t\t\t\t\t\t\t\t\t\t\t\t\t\t\t<img decoding=\"async\" width=\"640\" height=\"480\" src=\"https:\/\/gostas.se\/wp-content\/uploads\/2023\/05\/31180017_10155301472531921_5395001432317362176_n.jpg\" class=\"attachment-large size-large wp-image-1891\" alt=\"En teleskopslastare som lyfter en stor dinosaurie\" srcset=\"https:\/\/gostas.se\/wp-content\/uploads\/2023\/05\/31180017_10155301472531921_5395001432317362176_n.jpg 640w, https:\/\/gostas.se\/wp-content\/uploads\/2023\/05\/31180017_10155301472531921_5395001432317362176_n-300x225.jpg 300w, https:\/\/gostas.se\/wp-content\/uploads\/2023\/05\/31180017_10155301472531921_5395001432317362176_n-16x12.jpg 16w\" sizes=\"(max-width: 640px) 100vw, 640px\" \/>\t\t\t\t\t\t\t\t\t\t\t\t\t\t\t<\/div>\n\t\t\t\t<\/div>\n\t\t\t\t\t<\/div>\n\t\t<\/div>\n\t\t\t\t<div class=\"elementor-column elementor-col-50 elementor-top-column elementor-element elementor-element-70f30e7\" data-id=\"70f30e7\" data-element_type=\"column\" data-e-type=\"column\">\n\t\t\t<div class=\"elementor-widget-wrap elementor-element-populated\">\n\t\t\t\t\t\t<div class=\"elementor-element elementor-element-48d1a3d elementor-widget elementor-widget-image\" data-id=\"48d1a3d\" data-element_type=\"widget\" data-e-type=\"widget\" data-widget_type=\"image.default\">\n\t\t\t\t<div class=\"elementor-widget-container\">\n\t\t\t\t\t\t\t\t\t\t\t\t\t\t\t<img decoding=\"async\" width=\"768\" height=\"1024\" src=\"https:\/\/gostas.se\/wp-content\/uploads\/2022\/09\/IMG_2788-768x1024.jpeg\" class=\"attachment-large size-large wp-image-1493\" alt=\"teleskopslastare som lyfter in en l\u00e5da in i ett hus\" srcset=\"https:\/\/gostas.se\/wp-content\/uploads\/2022\/09\/IMG_2788-768x1024.jpeg 768w, https:\/\/gostas.se\/wp-content\/uploads\/2022\/09\/IMG_2788-225x300.jpeg 225w, https:\/\/gostas.se\/wp-content\/uploads\/2022\/09\/IMG_2788-1152x1536.jpeg 1152w, https:\/\/gostas.se\/wp-content\/uploads\/2022\/09\/IMG_2788-9x12.jpeg 9w, https:\/\/gostas.se\/wp-content\/uploads\/2022\/09\/IMG_2788.jpeg 1536w\" sizes=\"(max-width: 768px) 100vw, 768px\" \/>\t\t\t\t\t\t\t\t\t\t\t\t\t\t\t<\/div>\n\t\t\t\t<\/div>\n\t\t\t\t\t<\/div>\n\t\t<\/div>\n\t\t\t\t\t<\/div>\n\t\t<\/section>\n\t\t\t\t<section class=\"elementor-section elementor-top-section elementor-element elementor-element-fb3ab51 elementor-section-boxed elementor-section-height-default elementor-section-height-default\" data-id=\"fb3ab51\" data-element_type=\"section\" data-e-type=\"section\">\n\t\t\t\t\t\t<div class=\"elementor-container elementor-column-gap-default\">\n\t\t\t\t\t<div class=\"elementor-column elementor-col-100 elementor-top-column elementor-element elementor-element-fae0110\" data-id=\"fae0110\" data-element_type=\"column\" data-e-type=\"column\">\n\t\t\t<div class=\"elementor-widget-wrap elementor-element-populated\">\n\t\t\t\t\t\t<div class=\"elementor-element elementor-element-6a90269 elementor-widget elementor-widget-text-editor\" data-id=\"6a90269\" data-element_type=\"widget\" data-e-type=\"widget\" data-widget_type=\"text-editor.default\">\n\t\t\t\t<div class=\"elementor-widget-container\">\n\t\t\t\t\t\t\t\t\t<p><a href=\"https:\/\/gostas.se\/en\/kontakt\/\">Ta kontakt<\/a> med oss f\u00f6r mer information om hur vi kan hj\u00e4lpa dig med dina projekt. Vi ser fram emot att bli en del av ditt byggt<span style=\"font-size: 16px;\">eams framg\u00e5ngar och leverera p\u00e5litliga lyft- och logistikl\u00f6sningar som \u00f6vertr\u00e4ffar dina f\u00f6rv\u00e4ntningar.<\/span><\/p><p><a style=\"font-size: 16px; font-style: normal; font-weight: 400; color: #3a3a3a;\" href=\"https:\/\/gostas.se\/en\/kontakt\/\"><img loading=\"lazy\" decoding=\"async\" class=\"wp-image-928 alignnone\" src=\"https:\/\/gostas.se\/wp-content\/uploads\/2022\/06\/gostas_logo_ny.png\" alt=\"\" width=\"96\" height=\"27\" \/><\/a> \u2013 din partner f\u00f6r effektiva bygglyft och smidig logistikhantering!<\/p>\t\t\t\t\t\t\t\t<\/div>\n\t\t\t\t<\/div>\n\t\t\t\t\t<\/div>\n\t\t<\/div>\n\t\t\t\t\t<\/div>\n\t\t<\/section>\n\t\t\t\t<\/div>","protected":false},"excerpt":{"rendered":"<p>Bygglyft i G\u00f6teborg Beh\u00f6ver ni hyra materiallyft? Vi riktar oss till er som beh\u00f6ver effektiva lyfttj\u00e4nster och smidig logistikhantering p\u00e5 byggarbetsplatser. Med ett brett utbud av tj\u00e4nster \u00e4r vi redo att m\u00f6ta dina olika behov och uppdrag inom byggsektorn. V\u00e5rt utbud inkluderar materiallyft f\u00f6r tunga laster, produktionlyft f\u00f6r effektiv hantering av byggmaterial, skopk\u00f6rning f\u00f6r snabb [&hellip;]<\/p>\n","protected":false},"author":5,"featured_media":0,"parent":0,"menu_order":0,"comment_status":"closed","ping_status":"closed","template":"","meta":{"site-sidebar-layout":"no-sidebar","site-content-layout":"page-builder","ast-site-content-layout":"default","site-content-style":"default","site-sidebar-style":"default","ast-global-header-display":"","ast-banner-title-visibility":"","ast-main-header-display":"","ast-hfb-above-header-display":"","ast-hfb-below-header-display":"","ast-hfb-mobile-header-display":"","site-post-title":"disabled","ast-breadcrumbs-content":"","ast-featured-img":"disabled","footer-sml-layout":"","ast-disable-related-posts":"","theme-transparent-header-meta":"","adv-header-id-meta":"","stick-header-meta":"","header-above-stick-meta":"","header-main-stick-meta":"","header-below-stick-meta":"","astra-migrate-meta-layouts":"default","ast-page-background-enabled":"default","ast-page-background-meta":{"desktop":{"background-color":"","background-image":"","background-repeat":"repeat","background-position":"center center","background-size":"auto","background-attachment":"scroll","background-type":"","background-media":"","overlay-type":"","overlay-color":"","overlay-opacity":"","overlay-gradient":""},"tablet":{"background-color":"","background-image":"","background-repeat":"repeat","background-position":"center center","background-size":"auto","background-attachment":"scroll","background-type":"","background-media":"","overlay-type":"","overlay-color":"","overlay-opacity":"","overlay-gradient":""},"mobile":{"background-color":"","background-image":"","background-repeat":"repeat","background-position":"center center","background-size":"auto","background-attachment":"scroll","background-type":"","background-media":"","overlay-type":"","overlay-color":"","overlay-opacity":"","overlay-gradient":""}},"ast-content-background-meta":{"desktop":{"background-color":"var(--ast-global-color-5)","background-image":"","background-repeat":"repeat","background-position":"center center","background-size":"auto","background-attachment":"scroll","background-type":"","background-media":"","overlay-type":"","overlay-color":"","overlay-opacity":"","overlay-gradient":""},"tablet":{"background-color":"var(--ast-global-color-5)","background-image":"","background-repeat":"repeat","background-position":"center center","background-size":"auto","background-attachment":"scroll","background-type":"","background-media":"","overlay-type":"","overlay-color":"","overlay-opacity":"","overlay-gradient":""},"mobile":{"background-color":"var(--ast-global-color-5)","background-image":"","background-repeat":"repeat","background-position":"center center","background-size":"auto","background-attachment":"scroll","background-type":"","background-media":"","overlay-type":"","overlay-color":"","overlay-opacity":"","overlay-gradient":""}},"footnotes":""},"class_list":["post-1980","page","type-page","status-publish","hentry"],"_links":{"self":[{"href":"https:\/\/gostas.se\/en\/wp-json\/wp\/v2\/pages\/1980","targetHints":{"allow":["GET"]}}],"collection":[{"href":"https:\/\/gostas.se\/en\/wp-json\/wp\/v2\/pages"}],"about":[{"href":"https:\/\/gostas.se\/en\/wp-json\/wp\/v2\/types\/page"}],"author":[{"embeddable":true,"href":"https:\/\/gostas.se\/en\/wp-json\/wp\/v2\/users\/5"}],"replies":[{"embeddable":true,"href":"https:\/\/gostas.se\/en\/wp-json\/wp\/v2\/comments?post=1980"}],"version-history":[{"count":14,"href":"https:\/\/gostas.se\/en\/wp-json\/wp\/v2\/pages\/1980\/revisions"}],"predecessor-version":[{"id":2456,"href":"https:\/\/gostas.se\/en\/wp-json\/wp\/v2\/pages\/1980\/revisions\/2456"}],"wp:attachment":[{"href":"https:\/\/gostas.se\/en\/wp-json\/wp\/v2\/media?parent=1980"}],"curies":[{"name":"wp","href":"https:\/\/api.w.org\/{rel}","templated":true}]}}