{"id":1770,"date":"2023-01-17T11:15:24","date_gmt":"2023-01-17T10:15:24","guid":{"rendered":"https:\/\/gostas.se\/?page_id=1770"},"modified":"2024-08-16T13:55:56","modified_gmt":"2024-08-16T11:55:56","slug":"lastning-och-lossning","status":"publish","type":"page","link":"https:\/\/gostas.se\/en\/lastning-och-lossning\/","title":{"rendered":"Loading and unloading"},"content":{"rendered":"<div data-elementor-type=\"wp-page\" data-elementor-id=\"1770\" class=\"elementor elementor-1770\" data-elementor-post-type=\"page\">\n\t\t\t\t\t\t<section class=\"elementor-section elementor-top-section elementor-element elementor-element-369c55b elementor-section-content-middle elementor-section-height-min-height elementor-hidden-mobile elementor-section-boxed elementor-section-height-default elementor-section-items-middle\" data-id=\"369c55b\" data-element_type=\"section\" data-e-type=\"section\" data-settings=\"{&quot;background_background&quot;:&quot;classic&quot;}\">\n\t\t\t\t\t\t\t<div class=\"elementor-background-overlay\"><\/div>\n\t\t\t\t\t\t\t<div class=\"elementor-container elementor-column-gap-no\">\n\t\t\t\t\t<div class=\"elementor-column elementor-col-100 elementor-top-column elementor-element elementor-element-b402f3a\" data-id=\"b402f3a\" data-element_type=\"column\" data-e-type=\"column\">\n\t\t\t<div class=\"elementor-widget-wrap elementor-element-populated\">\n\t\t\t\t\t\t<div class=\"elementor-element elementor-element-92a7602 elementor-widget elementor-widget-heading\" data-id=\"92a7602\" data-element_type=\"widget\" data-e-type=\"widget\" data-widget_type=\"heading.default\">\n\t\t\t\t<div class=\"elementor-widget-container\">\n\t\t\t\t\t<h1 class=\"elementor-heading-title elementor-size-default\">Loading and unloading with a Truck\/Machine<\/h1>\t\t\t\t<\/div>\n\t\t\t\t<\/div>\n\t\t\t\t\t<\/div>\n\t\t<\/div>\n\t\t\t\t\t<\/div>\n\t\t<\/section>\n\t\t\t\t<section class=\"elementor-section elementor-top-section elementor-element elementor-element-043b235 elementor-section-boxed elementor-section-height-default elementor-section-height-default\" data-id=\"043b235\" data-element_type=\"section\" data-e-type=\"section\">\n\t\t\t\t\t\t<div class=\"elementor-container elementor-column-gap-default\">\n\t\t\t\t\t<div class=\"elementor-column elementor-col-50 elementor-top-column elementor-element elementor-element-fa9c293\" data-id=\"fa9c293\" data-element_type=\"column\" data-e-type=\"column\">\n\t\t\t<div class=\"elementor-widget-wrap elementor-element-populated\">\n\t\t\t\t\t\t<div class=\"elementor-element elementor-element-e09c861 elementor-widget elementor-widget-text-editor\" data-id=\"e09c861\" data-element_type=\"widget\" data-e-type=\"widget\" data-widget_type=\"text-editor.default\">\n\t\t\t\t<div class=\"elementor-widget-container\">\n\t\t\t\t\t\t\t\t\t<h2>Telescopic handler, or a forklift truck with driver<\/h2><p>Regardless of whether you need to load, unload and lift the materials\/goods, or persons, you have to do is give us a call and we will help you in your planning. With our <a href=\"https:\/\/gostas.se\/en\/teleskoplastare\/\">wheel loader<\/a> can we will solve all of your problems with ease.\u00a0<\/p><p>Our drivers have high experience and will help on site in the event of any questions of how to lift, unload, or load the material in a safe manner.<\/p><p>We also have the equipment that is best suited for the task, for example cranes, material basket, personell basket, winches or standard forks.<\/p><p>It may involve loading or unloading goods from a truck or a container and moving it to another location.\u00a0<\/p><p>You can utilize us from 2 hours up to however long you need, and we are meticulous about tailoring to your requirements. No complications, just give us a call or send an email.<\/p><p>tel:\u00a0<a href=\"tel:031-50 01 05\">031-50 01 05\u00a0<\/a><\/p><p>e-mail: <a href=\"mailto:bokning@gostas.se\">bokning@gostas.se<\/a><\/p>\t\t\t\t\t\t\t\t<\/div>\n\t\t\t\t<\/div>\n\t\t\t\t<div class=\"elementor-element elementor-element-3869418 elementor-mobile-align-justify elementor-align-left elementor-widget elementor-widget-button\" data-id=\"3869418\" data-element_type=\"widget\" data-e-type=\"widget\" data-widget_type=\"button.default\">\n\t\t\t\t<div class=\"elementor-widget-container\">\n\t\t\t\t\t\t\t\t\t<div class=\"elementor-button-wrapper\">\n\t\t\t\t\t<a class=\"elementor-button elementor-button-link elementor-size-sm\" href=\"\/en\/kontakt\/\">\n\t\t\t\t\t\t<span class=\"elementor-button-content-wrapper\">\n\t\t\t\t\t\t\t\t\t<span class=\"elementor-button-text\">Contact us<\/span>\n\t\t\t\t\t<\/span>\n\t\t\t\t\t<\/a>\n\t\t\t\t<\/div>\n\t\t\t\t\t\t\t\t<\/div>\n\t\t\t\t<\/div>\n\t\t\t\t\t<\/div>\n\t\t<\/div>\n\t\t\t\t<div class=\"elementor-column elementor-col-50 elementor-top-column elementor-element elementor-element-ec9c15e\" data-id=\"ec9c15e\" data-element_type=\"column\" data-e-type=\"column\">\n\t\t\t<div class=\"elementor-widget-wrap elementor-element-populated\">\n\t\t\t\t\t\t<div class=\"elementor-element elementor-element-4f115a7 elementor-widget elementor-widget-text-editor\" data-id=\"4f115a7\" data-element_type=\"widget\" data-e-type=\"widget\" data-widget_type=\"text-editor.default\">\n\t\t\t\t<div class=\"elementor-widget-container\">\n\t\t\t\t\t\t\t\t\t<h2>Here are examples of areas where you can benefit from our services:&nbsp;<\/h2>\n<ol>\n<li>\n<p><strong>Construction sites:<\/strong>&nbsp;We assist you on construction sites by moving materials, unloading trucks, cleaning up debris, or lifting materials to higher floors.<\/p>\n<\/li>\n<li>\n<p><strong>Industry:<\/strong> Moving heavy machinery or goods between different parts of the facility. Unloading or loading goods or lifting up gantries, etc.<\/p>\n<\/li>\n<li>\n<p><strong>Warehouse:<\/strong> Do you need to rent a forklift for your warehouse work? We have forklifts available for rent.<\/p>\n<\/li>\n<\/ol>\t\t\t\t\t\t\t\t<\/div>\n\t\t\t\t<\/div>\n\t\t\t\t<div class=\"elementor-element elementor-element-66c4ade elementor-widget elementor-widget-image\" data-id=\"66c4ade\" data-element_type=\"widget\" data-e-type=\"widget\" data-widget_type=\"image.default\">\n\t\t\t\t<div class=\"elementor-widget-container\">\n\t\t\t\t\t\t\t\t\t\t\t\t\t\t\t<img fetchpriority=\"high\" decoding=\"async\" width=\"1024\" height=\"576\" src=\"https:\/\/gostas.se\/wp-content\/uploads\/2022\/09\/IMG_3766-1024x576.jpg\" class=\"attachment-large size-large wp-image-1494\" alt=\"En teleskopslastare med m\u00e4rket g\u00f6stas p\u00e5\" srcset=\"https:\/\/gostas.se\/wp-content\/uploads\/2022\/09\/IMG_3766-1024x576.jpg 1024w, https:\/\/gostas.se\/wp-content\/uploads\/2022\/09\/IMG_3766-300x169.jpg 300w, https:\/\/gostas.se\/wp-content\/uploads\/2022\/09\/IMG_3766-768x432.jpg 768w, https:\/\/gostas.se\/wp-content\/uploads\/2022\/09\/IMG_3766-1536x864.jpg 1536w, https:\/\/gostas.se\/wp-content\/uploads\/2022\/09\/IMG_3766-2048x1152.jpg 2048w, https:\/\/gostas.se\/wp-content\/uploads\/2022\/09\/IMG_3766-18x10.jpg 18w\" sizes=\"(max-width: 1024px) 100vw, 1024px\" \/>\t\t\t\t\t\t\t\t\t\t\t\t\t\t\t<\/div>\n\t\t\t\t<\/div>\n\t\t\t\t\t<\/div>\n\t\t<\/div>\n\t\t\t\t\t<\/div>\n\t\t<\/section>\n\t\t\t\t<section class=\"elementor-section elementor-top-section elementor-element elementor-element-19ef0df elementor-section-boxed elementor-section-height-default elementor-section-height-default\" data-id=\"19ef0df\" data-element_type=\"section\" data-e-type=\"section\">\n\t\t\t\t\t\t<div class=\"elementor-container elementor-column-gap-default\">\n\t\t\t\t\t<div class=\"elementor-column elementor-col-100 elementor-top-column elementor-element elementor-element-bebdba5\" data-id=\"bebdba5\" data-element_type=\"column\" data-e-type=\"column\" data-settings=\"{&quot;background_background&quot;:&quot;classic&quot;}\">\n\t\t\t<div class=\"elementor-widget-wrap elementor-element-populated\">\n\t\t\t\t\t<div class=\"elementor-background-overlay\"><\/div>\n\t\t\t\t\t\t<div class=\"elementor-element elementor-element-001eb94 elementor-widget elementor-widget-text-editor\" data-id=\"001eb94\" data-element_type=\"widget\" data-e-type=\"widget\" data-widget_type=\"text-editor.default\">\n\t\t\t\t<div class=\"elementor-widget-container\">\n\t\t\t\t\t\t\t\t\t<p><span style=\"color: #ffffff;\">In addition to rentals, we also offer, through our work with <a style=\"color: #ffffff;\" href=\"https:\/\/truckpoolen.se\/\" target=\"_blank\" rel=\"noopener\">Truckpoolen G\u00f6teborg AB<\/a> also, the ability to purchase or for rent, telescopic handlers. These machines are ideal for jobs that require precise control and confident handling of the cargo.<\/span><\/p><p>\u00a0<\/p>\t\t\t\t\t\t\t\t<\/div>\n\t\t\t\t<\/div>\n\t\t\t\t<div class=\"elementor-element elementor-element-b0d217f elementor-widget elementor-widget-image\" data-id=\"b0d217f\" data-element_type=\"widget\" data-e-type=\"widget\" data-widget_type=\"image.default\">\n\t\t\t\t<div class=\"elementor-widget-container\">\n\t\t\t\t\t\t\t\t\t\t\t\t\t\t\t\t<a href=\"https:\/\/truckpoolen.se\/\" target=\"_blank\" rel=\"noopener\">\n\t\t\t\t\t\t\t<img decoding=\"async\" width=\"300\" height=\"42\" src=\"https:\/\/gostas.se\/wp-content\/uploads\/2024\/02\/truckpoolen_logo-300.webp\" class=\"attachment-large size-large wp-image-2165\" alt=\"\" srcset=\"https:\/\/gostas.se\/wp-content\/uploads\/2024\/02\/truckpoolen_logo-300.webp 300w, https:\/\/gostas.se\/wp-content\/uploads\/2024\/02\/truckpoolen_logo-300-18x3.webp 18w\" sizes=\"(max-width: 300px) 100vw, 300px\" \/>\t\t\t\t\t\t\t\t<\/a>\n\t\t\t\t\t\t\t\t\t\t\t\t\t\t\t<\/div>\n\t\t\t\t<\/div>\n\t\t\t\t\t<\/div>\n\t\t<\/div>\n\t\t\t\t\t<\/div>\n\t\t<\/section>\n\t\t\t\t<\/div>","protected":false},"excerpt":{"rendered":"<p>Lastning och lossning med Truck\/Maskin Hyr en Teleskoplastare\/roto eller truck med f\u00f6rare Oavsett om du beh\u00f6ver lasta, lossa eller lyfta material\/gods eller personer s\u00e5 beh\u00f6ver du bara ringa oss s\u00e5 hj\u00e4lper vi dig i din planering. Med v\u00e5ra teleskopslastare ka vi l\u00f6sa alla dina problem med bravur.\u00a0 V\u00e5ra f\u00f6rare har stor erfarenhet och hj\u00e4lper till [&hellip;]<\/p>\n","protected":false},"author":5,"featured_media":0,"parent":0,"menu_order":0,"comment_status":"closed","ping_status":"closed","template":"","meta":{"site-sidebar-layout":"no-sidebar","site-content-layout":"page-builder","ast-site-content-layout":"default","site-content-style":"default","site-sidebar-style":"default","ast-global-header-display":"","ast-banner-title-visibility":"","ast-main-header-display":"","ast-hfb-above-header-display":"","ast-hfb-below-header-display":"","ast-hfb-mobile-header-display":"","site-post-title":"disabled","ast-breadcrumbs-content":"","ast-featured-img":"disabled","footer-sml-layout":"","ast-disable-related-posts":"","theme-transparent-header-meta":"","adv-header-id-meta":"","stick-header-meta":"","header-above-stick-meta":"","header-main-stick-meta":"","header-below-stick-meta":"","astra-migrate-meta-layouts":"default","ast-page-background-enabled":"default","ast-page-background-meta":{"desktop":{"background-color":"","background-image":"","background-repeat":"repeat","background-position":"center center","background-size":"auto","background-attachment":"scroll","background-type":"","background-media":"","overlay-type":"","overlay-color":"","overlay-opacity":"","overlay-gradient":""},"tablet":{"background-color":"","background-image":"","background-repeat":"repeat","background-position":"center center","background-size":"auto","background-attachment":"scroll","background-type":"","background-media":"","overlay-type":"","overlay-color":"","overlay-opacity":"","overlay-gradient":""},"mobile":{"background-color":"","background-image":"","background-repeat":"repeat","background-position":"center center","background-size":"auto","background-attachment":"scroll","background-type":"","background-media":"","overlay-type":"","overlay-color":"","overlay-opacity":"","overlay-gradient":""}},"ast-content-background-meta":{"desktop":{"background-color":"var(--ast-global-color-5)","background-image":"","background-repeat":"repeat","background-position":"center center","background-size":"auto","background-attachment":"scroll","background-type":"","background-media":"","overlay-type":"","overlay-color":"","overlay-opacity":"","overlay-gradient":""},"tablet":{"background-color":"var(--ast-global-color-5)","background-image":"","background-repeat":"repeat","background-position":"center center","background-size":"auto","background-attachment":"scroll","background-type":"","background-media":"","overlay-type":"","overlay-color":"","overlay-opacity":"","overlay-gradient":""},"mobile":{"background-color":"var(--ast-global-color-5)","background-image":"","background-repeat":"repeat","background-position":"center center","background-size":"auto","background-attachment":"scroll","background-type":"","background-media":"","overlay-type":"","overlay-color":"","overlay-opacity":"","overlay-gradient":""}},"footnotes":""},"class_list":["post-1770","page","type-page","status-publish","hentry"],"_links":{"self":[{"href":"https:\/\/gostas.se\/en\/wp-json\/wp\/v2\/pages\/1770","targetHints":{"allow":["GET"]}}],"collection":[{"href":"https:\/\/gostas.se\/en\/wp-json\/wp\/v2\/pages"}],"about":[{"href":"https:\/\/gostas.se\/en\/wp-json\/wp\/v2\/types\/page"}],"author":[{"embeddable":true,"href":"https:\/\/gostas.se\/en\/wp-json\/wp\/v2\/users\/5"}],"replies":[{"embeddable":true,"href":"https:\/\/gostas.se\/en\/wp-json\/wp\/v2\/comments?post=1770"}],"version-history":[{"count":61,"href":"https:\/\/gostas.se\/en\/wp-json\/wp\/v2\/pages\/1770\/revisions"}],"predecessor-version":[{"id":2179,"href":"https:\/\/gostas.se\/en\/wp-json\/wp\/v2\/pages\/1770\/revisions\/2179"}],"wp:attachment":[{"href":"https:\/\/gostas.se\/en\/wp-json\/wp\/v2\/media?parent=1770"}],"curies":[{"name":"wp","href":"https:\/\/api.w.org\/{rel}","templated":true}]}}